{"id":581,"date":"2017-03-28T12:58:06","date_gmt":"2017-03-28T10:58:06","guid":{"rendered":"https:\/\/krets.jagareforbundet.se\/skara\/?page_id=581"},"modified":"2017-03-28T12:58:06","modified_gmt":"2017-03-28T10:58:06","slug":"jagarexamen-som-e-jakt","status":"publish","type":"page","link":"https:\/\/krets.jagareforbundet.se\/skara\/jagarexamen\/jagarexamen-som-e-jakt\/","title":{"rendered":"J\u00e4garexamen som e-Jakt"},"content":{"rendered":"<h2 align=\"center\">L\u00e4s till J\u00e4garexamen p\u00e5 n\u00e4tet<\/h2>\n<p align=\"center\">E-JAKT \u00e4r en ny utbildning fr\u00e5n Svenska J\u00e4garef\u00f6rbundet f\u00f6r dig som vill l\u00e4sa till j\u00e4garexamen p\u00e5 n\u00e4tet. Enkelt och praktiskt \u2013 hela teoridelen finns att l\u00e4sa n\u00e4r och var du sj\u00e4lv vill.<\/p>\n<p align=\"center\">Pris 1.995 kronor<\/p>\n<p align=\"center\">I priset ing\u00e5r en digital j\u00e4garskolebok med l\u00e4sh\u00e4nvisningar, videor, bildgallerier, \u00f6vningsfr\u00e5gor och studiehj\u00e4lp online samt bokningshj\u00e4lp n\u00e4r du ska ta din j\u00e4garexamen.<\/p>\n<p align=\"center\">Provet best\u00e5r av ett teoretiskt och tre olika\u00a0praktiskta prov med skytte och s\u00e4ker vapenhantering.<\/p>\n<p align=\"center\">Vill du dessutom ha den tryckta boken finns J\u00e4garboxen (d\u00e4r\u00a0ing\u00e5r \u00e4ven ljudb\u00f6cker f\u00f6r dem som har sv\u00e5rt att l\u00e4sa sj\u00e4lva) kan du k\u00f6pa den f\u00f6r 745\u00a0 kronor i J\u00e4garef\u00f6rbundets butik online. <a href=\"http:\/\/shop.textalk.se\/se\/shop.php?id=33011\">http:\/\/shop.textalk.se\/se\/shop.php?id=33011<\/a><\/p>\n<h2 align=\"center\">S\u00e5 h\u00e4r g\u00f6r du:<\/h2>\n<p>1. K\u00f6p utbildningen p\u00e5 <a href=\"http:\/\/jagareforbundet.se\/utbildning\/e-jakt\/\">http:\/\/jagareforbundet.se\/utbildning\/e-jakt\/<\/a><\/p>\n<p>2. Efter att du betalt f\u00e5r du en inloggningskod skickad till din mailadress. Koden g\u00e4ller i sex m\u00e5nader fr\u00e5n och med f\u00f6rsta inloggningsdagen.<\/p>\n<p>3. Efter att du loggat in p\u00e5 j\u00e4garexamenskursen f\u00e5r du tillg\u00e5ng till kurslitteraturen digitalt, \u00f6vningsfr\u00e5gor och l\u00e4sanvisningar samt m\u00e5nga bildspel.<\/p>\n<p>4. Det finns \u00e4ven m\u00f6jlighet att st\u00e4lla fr\u00e5gor till kunniga instrukt\u00f6rer.<\/p>\n<p>5. Det teoretiska j\u00e4garexamensprovet g\u00f6r du hos en provledare. Vi informerar \u00e4ven om var du kan tr\u00e4na och avl\u00e4gga det praktiska provet (skytte och s\u00e4ker vapenhantering).<\/p>\n","protected":false},"excerpt":{"rendered":"<p>L\u00e4s till J\u00e4garexamen p\u00e5 n\u00e4tet E-JAKT \u00e4r en ny utbildning fr\u00e5n Svenska J\u00e4garef\u00f6rbundet f\u00f6r dig som vill l\u00e4sa till j\u00e4garexamen p\u00e5 n\u00e4tet. Enkelt och praktiskt \u2013 hela teoridelen finns att l\u00e4sa n\u00e4r och var du sj\u00e4lv vill. Pris 1.995 kronor I priset ing\u00e5r en digital j\u00e4garskolebok med l\u00e4sh\u00e4nvisningar, videor, bildgallerier, \u00f6vningsfr\u00e5gor och studiehj\u00e4lp online samt [&hellip;]<\/p>\n","protected":false},"author":62,"featured_media":0,"parent":580,"menu_order":1,"comment_status":"closed","ping_status":"closed","template":"","meta":{"footnotes":""},"class_list":["post-581","page","type-page","status-publish","hentry"],"_links":{"self":[{"href":"https:\/\/krets.jagareforbundet.se\/skara\/wp-json\/wp\/v2\/pages\/581","targetHints":{"allow":["GET"]}}],"collection":[{"href":"https:\/\/krets.jagareforbundet.se\/skara\/wp-json\/wp\/v2\/pages"}],"about":[{"href":"https:\/\/krets.jagareforbundet.se\/skara\/wp-json\/wp\/v2\/types\/page"}],"author":[{"embeddable":true,"href":"https:\/\/krets.jagareforbundet.se\/skara\/wp-json\/wp\/v2\/users\/62"}],"replies":[{"embeddable":true,"href":"https:\/\/krets.jagareforbundet.se\/skara\/wp-json\/wp\/v2\/comments?post=581"}],"version-history":[{"count":0,"href":"https:\/\/krets.jagareforbundet.se\/skara\/wp-json\/wp\/v2\/pages\/581\/revisions"}],"up":[{"embeddable":true,"href":"https:\/\/krets.jagareforbundet.se\/skara\/wp-json\/wp\/v2\/pages\/580"}],"wp:attachment":[{"href":"https:\/\/krets.jagareforbundet.se\/skara\/wp-json\/wp\/v2\/media?parent=581"}],"curies":[{"name":"wp","href":"https:\/\/api.w.org\/{rel}","templated":true}]}}