{"id":582,"date":"2017-03-28T13:01:59","date_gmt":"2017-03-28T11:01:59","guid":{"rendered":"https:\/\/krets.jagareforbundet.se\/skara\/?page_id=582"},"modified":"2024-02-28T20:52:17","modified_gmt":"2024-02-28T19:52:17","slug":"hur-blir-man-medlem","status":"publish","type":"page","link":"https:\/\/krets.jagareforbundet.se\/skara\/hur-blir-man-medlem\/","title":{"rendered":"Hur blir man medlem"},"content":{"rendered":"<p>Tack vare oss p\u00e5 Svenska J\u00e4garef\u00f6rbundet och v\u00e5ra medlemmar, s\u00e5 bor du i ett av v\u00e4rldens b\u00e4sta jaktl\u00e4nder. Det \u00e4r v\u00e5rt arbete som g\u00f6r att du kan sl\u00e4ppa hunden p\u00e5 din jaktmark eller att vi har s\u00e5 gener\u00f6sa jaktider att vi i stort s\u00e4tt har n\u00e5got att jaga \u00e5ret runt!<\/p>\n<p>Vi p\u00e5 J\u00e4garef\u00f6rbundet jobbar hela tiden f\u00f6r att du ska kunna forts\u00e4tta att \u00e4ven i framtiden njuta av de jaktm\u00f6jligheter som v\u00e5rt land erbjuder, utan on\u00f6diga regleringar eller andra hinder. Ett medlemskap \u00e4r allts\u00e5 en slags f\u00f6rs\u00e4kring f\u00f6r att du ska f\u00e5 beh\u00e5lla det du haft tidigare samtidigt som du som medlem f\u00e5r en rad f\u00f6rdelar, rabatter, erbjudanden och m\u00f6jligheter som ingen j\u00e4gare vill vara utan.<\/p>\n<p>Som medlem f\u00e5r du dessutom 11 nummer av Svensk Jakt, f\u00f6rs\u00e4kringar f\u00f6r dig och dina hundar och rabatter p\u00e5 massor som h\u00f6r jakten till. L\u00e4nk till medlemssidan nedan.<\/p>\n<p><a href=\"https:\/\/jagareforbundet.se\/medlem\/\">https:\/\/jagareforbundet.se\/medlem\/<\/a><\/p>\n","protected":false},"excerpt":{"rendered":"<p>Tack vare oss p\u00e5 Svenska J\u00e4garef\u00f6rbundet och v\u00e5ra medlemmar, s\u00e5 bor du i ett av v\u00e4rldens b\u00e4sta jaktl\u00e4nder. Det \u00e4r v\u00e5rt arbete som g\u00f6r att du kan sl\u00e4ppa hunden p\u00e5 din jaktmark eller att vi har s\u00e5 gener\u00f6sa jaktider att vi i stort s\u00e4tt har n\u00e5got att jaga \u00e5ret runt! Vi p\u00e5 J\u00e4garef\u00f6rbundet jobbar hela [&hellip;]<\/p>\n","protected":false},"author":62,"featured_media":0,"parent":0,"menu_order":10,"comment_status":"closed","ping_status":"closed","template":"","meta":{"footnotes":""},"class_list":["post-582","page","type-page","status-publish","hentry"],"_links":{"self":[{"href":"https:\/\/krets.jagareforbundet.se\/skara\/wp-json\/wp\/v2\/pages\/582","targetHints":{"allow":["GET"]}}],"collection":[{"href":"https:\/\/krets.jagareforbundet.se\/skara\/wp-json\/wp\/v2\/pages"}],"about":[{"href":"https:\/\/krets.jagareforbundet.se\/skara\/wp-json\/wp\/v2\/types\/page"}],"author":[{"embeddable":true,"href":"https:\/\/krets.jagareforbundet.se\/skara\/wp-json\/wp\/v2\/users\/62"}],"replies":[{"embeddable":true,"href":"https:\/\/krets.jagareforbundet.se\/skara\/wp-json\/wp\/v2\/comments?post=582"}],"version-history":[{"count":3,"href":"https:\/\/krets.jagareforbundet.se\/skara\/wp-json\/wp\/v2\/pages\/582\/revisions"}],"predecessor-version":[{"id":1804,"href":"https:\/\/krets.jagareforbundet.se\/skara\/wp-json\/wp\/v2\/pages\/582\/revisions\/1804"}],"wp:attachment":[{"href":"https:\/\/krets.jagareforbundet.se\/skara\/wp-json\/wp\/v2\/media?parent=582"}],"curies":[{"name":"wp","href":"https:\/\/api.w.org\/{rel}","templated":true}]}}