{"id":661,"date":"2018-03-02T22:44:24","date_gmt":"2018-03-02T21:44:24","guid":{"rendered":"https:\/\/krets.jagareforbundet.se\/skara\/?page_id=661"},"modified":"2020-02-24T12:55:14","modified_gmt":"2020-02-24T11:55:14","slug":"viltolyckor","status":"publish","type":"page","link":"https:\/\/krets.jagareforbundet.se\/skara\/viltolyckor\/","title":{"rendered":"Viltolyckor Skara Kommun"},"content":{"rendered":"<p><a href=\"https:\/\/krets.jagareforbundet.se\/skara\/viltolyckor\/logotype\/\" rel=\"attachment wp-att-664\"><img loading=\"lazy\" decoding=\"async\" class=\" wp-image-664 alignright\" src=\"https:\/\/krets.jagareforbundet.se\/skara\/files\/2018\/03\/logotype.png\" alt=\"\" width=\"330\" height=\"187\" \/><\/a><a href=\"https:\/\/www.viltolycka.se\">https:\/\/www.viltolycka.se<\/a><\/p>\n<h2><\/h2>\n<h3>NVR Skara (Nationella Viltolycks R\u00e5det )<\/h3>\n<p>Vi \u00e4r 21 personer godk\u00e4nda av polis att utf\u00f6ra trafikefters\u00f6ksuppdragen i Skara . 10 st \u00e4r kontaktpersoner (de som polis ringer upp). 11 st \u00e4r efters\u00f6ksekipage som utf\u00f6r efters\u00f6ken p\u00e5 de viltslagen de \u00e4r registerade p\u00e5.<\/p>\n<p>\u00d6nskas viltolycksinformation eller andra fr\u00e5gor kontaktas samordnare i Skara.<\/p>\n<p><span style=\"color: #008000\">Samordnare NVR Skara Robert \u00c5lrud .<\/span><\/p>\n<p><span style=\"color: #008000\">Kontakt : Tel 0703900777\u00a0 E-post robert.alerud@telia.com<\/span><\/p>\n<p>&nbsp;<\/p>\n<p>&nbsp;<\/p>\n<h3><\/h3>\n","protected":false},"excerpt":{"rendered":"<p>https:\/\/www.viltolycka.se NVR Skara (Nationella Viltolycks R\u00e5det ) Vi \u00e4r 21 personer godk\u00e4nda av polis att utf\u00f6ra trafikefters\u00f6ksuppdragen i Skara . 10 st \u00e4r kontaktpersoner (de som polis ringer upp). 11 st \u00e4r efters\u00f6ksekipage som utf\u00f6r efters\u00f6ken p\u00e5 de viltslagen de \u00e4r registerade p\u00e5. \u00d6nskas viltolycksinformation eller andra fr\u00e5gor kontaktas samordnare i Skara. Samordnare NVR Skara [&hellip;]<\/p>\n","protected":false},"author":62,"featured_media":0,"parent":0,"menu_order":5,"comment_status":"closed","ping_status":"closed","template":"","meta":{"footnotes":""},"class_list":["post-661","page","type-page","status-publish","hentry"],"_links":{"self":[{"href":"https:\/\/krets.jagareforbundet.se\/skara\/wp-json\/wp\/v2\/pages\/661","targetHints":{"allow":["GET"]}}],"collection":[{"href":"https:\/\/krets.jagareforbundet.se\/skara\/wp-json\/wp\/v2\/pages"}],"about":[{"href":"https:\/\/krets.jagareforbundet.se\/skara\/wp-json\/wp\/v2\/types\/page"}],"author":[{"embeddable":true,"href":"https:\/\/krets.jagareforbundet.se\/skara\/wp-json\/wp\/v2\/users\/62"}],"replies":[{"embeddable":true,"href":"https:\/\/krets.jagareforbundet.se\/skara\/wp-json\/wp\/v2\/comments?post=661"}],"version-history":[{"count":2,"href":"https:\/\/krets.jagareforbundet.se\/skara\/wp-json\/wp\/v2\/pages\/661\/revisions"}],"predecessor-version":[{"id":1144,"href":"https:\/\/krets.jagareforbundet.se\/skara\/wp-json\/wp\/v2\/pages\/661\/revisions\/1144"}],"wp:attachment":[{"href":"https:\/\/krets.jagareforbundet.se\/skara\/wp-json\/wp\/v2\/media?parent=661"}],"curies":[{"name":"wp","href":"https:\/\/api.w.org\/{rel}","templated":true}]}}