{"id":666,"date":"2018-03-03T00:13:12","date_gmt":"2018-03-02T23:13:12","guid":{"rendered":"https:\/\/krets.jagareforbundet.se\/skara\/?page_id=666"},"modified":"2024-02-28T21:10:18","modified_gmt":"2024-02-28T20:10:18","slug":"utbildningar-kurser","status":"publish","type":"page","link":"https:\/\/krets.jagareforbundet.se\/skara\/utbildningar-kurser\/","title":{"rendered":"Utbildningar\/Kurser"},"content":{"rendered":"<blockquote><p><a href=\"https:\/\/krets.jagareforbundet.se\/skara\/nyheter\/vildsvinsgrupp-skara\/jfb-skara-logotype\/\" rel=\"attachment wp-att-778\"><img loading=\"lazy\" decoding=\"async\" class=\"alignnone size-medium wp-image-778\" src=\"https:\/\/krets.jagareforbundet.se\/skara\/files\/2018\/05\/jfb-skara-logotype-300x108.jpg\" alt=\"\" width=\"300\" height=\"108\" \/><\/a><a href=\"https:\/\/krets.jagareforbundet.se\/skara\/jagarexamen\/studieframjandet\/\" rel=\"attachment wp-att-883\"><img loading=\"lazy\" decoding=\"async\" class=\"wp-image-883 alignright\" src=\"https:\/\/krets.jagareforbundet.se\/skara\/files\/2019\/02\/studieframjandet.png\" alt=\"\" width=\"185\" height=\"104\" \/><\/a><\/p><\/blockquote>\n<p>&nbsp;<\/p>\n<p>J\u00e4garef\u00f6rbundet har sedan l\u00e4nge ett samarbete med studiefr\u00e4mjandet. Undrar ni n\u00e5got om studiecirklar kontakta studiefr\u00e4mjandet Caroline Karlqvist &#8211; caroline.karlqvist@studieframjandet.se\u00a0 \u00a0tel 0510- 77 90 45<\/p>\n<p>Allt fr\u00e5n dressyrkurser till v\u00e5rd i det vilda ifall olyckan \u00e4r framme. Jaktledarutbildning , viltunders\u00f6kare och vildsvinsjakt \u00e4r ocks\u00e5 n\u00e5gra exempel p\u00e5 omr\u00e5den du kan se till att utbilda dig inom. Lokala kurser kan ocks\u00e5 komma att skapas ,dessa l\u00e4ggs upp och informeras om enskilt p\u00e5 hemsidan.<\/p>\n<p>H\u00e5kan Pettersson<\/p>\n<p>&nbsp;<\/p>\n<p>&nbsp;<\/p>\n<p>&nbsp;<\/p>\n<p>&nbsp;<\/p>\n","protected":false},"excerpt":{"rendered":"<p>&nbsp; J\u00e4garef\u00f6rbundet har sedan l\u00e4nge ett samarbete med studiefr\u00e4mjandet. Undrar ni n\u00e5got om studiecirklar kontakta studiefr\u00e4mjandet Caroline Karlqvist &#8211; caroline.karlqvist@studieframjandet.se\u00a0 \u00a0tel 0510- 77 90 45 Allt fr\u00e5n dressyrkurser till v\u00e5rd i det vilda ifall olyckan \u00e4r framme. Jaktledarutbildning , viltunders\u00f6kare och vildsvinsjakt \u00e4r ocks\u00e5 n\u00e5gra exempel p\u00e5 omr\u00e5den du kan se till att utbilda dig [&hellip;]<\/p>\n","protected":false},"author":62,"featured_media":0,"parent":0,"menu_order":9,"comment_status":"closed","ping_status":"closed","template":"","meta":{"footnotes":""},"class_list":["post-666","page","type-page","status-publish","hentry"],"_links":{"self":[{"href":"https:\/\/krets.jagareforbundet.se\/skara\/wp-json\/wp\/v2\/pages\/666","targetHints":{"allow":["GET"]}}],"collection":[{"href":"https:\/\/krets.jagareforbundet.se\/skara\/wp-json\/wp\/v2\/pages"}],"about":[{"href":"https:\/\/krets.jagareforbundet.se\/skara\/wp-json\/wp\/v2\/types\/page"}],"author":[{"embeddable":true,"href":"https:\/\/krets.jagareforbundet.se\/skara\/wp-json\/wp\/v2\/users\/62"}],"replies":[{"embeddable":true,"href":"https:\/\/krets.jagareforbundet.se\/skara\/wp-json\/wp\/v2\/comments?post=666"}],"version-history":[{"count":3,"href":"https:\/\/krets.jagareforbundet.se\/skara\/wp-json\/wp\/v2\/pages\/666\/revisions"}],"predecessor-version":[{"id":1812,"href":"https:\/\/krets.jagareforbundet.se\/skara\/wp-json\/wp\/v2\/pages\/666\/revisions\/1812"}],"wp:attachment":[{"href":"https:\/\/krets.jagareforbundet.se\/skara\/wp-json\/wp\/v2\/media?parent=666"}],"curies":[{"name":"wp","href":"https:\/\/api.w.org\/{rel}","templated":true}]}}