{"id":707,"date":"2018-03-28T08:16:18","date_gmt":"2018-03-28T06:16:18","guid":{"rendered":"https:\/\/krets.jagareforbundet.se\/skara\/?page_id=707"},"modified":"2023-03-20T21:50:15","modified_gmt":"2023-03-20T20:50:15","slug":"skytte-2","status":"publish","type":"page","link":"https:\/\/krets.jagareforbundet.se\/skara\/skytte-2\/","title":{"rendered":"Skytte"},"content":{"rendered":"<div class=\"mceTemp\">\n<p><a href=\"https:\/\/krets.jagareforbundet.se\/skara\/valkommen-till-skara-kretsen\/20190709_170857\/\" rel=\"attachment wp-att-941\"><img loading=\"lazy\" decoding=\"async\" class=\"size-medium wp-image-941\" src=\"https:\/\/krets.jagareforbundet.se\/skara\/files\/2019\/07\/20190709_170857-e1562706374230-225x300.jpg\" alt=\"\" width=\"225\" height=\"300\" \/><\/a><\/p>\n<p>Foto:Bj\u00f6rn Blomberg<\/p>\n<p style=\"text-align: left\">Skytteansvariga f\u00f6r JFB Skaras r\u00e4kning\u00a0 kan kontaktas vid skytte relaterade fr\u00e5gor. H\u00e4r nedan finns att l\u00e4nka vidare till J\u00e4garef\u00f6rbundets webjaktskola d\u00e4r man kan \u00f6vningsskjuta p\u00e5 3 olika vilt och se tr\u00e4ffomr\u00e5dena.<\/p>\n<p><span style=\"color: #339966\">Erik Hultqvist och Ingrid Brodin\u00a0<\/span><\/p>\n<p><em>Kontakt uppgifter under styrelsen<\/em><\/p>\n<p>&nbsp;<\/p>\n<p><a href=\"https:\/\/jagareforbundet.se\/utbildning\/webbjaktskolan\/\">https:\/\/jagareforbundet.se\/utbildning\/webbjaktskolan\/<\/a><\/p>\n<p>Mer ocks\u00e5 att l\u00e4sa om ammunition och dess verkan, olika hagelladdningar samt kulammunition osv<\/p>\n<p><span style=\"color: #ff0000\"><a style=\"color: #ff0000\" href=\"https:\/\/krets.jagareforbundet.se\/skara\/skytte-2\/ammunition-och-ballistik\/\" rel=\"attachment wp-att-708\">Ammunition och ballistik<\/a><\/span><\/p>\n<p><span style=\"color: #ff0000\"><a style=\"color: #ff0000\" href=\"https:\/\/krets.jagareforbundet.se\/skara\/skytte-2\/kort-information-ammunition\/\" rel=\"attachment wp-att-709\">Kort information ammunition<\/a><\/span><!--more--><\/p>\n<\/div>\n","protected":false},"excerpt":{"rendered":"<p>Foto:Bj\u00f6rn Blomberg Skytteansvariga f\u00f6r JFB Skaras r\u00e4kning\u00a0 kan kontaktas vid skytte relaterade fr\u00e5gor. H\u00e4r nedan finns att l\u00e4nka vidare till J\u00e4garef\u00f6rbundets webjaktskola d\u00e4r man kan \u00f6vningsskjuta p\u00e5 3 olika vilt och se tr\u00e4ffomr\u00e5dena. Erik Hultqvist och Ingrid Brodin\u00a0 Kontakt uppgifter under styrelsen &nbsp; https:\/\/jagareforbundet.se\/utbildning\/webbjaktskolan\/ Mer ocks\u00e5 att l\u00e4sa om ammunition och dess verkan, olika hagelladdningar [&hellip;]<\/p>\n","protected":false},"author":62,"featured_media":0,"parent":0,"menu_order":6,"comment_status":"closed","ping_status":"closed","template":"","meta":{"footnotes":""},"class_list":["post-707","page","type-page","status-publish","hentry"],"_links":{"self":[{"href":"https:\/\/krets.jagareforbundet.se\/skara\/wp-json\/wp\/v2\/pages\/707","targetHints":{"allow":["GET"]}}],"collection":[{"href":"https:\/\/krets.jagareforbundet.se\/skara\/wp-json\/wp\/v2\/pages"}],"about":[{"href":"https:\/\/krets.jagareforbundet.se\/skara\/wp-json\/wp\/v2\/types\/page"}],"author":[{"embeddable":true,"href":"https:\/\/krets.jagareforbundet.se\/skara\/wp-json\/wp\/v2\/users\/62"}],"replies":[{"embeddable":true,"href":"https:\/\/krets.jagareforbundet.se\/skara\/wp-json\/wp\/v2\/comments?post=707"}],"version-history":[{"count":3,"href":"https:\/\/krets.jagareforbundet.se\/skara\/wp-json\/wp\/v2\/pages\/707\/revisions"}],"predecessor-version":[{"id":1666,"href":"https:\/\/krets.jagareforbundet.se\/skara\/wp-json\/wp\/v2\/pages\/707\/revisions\/1666"}],"wp:attachment":[{"href":"https:\/\/krets.jagareforbundet.se\/skara\/wp-json\/wp\/v2\/media?parent=707"}],"curies":[{"name":"wp","href":"https:\/\/api.w.org\/{rel}","templated":true}]}}