{"id":785,"date":"2018-06-05T00:09:31","date_gmt":"2018-06-04T22:09:31","guid":{"rendered":"https:\/\/krets.jagareforbundet.se\/skara\/?page_id=785"},"modified":"2025-02-05T21:20:06","modified_gmt":"2025-02-05T20:20:06","slug":"vildsvinsgrupp-skara","status":"publish","type":"page","link":"https:\/\/krets.jagareforbundet.se\/skara\/vildsvinsgrupp-skara\/","title":{"rendered":"Vildsvinsgrupp Skara"},"content":{"rendered":"<p>&nbsp;<\/p>\n<p>Ett samarbete mellan J\u00e4garef\u00f6rbundet Skara och LRF Skara<\/p>\n<p>Denna vildsvinsgrupp \u00e4r t\u00e4nkt att fungera som hj\u00e4lp f\u00f6r fr\u00e4mst mark\u00e4gare\/lantbrukare att s\u00f6ka kontakt\/hj\u00e4lp vid vildsvinsfr\u00e5gor i Skara. Mindre tomt\/fastighets\u00e4gare \u00e4r givetvis ocks\u00e5 v\u00e4lkomna att h\u00f6ra av sig ifall man har funderingar kring vildsvin.<\/p>\n<p>Vid behov \u00e4r det ansvariga f\u00f6r LRF eller J\u00e4garef\u00f6rbundet som ska kontaktas.<\/p>\n<p>OBS!\u00a0Att t\u00e4nka p\u00e5 som mark\u00e4gare vid problem med vildsvin \u00e4r att ifall jakten \u00e4r utarrenderad, de j\u00e4gare\/jaktlag som arrenderar jakten skall f\u00f6rst och fr\u00e4mst gemensamt med mark\u00e4garen komma fram till hur man ska hantera problemen innan vildsvinsgruppen kontaktas.<\/p>\n<p>\u00c4ven j\u00e4gare som inte sj\u00e4lva har vildsvinshund kan kontakta gruppen innan jakt och s\u00e4kerst\u00e4lla att man har en tr\u00e4nad hund f\u00f6r ett ev efters\u00f6k.<\/p>\n<p>&nbsp;<\/p>\n<p><strong><u>Kontakter Vildsvinsgrupp<\/u><\/strong><\/p>\n<p>Ansvariga J\u00e4garef\u00f6rbundet Skara:<\/p>\n<p>Sven Olof Larsson 0703996465 svenolofl@hotmail.com<\/p>\n<p>Dennis Wallgren 0761877043 denniswallgren@hotmail.com<\/p>\n<p>&nbsp;<\/p>\n<p><strong>Ansvarig LRF Skara<\/strong><\/p>\n<p>Fredrik Bengtsson 0705740150 <a href=\"mailto:beaglebengtsson@gmail.com\">beaglebengtsson@gmail.com<\/a><\/p>\n<p>&nbsp;<\/p>\n<p><strong>Vildsvinsefters\u00f6k<\/strong><\/p>\n<p>OBS! Kontakt om efters\u00f6ksekipage \u00e4r tillg\u00e4nglig skall g\u00f6ras innan jakttillf\u00e4lle .<\/p>\n<p>Sven Olof Larsson 0703996465<\/p>\n<p>Tonie Bielkenhoff 0704221041<\/p>\n<p>Fredrik Bengtsson 0705740150<\/p>\n<p>Linus Bengtsson 0703786354<\/p>\n","protected":false},"excerpt":{"rendered":"<p>&nbsp; Ett samarbete mellan J\u00e4garef\u00f6rbundet Skara och LRF Skara Denna vildsvinsgrupp \u00e4r t\u00e4nkt att fungera som hj\u00e4lp f\u00f6r fr\u00e4mst mark\u00e4gare\/lantbrukare att s\u00f6ka kontakt\/hj\u00e4lp vid vildsvinsfr\u00e5gor i Skara. Mindre tomt\/fastighets\u00e4gare \u00e4r givetvis ocks\u00e5 v\u00e4lkomna att h\u00f6ra av sig ifall man har funderingar kring vildsvin. Vid behov \u00e4r det ansvariga f\u00f6r LRF eller J\u00e4garef\u00f6rbundet som ska kontaktas. [&hellip;]<\/p>\n","protected":false},"author":62,"featured_media":0,"parent":0,"menu_order":6,"comment_status":"closed","ping_status":"closed","template":"","meta":{"footnotes":""},"class_list":["post-785","page","type-page","status-publish","hentry"],"_links":{"self":[{"href":"https:\/\/krets.jagareforbundet.se\/skara\/wp-json\/wp\/v2\/pages\/785","targetHints":{"allow":["GET"]}}],"collection":[{"href":"https:\/\/krets.jagareforbundet.se\/skara\/wp-json\/wp\/v2\/pages"}],"about":[{"href":"https:\/\/krets.jagareforbundet.se\/skara\/wp-json\/wp\/v2\/types\/page"}],"author":[{"embeddable":true,"href":"https:\/\/krets.jagareforbundet.se\/skara\/wp-json\/wp\/v2\/users\/62"}],"replies":[{"embeddable":true,"href":"https:\/\/krets.jagareforbundet.se\/skara\/wp-json\/wp\/v2\/comments?post=785"}],"version-history":[{"count":4,"href":"https:\/\/krets.jagareforbundet.se\/skara\/wp-json\/wp\/v2\/pages\/785\/revisions"}],"predecessor-version":[{"id":2004,"href":"https:\/\/krets.jagareforbundet.se\/skara\/wp-json\/wp\/v2\/pages\/785\/revisions\/2004"}],"wp:attachment":[{"href":"https:\/\/krets.jagareforbundet.se\/skara\/wp-json\/wp\/v2\/media?parent=785"}],"curies":[{"name":"wp","href":"https:\/\/api.w.org\/{rel}","templated":true}]}}