{"id":148,"date":"2021-08-08T21:13:53","date_gmt":"2021-08-08T19:13:53","guid":{"rendered":"https:\/\/krets.jagareforbundet.se\/skelleftea\/?page_id=148"},"modified":"2021-08-12T14:26:15","modified_gmt":"2021-08-12T12:26:15","slug":"bli-medlem","status":"publish","type":"page","link":"https:\/\/krets.jagareforbundet.se\/skelleftea\/bli-medlem\/","title":{"rendered":"Bli medlem"},"content":{"rendered":"<p>G\u00e5 in p\u00e5 nedanst\u00e5ende l\u00e4nk s\u00e5 hittar du uppgifter p\u00e5 olika medlemsalternativ och ans\u00f6kningsblankett.<\/p>\n<p><a href=\"http:\/\/jagareforbundet.se\/norr\/vasterbottens-lan\/jagareforbundet-vasterbotten\/medlem\/\">http:\/\/jagareforbundet.se\/norr\/vasterbottens-lan\/jagareforbundet-vasterbotten\/medlem\/<\/a><\/p>\n","protected":false},"excerpt":{"rendered":"<p>G\u00e5 in p\u00e5 nedanst\u00e5ende l\u00e4nk s\u00e5 hittar du uppgifter p\u00e5 olika medlemsalternativ och ans\u00f6kningsblankett. http:\/\/jagareforbundet.se\/norr\/vasterbottens-lan\/jagareforbundet-vasterbotten\/medlem\/<\/p>\n","protected":false},"author":293,"featured_media":160,"parent":0,"menu_order":0,"comment_status":"closed","ping_status":"closed","template":"","meta":{"jetpack_post_was_ever_published":false,"footnotes":""},"class_list":["post-148","page","type-page","status-publish","has-post-thumbnail","hentry"],"jetpack_sharing_enabled":true,"_links":{"self":[{"href":"https:\/\/krets.jagareforbundet.se\/skelleftea\/wp-json\/wp\/v2\/pages\/148","targetHints":{"allow":["GET"]}}],"collection":[{"href":"https:\/\/krets.jagareforbundet.se\/skelleftea\/wp-json\/wp\/v2\/pages"}],"about":[{"href":"https:\/\/krets.jagareforbundet.se\/skelleftea\/wp-json\/wp\/v2\/types\/page"}],"author":[{"embeddable":true,"href":"https:\/\/krets.jagareforbundet.se\/skelleftea\/wp-json\/wp\/v2\/users\/293"}],"replies":[{"embeddable":true,"href":"https:\/\/krets.jagareforbundet.se\/skelleftea\/wp-json\/wp\/v2\/comments?post=148"}],"version-history":[{"count":2,"href":"https:\/\/krets.jagareforbundet.se\/skelleftea\/wp-json\/wp\/v2\/pages\/148\/revisions"}],"predecessor-version":[{"id":161,"href":"https:\/\/krets.jagareforbundet.se\/skelleftea\/wp-json\/wp\/v2\/pages\/148\/revisions\/161"}],"wp:featuredmedia":[{"embeddable":true,"href":"https:\/\/krets.jagareforbundet.se\/skelleftea\/wp-json\/wp\/v2\/media\/160"}],"wp:attachment":[{"href":"https:\/\/krets.jagareforbundet.se\/skelleftea\/wp-json\/wp\/v2\/media?parent=148"}],"curies":[{"name":"wp","href":"https:\/\/api.w.org\/{rel}","templated":true}]}}