{"id":152,"date":"2025-07-10T21:47:52","date_gmt":"2025-07-10T19:47:52","guid":{"rendered":"https:\/\/krets.jagareforbundet.se\/skelleftea\/?page_id=152"},"modified":"2025-07-29T07:24:08","modified_gmt":"2025-07-29T05:24:08","slug":"skjutbanan-vargmyran","status":"publish","type":"page","link":"https:\/\/krets.jagareforbundet.se\/skelleftea\/skjutbanan-vargmyran\/","title":{"rendered":"Skjutbanan Vargmyran 2025"},"content":{"rendered":"<p><strong>\u00c4lgbanan<\/strong> \u00e4r \u00f6ppen:<\/p>\n<p>Tisdag,Onsdag och Torsdag 18:00-20:00 i Augusti<\/p>\n<p><strong>Trapbanan<\/strong> \u00e4r \u00f6ppen:<\/p>\n<p>M\u00e5ndag och Torsdag 18:00-20:00 i Augusti<\/p>\n<p>Till och med 21 Augusti<\/p>\n<p><strong>Bj\u00f6rnskytte<\/strong>:<\/p>\n<p>Onsdag 6 Augusti 16:00-18:00<\/p>\n<p>Onsdag 13 Augusti 16:00-18:00<\/p>\n<p><strong>Tjejkv\u00e4llar: <\/strong>4 Augusti 18:00-20:00<\/p>\n<p>H\u00e5ll koll p\u00e5 facebooksidan.<\/p>\n<p><strong>22-banan: <\/strong>Ej fastst\u00e4llt<\/p>\n<p>Inget skytte under s\u00f6ndagar och r\u00f6da helgdagar<\/p>\n<p>&nbsp;<\/p>\n<p><span style=\"color: #ff0000\"><strong>Skyttepriser 2025<\/strong><\/span><\/p>\n<p><strong>\u00c4lgbanan<\/strong><\/p>\n<p>70 kr\/serie (med ammunition, 4 patroner)<\/p>\n<p>20 kr\/serie (med egen ammunition)<\/p>\n<p>15 kr\/serie (f\u00f6r medlemmar med egen ammunition)<\/p>\n<p>Intyg 20 kr (gratis f\u00f6r medlemmar)<\/p>\n<p><strong>Bj\u00f6rnpasset<\/strong><\/p>\n<p>200 kr\/prov ( med egen ammunition )<\/p>\n<p><strong>Trapbanan<\/strong><\/p>\n<p>130 kr\/serie (25 patroner)<\/p>\n<p>60 kr\/serie (med egen ammunition)<\/p>\n<p>50 kr\/serie (f\u00f6r medlemmar med egen ammunition)<\/p>\n<p><strong>Jaktlag kan hyra banan f\u00f6r 700kr\/tim<\/strong><\/p>\n","protected":false},"excerpt":{"rendered":"<p>\u00c4lgbanan \u00e4r \u00f6ppen: Tisdag,Onsdag och Torsdag 18:00-20:00 i Augusti Trapbanan \u00e4r \u00f6ppen: M\u00e5ndag och Torsdag 18:00-20:00 i Augusti Till och med 21 Augusti Bj\u00f6rnskytte: Onsdag 6 Augusti 16:00-18:00 Onsdag 13 Augusti 16:00-18:00 Tjejkv\u00e4llar: 4 Augusti 18:00-20:00 H\u00e5ll koll p\u00e5 facebooksidan. 22-banan: Ej fastst\u00e4llt Inget skytte under s\u00f6ndagar och r\u00f6da helgdagar &nbsp; Skyttepriser 2025 \u00c4lgbanan 70 [&hellip;]<\/p>\n","protected":false},"author":293,"featured_media":154,"parent":0,"menu_order":0,"comment_status":"closed","ping_status":"closed","template":"","meta":{"jetpack_post_was_ever_published":false,"footnotes":""},"class_list":["post-152","page","type-page","status-publish","has-post-thumbnail","hentry"],"jetpack_sharing_enabled":true,"_links":{"self":[{"href":"https:\/\/krets.jagareforbundet.se\/skelleftea\/wp-json\/wp\/v2\/pages\/152","targetHints":{"allow":["GET"]}}],"collection":[{"href":"https:\/\/krets.jagareforbundet.se\/skelleftea\/wp-json\/wp\/v2\/pages"}],"about":[{"href":"https:\/\/krets.jagareforbundet.se\/skelleftea\/wp-json\/wp\/v2\/types\/page"}],"author":[{"embeddable":true,"href":"https:\/\/krets.jagareforbundet.se\/skelleftea\/wp-json\/wp\/v2\/users\/293"}],"replies":[{"embeddable":true,"href":"https:\/\/krets.jagareforbundet.se\/skelleftea\/wp-json\/wp\/v2\/comments?post=152"}],"version-history":[{"count":3,"href":"https:\/\/krets.jagareforbundet.se\/skelleftea\/wp-json\/wp\/v2\/pages\/152\/revisions"}],"predecessor-version":[{"id":354,"href":"https:\/\/krets.jagareforbundet.se\/skelleftea\/wp-json\/wp\/v2\/pages\/152\/revisions\/354"}],"wp:featuredmedia":[{"embeddable":true,"href":"https:\/\/krets.jagareforbundet.se\/skelleftea\/wp-json\/wp\/v2\/media\/154"}],"wp:attachment":[{"href":"https:\/\/krets.jagareforbundet.se\/skelleftea\/wp-json\/wp\/v2\/media?parent=152"}],"curies":[{"name":"wp","href":"https:\/\/api.w.org\/{rel}","templated":true}]}}