{"id":162,"date":"2021-11-02T13:37:24","date_gmt":"2021-11-02T12:37:24","guid":{"rendered":"https:\/\/krets.jagareforbundet.se\/skelleftea\/?page_id=162"},"modified":"2021-11-02T13:37:24","modified_gmt":"2021-11-02T12:37:24","slug":"skjutbaneinstruktion-algskytte-vargmyrans-jaktskyttebana","status":"publish","type":"page","link":"https:\/\/krets.jagareforbundet.se\/skelleftea\/skjutbanan-vargmyran\/skjutbaneinstruktion-algskytte-vargmyrans-jaktskyttebana\/","title":{"rendered":"Skjutbaneinstruktion \u00c4lgskytte Vargmyrans jaktskyttebana"},"content":{"rendered":"<p>&nbsp;<\/p>\n<p><strong>Banan \u00e4gs av <\/strong>J\u00e4garef\u00f6rbundet Skellefte\u00e5. Tillst\u00e5nden f\u00f6r banan \u00e4r utst\u00e4llda p\u00e5 jaktv\u00e5rdskretsen som \u00e4r ansvarig f\u00f6r verksamheten vid anl\u00e4ggningen.<\/p>\n<p><strong>Skjutbanechef<\/strong> \u00e4r Dick Lindstr\u00f6m, L\u00e5ngn\u00e4sudden 218, 934 91 K\u00e5ge, tel 070-276 05 75<\/p>\n<p><strong>S\u00e4kerhetsansvarig<\/strong> \u00e4r Lars Hedqvist, Tj\u00e4rn 211, 931 91 Skellefte\u00e5, tel 070-625 22 53<\/p>\n<p><strong>Ber\u00e4ttigade att anv\u00e4nda banan<\/strong> \u00e4r medlemmar i j\u00e4garef\u00f6rbundet i Skellefte\u00e5 samt deltagare inbjudna av f\u00f6reningen i samband med tr\u00e4ning och t\u00e4vling.<\/p>\n<p><strong>Till\u00e5tna skjuttider<\/strong> \u00e4r m\u00e5ndag-torsdag 09:00-21:00. fredag 09:00-18:00 samt l\u00f6rdag 9:00-15:00.<\/p>\n<p><strong>Banan \u00e4r st\u00e4ngd<\/strong> f\u00f6r all skjutning p\u00e5 s\u00f6ndagar samt under hela juli m\u00e5nad.<\/p>\n<p><strong>Till\u00e5tna vapen<\/strong> finkalibriga skjutvapen. Endast ammunition avsedd f\u00f6r \u00f6vningsskytte f\u00e5r anv\u00e4ndas.<\/p>\n<p><strong>Till\u00e5tna skjutplatser<\/strong> \u00e4r f\u00f6r \u00e4ndam\u00e5let ordnade platser i skjutkuren. I samband med utbildnings- och provverksamhet kan ansvarig utbildare v\u00e4lja annan skjutplats n\u00e4rmare skjutvallen.<\/p>\n<p><strong>Till\u00e5tna skjutriktningar<\/strong> \u00e4r endast fr\u00e5n respektive skjutplats mot tavlor med skjutvallen som kulf\u00e5ng.<\/p>\n<p><strong>Skjutledare<\/strong> m\u00e5ste finnas utsedd d\u00e5 tv\u00e5 eller fler skyttar skjuter.<\/p>\n<p><strong>Sjukv\u00e5rdsutrustning<\/strong> finns i form av f\u00f6rsta f\u00f6rband vid skjutledaren.<\/p>\n<p><strong>Till\u00e5tna m\u00e5l och placeringar<\/strong> m\u00e5ste best\u00e4mmas innan skjutning. M\u00e5l f\u00e5r placeras endast i avsedda st\u00e4ll eller direkt i kulf\u00e5nget eller p\u00e5 marken omedelbart hitom m\u00e5lst\u00e4llen. dock ska avst\u00e5ndet fr\u00e5n m\u00e5lets centrum och kulf\u00e5ngskr\u00f6net vara minst tv\u00e5 meter. Skjutning f\u00e5r endast ske mot av f\u00f6reningen godk\u00e4nd m\u00e5lmateriel.<\/p>\n<p>&nbsp;<\/p>\n<p>Vi \u00f6nskar att alla som ska till och fr\u00e5n skjutbanan respekterar hastighetsbegr\u00e4nsningarna och k\u00f6r f\u00f6rsiktigt genom byn.<\/p>\n<p>&nbsp;<\/p>\n<p><strong>J\u00e4garef\u00f6rbundet Skellefte\u00e5<\/strong><\/p>\n<p>&nbsp;<\/p>\n<p>Lars Hedqvist, S\u00e4kerhetsansvarig\u00a0 \u00a0 \u00a0 \u00a0 \u00a0 \u00a0 \u00a0 \u00a0 \u00a0 \u00a0 \u00a0 \u00a0 \u00a0 \u00a0 \u00a0 \u00a0 \u00a0 \u00a0 \u00a0 \u00a0 \u00a0 \u00a0 \u00a0 \u00a0 \u00a0 \u00a0 \u00a0 \u00a0 \u00a0 \u00a0 \u00a0 \u00a0 \u00a0 \u00a0 \u00a0 \u00a0 Dick Lindstr\u00f6m, skjutbanechef<\/p>\n<p>&nbsp;<\/p>\n<p>&nbsp;<\/p>\n<p>&nbsp;<\/p>\n<p>&nbsp;<\/p>\n","protected":false},"excerpt":{"rendered":"<p>&nbsp; Banan \u00e4gs av J\u00e4garef\u00f6rbundet Skellefte\u00e5. Tillst\u00e5nden f\u00f6r banan \u00e4r utst\u00e4llda p\u00e5 jaktv\u00e5rdskretsen som \u00e4r ansvarig f\u00f6r verksamheten vid anl\u00e4ggningen. Skjutbanechef \u00e4r Dick Lindstr\u00f6m, L\u00e5ngn\u00e4sudden 218, 934 91 K\u00e5ge, tel 070-276 05 75 S\u00e4kerhetsansvarig \u00e4r Lars Hedqvist, Tj\u00e4rn 211, 931 91 Skellefte\u00e5, tel 070-625 22 53 Ber\u00e4ttigade att anv\u00e4nda banan \u00e4r medlemmar i j\u00e4garef\u00f6rbundet i [&hellip;]<\/p>\n","protected":false},"author":293,"featured_media":0,"parent":152,"menu_order":0,"comment_status":"closed","ping_status":"closed","template":"","meta":{"jetpack_post_was_ever_published":false,"footnotes":""},"class_list":["post-162","page","type-page","status-publish","hentry"],"jetpack_sharing_enabled":true,"_links":{"self":[{"href":"https:\/\/krets.jagareforbundet.se\/skelleftea\/wp-json\/wp\/v2\/pages\/162","targetHints":{"allow":["GET"]}}],"collection":[{"href":"https:\/\/krets.jagareforbundet.se\/skelleftea\/wp-json\/wp\/v2\/pages"}],"about":[{"href":"https:\/\/krets.jagareforbundet.se\/skelleftea\/wp-json\/wp\/v2\/types\/page"}],"author":[{"embeddable":true,"href":"https:\/\/krets.jagareforbundet.se\/skelleftea\/wp-json\/wp\/v2\/users\/293"}],"replies":[{"embeddable":true,"href":"https:\/\/krets.jagareforbundet.se\/skelleftea\/wp-json\/wp\/v2\/comments?post=162"}],"version-history":[{"count":3,"href":"https:\/\/krets.jagareforbundet.se\/skelleftea\/wp-json\/wp\/v2\/pages\/162\/revisions"}],"predecessor-version":[{"id":183,"href":"https:\/\/krets.jagareforbundet.se\/skelleftea\/wp-json\/wp\/v2\/pages\/162\/revisions\/183"}],"up":[{"embeddable":true,"href":"https:\/\/krets.jagareforbundet.se\/skelleftea\/wp-json\/wp\/v2\/pages\/152"}],"wp:attachment":[{"href":"https:\/\/krets.jagareforbundet.se\/skelleftea\/wp-json\/wp\/v2\/media?parent=162"}],"curies":[{"name":"wp","href":"https:\/\/api.w.org\/{rel}","templated":true}]}}