{"id":218,"date":"2022-01-09T17:42:05","date_gmt":"2022-01-09T16:42:05","guid":{"rendered":"https:\/\/krets.jagareforbundet.se\/skelleftea\/?page_id=218"},"modified":"2022-01-09T17:42:05","modified_gmt":"2022-01-09T16:42:05","slug":"facebook","status":"publish","type":"page","link":"https:\/\/krets.jagareforbundet.se\/skelleftea\/facebook\/","title":{"rendered":"Facebook"},"content":{"rendered":"<div class=\"fb-page\" data-href=\"https:\/\/www.facebook.com\/J%C3%A4garef%C3%B6rbundet-Skellefte%C3%A5-107716671798371\/\" data-tabs=\"timeline\" data-width=\"400\" data-height=\"550\" data-small-header=\"false\" data-adapt-container-width=\"true\" data-hide-cover=\"false\" data-show-facepile=\"true\">\n<blockquote cite=\"https:\/\/www.facebook.com\/J%C3%A4garef%C3%B6rbundet-Skellefte%C3%A5-107716671798371\/\" class=\"fb-xfbml-parse-ignore\"><p><a href=\"https:\/\/www.facebook.com\/J%C3%A4garef%C3%B6rbundet-Skellefte%C3%A5-107716671798371\/\">J\u00e4garef\u00f6rbundet Skellefte\u00e5<\/a><\/p><\/blockquote>\n<\/div>\n","protected":false},"excerpt":{"rendered":"<p>J\u00e4garef\u00f6rbundet Skellefte\u00e5<\/p>\n","protected":false},"author":293,"featured_media":0,"parent":0,"menu_order":0,"comment_status":"closed","ping_status":"closed","template":"","meta":{"jetpack_post_was_ever_published":false,"footnotes":""},"class_list":["post-218","page","type-page","status-publish","hentry"],"jetpack_sharing_enabled":true,"_links":{"self":[{"href":"https:\/\/krets.jagareforbundet.se\/skelleftea\/wp-json\/wp\/v2\/pages\/218","targetHints":{"allow":["GET"]}}],"collection":[{"href":"https:\/\/krets.jagareforbundet.se\/skelleftea\/wp-json\/wp\/v2\/pages"}],"about":[{"href":"https:\/\/krets.jagareforbundet.se\/skelleftea\/wp-json\/wp\/v2\/types\/page"}],"author":[{"embeddable":true,"href":"https:\/\/krets.jagareforbundet.se\/skelleftea\/wp-json\/wp\/v2\/users\/293"}],"replies":[{"embeddable":true,"href":"https:\/\/krets.jagareforbundet.se\/skelleftea\/wp-json\/wp\/v2\/comments?post=218"}],"version-history":[{"count":1,"href":"https:\/\/krets.jagareforbundet.se\/skelleftea\/wp-json\/wp\/v2\/pages\/218\/revisions"}],"predecessor-version":[{"id":219,"href":"https:\/\/krets.jagareforbundet.se\/skelleftea\/wp-json\/wp\/v2\/pages\/218\/revisions\/219"}],"wp:attachment":[{"href":"https:\/\/krets.jagareforbundet.se\/skelleftea\/wp-json\/wp\/v2\/media?parent=218"}],"curies":[{"name":"wp","href":"https:\/\/api.w.org\/{rel}","templated":true}]}}