{"id":130,"date":"2014-03-07T15:25:43","date_gmt":"2014-03-07T14:25:43","guid":{"rendered":"https:\/\/krets.jagareforbundet.se\/skovde\/?page_id=130"},"modified":"2025-05-14T18:57:36","modified_gmt":"2025-05-14T16:57:36","slug":"jagarexamen","status":"publish","type":"page","link":"https:\/\/krets.jagareforbundet.se\/skovde\/utbildning\/jagarexamen\/","title":{"rendered":"J\u00e4garexamen"},"content":{"rendered":"<p>\u00c4r du intresserad av att bli j\u00e4gare eller bara vill l\u00e4ra dig mer om Djur och Natur \u00a0och ta J\u00e4garexamen?<\/p>\n<p>Varf\u00f6r j\u00e4garexamen?<\/p>\n<ul>\n<li>Din f\u00f6ruts\u00e4ttning f\u00f6r att kunna k\u00f6pa\u00a0 och b\u00f6rja jaga med jaktvapen.<\/li>\n<li>En bra utbildning f\u00f6r att f\u00f6rst\u00e5 samspelet i naturen och att\u00a0 l\u00e4ra Dig mer om den svenska faunan.<\/li>\n<li>En bra utbildning f\u00f6r att kunna bedriva jaktskytte p\u00e5 ett s\u00e4kert s\u00e4tt och minska risker f\u00f6r skadeskjutning och olyckor.<\/li>\n<li>Ett utm\u00e4rkt s\u00e4tt att umg\u00e5s, skapa kontakter och trivas.<\/li>\n<\/ul>\n<p><a href=\"http:\/\/www.studieframjandet.se\/norraskaraborg\">http:\/\/www.studieframjandet.se\/norraskaraborg<\/a><\/p>\n<p>Kostnader f\u00f6r\u00a0 Grundkurs teori och praktik, Priser p\u00e5 J\u00e4garskolans b\u00f6cker och kursavgift f\u00e5r du reda p\u00e5 via Studiefr\u00e4mjandet. Provavgifter tillkommer f\u00f6r teoretiskt och praktiska prov.<\/p>\n<p>&nbsp;<\/p>\n","protected":false},"excerpt":{"rendered":"<p>\u00c4r du intresserad av att bli j\u00e4gare eller bara vill l\u00e4ra dig mer om Djur och Natur \u00a0och ta J\u00e4garexamen? Varf\u00f6r j\u00e4garexamen? Din f\u00f6ruts\u00e4ttning f\u00f6r att kunna k\u00f6pa\u00a0 och b\u00f6rja jaga med jaktvapen. En bra utbildning f\u00f6r att f\u00f6rst\u00e5 samspelet i naturen och att\u00a0 l\u00e4ra Dig mer om den svenska faunan. En bra utbildning f\u00f6r [&hellip;]<\/p>\n","protected":false},"author":91,"featured_media":0,"parent":237,"menu_order":3,"comment_status":"open","ping_status":"closed","template":"","meta":{"footnotes":""},"class_list":["post-130","page","type-page","status-publish","hentry"],"_links":{"self":[{"href":"https:\/\/krets.jagareforbundet.se\/skovde\/wp-json\/wp\/v2\/pages\/130","targetHints":{"allow":["GET"]}}],"collection":[{"href":"https:\/\/krets.jagareforbundet.se\/skovde\/wp-json\/wp\/v2\/pages"}],"about":[{"href":"https:\/\/krets.jagareforbundet.se\/skovde\/wp-json\/wp\/v2\/types\/page"}],"author":[{"embeddable":true,"href":"https:\/\/krets.jagareforbundet.se\/skovde\/wp-json\/wp\/v2\/users\/91"}],"replies":[{"embeddable":true,"href":"https:\/\/krets.jagareforbundet.se\/skovde\/wp-json\/wp\/v2\/comments?post=130"}],"version-history":[{"count":2,"href":"https:\/\/krets.jagareforbundet.se\/skovde\/wp-json\/wp\/v2\/pages\/130\/revisions"}],"predecessor-version":[{"id":787,"href":"https:\/\/krets.jagareforbundet.se\/skovde\/wp-json\/wp\/v2\/pages\/130\/revisions\/787"}],"up":[{"embeddable":true,"href":"https:\/\/krets.jagareforbundet.se\/skovde\/wp-json\/wp\/v2\/pages\/237"}],"wp:attachment":[{"href":"https:\/\/krets.jagareforbundet.se\/skovde\/wp-json\/wp\/v2\/media?parent=130"}],"curies":[{"name":"wp","href":"https:\/\/api.w.org\/{rel}","templated":true}]}}