{"id":138,"date":"2014-03-10T11:14:06","date_gmt":"2014-03-10T10:14:06","guid":{"rendered":"https:\/\/krets.jagareforbundet.se\/skovde\/?page_id=138"},"modified":"2025-06-02T13:49:38","modified_gmt":"2025-06-02T11:49:38","slug":"rovdjur","status":"publish","type":"page","link":"https:\/\/krets.jagareforbundet.se\/skovde\/rovdjur\/","title":{"rendered":"Rovdjur"},"content":{"rendered":"<div>\n<div>\n<h2>Anm\u00e4l om Du ser Lo, Varg, eller Bj\u00f6rn.<\/h2>\n<\/div>\n<div>\n<div>Om Naturv\u00e5rdsverket inte f\u00e5r in rapporter om att det finns rovdjur inom kommunen s\u00e5 \u00e4r det liktydigt med att det inte finns, s\u00e5 d\u00e4rf\u00f6r \u00e4r det viktigt att anm\u00e4la!<\/div>\n<div><\/div>\n<div>\n<div>Nu kan du som privatperson l\u00e4gga in dina observationer av rovdjur och dess sp\u00e5r.<\/div>\n<div>G\u00e5 till <a href=\"http:\/\/www.rovobs.se\/\">http:\/\/www.rovobs.se\/<\/a> och l\u00e4gg in dina uppgifter om observationer mm<\/div>\n<div>Sidan \u00e4r ett initiativ ifr\u00e5n L\u00e4nsstyrelsen f\u00f6r privatpersoner att l\u00e4gga in info direkt.<\/div>\n<\/div>\n<\/div>\n<\/div>\n<div><\/div>\n<div><\/div>\n<div><\/div>\n<div><\/div>\n<div>\n<h2>Rovviltsansvariga:<\/h2>\n<p>Hans Persson\u00a0 \u00a0 \u00a0 \u00a0 \u00a0 \u00a00768-34 84 72 \u00a0\u00a0 \u00a0\u00a0 \u00a0\u00a0 \u00a0\u00a0 \u00a0\u00a0 \u00a0\u00a0 \u00a0\u00a0 \u00a0\u00a0<span style=\"color: #0000ff\"><a href=\"mailto:hans54p@gmail.com\">hans54p@gmail.com<\/a><\/span><\/p>\n<p>Daniel Hed\u00e9n\u00a0 \u00a0 \u00a0 \u00a0 \u00a0 \u00a0 0708-992931\u00a0 \u00a0 \u00a0 \u00a0 \u00a0 \u00a0 \u00a0 \u00a0 \u00a0 \u00a0 \u00a0 \u00a0 \u00a0 Daniel.privat.andersson@gmail.com<\/p><\/div>\n<div>\n<div>\n<p>&nbsp;<\/p>\n<\/div>\n<\/div>\n","protected":false},"excerpt":{"rendered":"<p>Anm\u00e4l om Du ser Lo, Varg, eller Bj\u00f6rn. Om Naturv\u00e5rdsverket inte f\u00e5r in rapporter om att det finns rovdjur inom kommunen s\u00e5 \u00e4r det liktydigt med att det inte finns, s\u00e5 d\u00e4rf\u00f6r \u00e4r det viktigt att anm\u00e4la! Nu kan du som privatperson l\u00e4gga in dina observationer av rovdjur och dess sp\u00e5r. G\u00e5 till http:\/\/www.rovobs.se\/ och [&hellip;]<\/p>\n","protected":false},"author":91,"featured_media":0,"parent":0,"menu_order":9,"comment_status":"open","ping_status":"open","template":"","meta":{"footnotes":""},"class_list":["post-138","page","type-page","status-publish","hentry"],"_links":{"self":[{"href":"https:\/\/krets.jagareforbundet.se\/skovde\/wp-json\/wp\/v2\/pages\/138","targetHints":{"allow":["GET"]}}],"collection":[{"href":"https:\/\/krets.jagareforbundet.se\/skovde\/wp-json\/wp\/v2\/pages"}],"about":[{"href":"https:\/\/krets.jagareforbundet.se\/skovde\/wp-json\/wp\/v2\/types\/page"}],"author":[{"embeddable":true,"href":"https:\/\/krets.jagareforbundet.se\/skovde\/wp-json\/wp\/v2\/users\/91"}],"replies":[{"embeddable":true,"href":"https:\/\/krets.jagareforbundet.se\/skovde\/wp-json\/wp\/v2\/comments?post=138"}],"version-history":[{"count":4,"href":"https:\/\/krets.jagareforbundet.se\/skovde\/wp-json\/wp\/v2\/pages\/138\/revisions"}],"predecessor-version":[{"id":791,"href":"https:\/\/krets.jagareforbundet.se\/skovde\/wp-json\/wp\/v2\/pages\/138\/revisions\/791"}],"wp:attachment":[{"href":"https:\/\/krets.jagareforbundet.se\/skovde\/wp-json\/wp\/v2\/media?parent=138"}],"curies":[{"name":"wp","href":"https:\/\/api.w.org\/{rel}","templated":true}]}}