{"id":2,"date":"2011-09-07T09:28:43","date_gmt":"2011-09-07T09:28:43","guid":{"rendered":"https:\/\/krets.jagareforbundet.se\/template\/?page_id=2"},"modified":"2025-12-02T15:00:07","modified_gmt":"2025-12-02T14:00:07","slug":"exempelsida","status":"publish","type":"page","link":"https:\/\/krets.jagareforbundet.se\/skovde\/","title":{"rendered":"V\u00e4lkommen till J\u00e4garef\u00f6rbundet Sk\u00f6vde"},"content":{"rendered":"<h1>P\u00e5 g\u00e5ng i Sk\u00f6vde kretsen<\/h1>\n<header>\n<h1 class=\"title entry-title\">P\u00c5MINNELSE Nomineringar f\u00f6r \u00e5rets insats f\u00f6r J\u00e4garef\u00f6rbundet Sk\u00f6vde och \u00c5rets viltv\u00e5rdare i J\u00e4garef\u00f6rbundet Sk\u00f6vde 2025<\/h1>\n<\/header>\n<p><strong>V\u00e4lkommen att nominera till J\u00e4garef\u00f6rbundet Sk\u00f6vde utm\u00e4rkelser:<\/strong><\/p>\n<p>\u00c5r 2025 instiftades tv\u00e5 utm\u00e4rkelser som kan delas ut till medlem i J\u00e4garef\u00f6rbundet Sk\u00f6vde<\/p>\n<p><strong>\u00c5rets insats f\u00f6r J\u00e4garef\u00f6rbundet Sk\u00f6vde \u00a0<\/strong><\/p>\n<p>Tilldelas medlem som under \u00e5ret gjort en hederv\u00e4rd insats f\u00f6r att bidra till kretsens arbete<\/p>\n<p><strong>\u00c5rets viltv\u00e5rdare i J\u00e4garef\u00f6rbundet Sk\u00f6vde \u00a0<\/strong><\/p>\n<p>Tilldelas medlem som under \u00e5ret genomf\u00f6rt viltv\u00e5rdande insatser inom kretsens geografiska verksamhetsomr\u00e5de<\/p>\n<p>&nbsp;<\/p>\n<p>F\u00f6rslag med tillh\u00f6rande motivering skickas till kretsens sekreterare.\u00a0<a href=\"mailto:Skovde.jagareforbundet@gmail.com\">Skovde.jagareforbundet@gmail.com<\/a>\u00a0senast 31\/12 . Pristagare utses av styrelsen p\u00e5 kalender\u00e5rets f\u00f6rsta styrelsem\u00f6tet Prisutdelning sker p\u00e5 kommande \u00e5rsm\u00f6te. Pristagarna inbjuds personligen till kommande \u00e5rsm\u00f6te. Endast ett pris per kategori delas ut per \u00e5r.<br \/>\nPriset \u00e4r personligt och kan ej delas med andra. Styrelsens beslut kan inte \u00f6verklagas.<\/p>\n<p>&nbsp;<\/p>\n<h2><\/h2>\n<p>&nbsp;<\/p>\n<h4>J\u00e4garef\u00f6rbundet Sk\u00f6vde best\u00e5r av ca 750 medlemmar och str\u00e4cker sig fr\u00e5n Skultorp i s\u00f6der till Tidan i Norr.<\/h4>\n<div data-tabs=\"timeline\" class=\"fb-page\" data-href=\"https:\/\/www.facebook.com\/Jagareforbundetskovde\" data-width=\"1000\" data-height=\"800\" data-small-header=\"false\" data-adapt-container-width=\"true\" data-hide-cover=\"false\" data-show-facepile=\"true\">\n<blockquote class=\"fb-xfbml-parse-ignore\" cite=\"https:\/\/www.facebook.com\/Jagareforbundetskovde\"><p><a href=\"https:\/\/www.facebook.com\/Jagareforbundetskovde\">J\u00e4garef\u00f6rbundet Sk\u00f6vde<\/a><\/p><\/blockquote>\n<\/div>\n<hr \/>\n<p>&nbsp;<\/p>\n<p>&nbsp;<\/p>\n<p>&nbsp;<\/p>\n","protected":false},"excerpt":{"rendered":"<p>P\u00e5 g\u00e5ng i Sk\u00f6vde kretsen P\u00c5MINNELSE Nomineringar f\u00f6r \u00e5rets insats f\u00f6r J\u00e4garef\u00f6rbundet Sk\u00f6vde och \u00c5rets viltv\u00e5rdare i J\u00e4garef\u00f6rbundet Sk\u00f6vde 2025 V\u00e4lkommen att nominera till J\u00e4garef\u00f6rbundet Sk\u00f6vde utm\u00e4rkelser: \u00c5r 2025 instiftades tv\u00e5 utm\u00e4rkelser som kan delas ut till medlem i J\u00e4garef\u00f6rbundet Sk\u00f6vde \u00c5rets insats f\u00f6r J\u00e4garef\u00f6rbundet Sk\u00f6vde \u00a0 Tilldelas medlem som under \u00e5ret gjort en hederv\u00e4rd [&hellip;]<\/p>\n","protected":false},"author":3,"featured_media":0,"parent":0,"menu_order":0,"comment_status":"open","ping_status":"open","template":"","meta":{"footnotes":""},"class_list":["post-2","page","type-page","status-publish","hentry"],"_links":{"self":[{"href":"https:\/\/krets.jagareforbundet.se\/skovde\/wp-json\/wp\/v2\/pages\/2","targetHints":{"allow":["GET"]}}],"collection":[{"href":"https:\/\/krets.jagareforbundet.se\/skovde\/wp-json\/wp\/v2\/pages"}],"about":[{"href":"https:\/\/krets.jagareforbundet.se\/skovde\/wp-json\/wp\/v2\/types\/page"}],"author":[{"embeddable":true,"href":"https:\/\/krets.jagareforbundet.se\/skovde\/wp-json\/wp\/v2\/users\/3"}],"replies":[{"embeddable":true,"href":"https:\/\/krets.jagareforbundet.se\/skovde\/wp-json\/wp\/v2\/comments?post=2"}],"version-history":[{"count":3,"href":"https:\/\/krets.jagareforbundet.se\/skovde\/wp-json\/wp\/v2\/pages\/2\/revisions"}],"predecessor-version":[{"id":504,"href":"https:\/\/krets.jagareforbundet.se\/skovde\/wp-json\/wp\/v2\/pages\/2\/revisions\/504"}],"wp:attachment":[{"href":"https:\/\/krets.jagareforbundet.se\/skovde\/wp-json\/wp\/v2\/media?parent=2"}],"curies":[{"name":"wp","href":"https:\/\/api.w.org\/{rel}","templated":true}]}}