{"id":143,"date":"2015-02-18T07:44:12","date_gmt":"2015-02-18T06:44:12","guid":{"rendered":"https:\/\/krets.jagareforbundet.se\/soderhamn\/?page_id=143"},"modified":"2026-02-25T09:53:27","modified_gmt":"2026-02-25T08:53:27","slug":"styrelsen","status":"publish","type":"page","link":"https:\/\/krets.jagareforbundet.se\/soderhamn\/styrelsen\/","title":{"rendered":"Styrelsen"},"content":{"rendered":"<p>Ordf\u00f6rande: Barbro Vigren\u00a0 070-3643309 Utbildningsansvarig<\/p>\n<p>Vice ordf\u00f6rande: Johan Lyd\u00e9n<br \/>\nRovdjursansvarig och Skytteansvarig<\/p>\n<p>Kass\u00f6r: Ulf S\u00f6derlund<\/p>\n<p>Sekreterare: Hans \u00c5hlin Medlemsansvarig<\/p>\n<p>Ledamot: Emil Larsson<br \/>\nUngdomsansvarig<\/p>\n<p>Ledamot: Malin Johansson<br \/>\nJAQT-ansvarig<\/p>\n<p>Ledamot: Therese Sundell<br \/>\nWebbansvarig och Portaladministrat\u00f6r<\/p>\n<p>Ledamot: Stefan Persson<br \/>\nHundansvarig och Efters\u00f6ksansvarig<\/p>\n<p>Suppleant: \u00c5ke Sundin<br \/>\nVilt\u00f6vervakning och Viltprovtagning<\/p>\n<p>Suppleant: Hanna Iseborn<br \/>\nWebbansvarig<\/p>\n<p>Valberedning:<br \/>\nYngve Skoglund (sammankallande)<br \/>\nEva Oremo<br \/>\nHans Norin<\/p>\n<p>Revisorer:<br \/>\nBengt Jansson<br \/>\nMikael L\u00f6tberg<br \/>\nRevisorsuppl. Anette Larsson<\/p>\n","protected":false},"excerpt":{"rendered":"<p>Ordf\u00f6rande: Barbro Vigren\u00a0 070-3643309 Utbildningsansvarig Vice ordf\u00f6rande: Johan Lyd\u00e9n Rovdjursansvarig och Skytteansvarig Kass\u00f6r: Ulf S\u00f6derlund Sekreterare: Hans \u00c5hlin Medlemsansvarig Ledamot: Emil Larsson Ungdomsansvarig Ledamot: Malin Johansson JAQT-ansvarig Ledamot: Therese Sundell Webbansvarig och Portaladministrat\u00f6r Ledamot: Stefan Persson Hundansvarig och Efters\u00f6ksansvarig Suppleant: \u00c5ke Sundin Vilt\u00f6vervakning och Viltprovtagning Suppleant: Hanna Iseborn Webbansvarig Valberedning: Yngve Skoglund (sammankallande) Eva Oremo [&hellip;]<\/p>\n","protected":false},"author":219,"featured_media":0,"parent":0,"menu_order":0,"comment_status":"open","ping_status":"open","template":"","meta":{"jetpack_post_was_ever_published":false,"footnotes":""},"class_list":["post-143","page","type-page","status-publish","hentry"],"_links":{"self":[{"href":"https:\/\/krets.jagareforbundet.se\/soderhamn\/wp-json\/wp\/v2\/pages\/143","targetHints":{"allow":["GET"]}}],"collection":[{"href":"https:\/\/krets.jagareforbundet.se\/soderhamn\/wp-json\/wp\/v2\/pages"}],"about":[{"href":"https:\/\/krets.jagareforbundet.se\/soderhamn\/wp-json\/wp\/v2\/types\/page"}],"author":[{"embeddable":true,"href":"https:\/\/krets.jagareforbundet.se\/soderhamn\/wp-json\/wp\/v2\/users\/219"}],"replies":[{"embeddable":true,"href":"https:\/\/krets.jagareforbundet.se\/soderhamn\/wp-json\/wp\/v2\/comments?post=143"}],"version-history":[{"count":4,"href":"https:\/\/krets.jagareforbundet.se\/soderhamn\/wp-json\/wp\/v2\/pages\/143\/revisions"}],"predecessor-version":[{"id":589,"href":"https:\/\/krets.jagareforbundet.se\/soderhamn\/wp-json\/wp\/v2\/pages\/143\/revisions\/589"}],"wp:attachment":[{"href":"https:\/\/krets.jagareforbundet.se\/soderhamn\/wp-json\/wp\/v2\/media?parent=143"}],"curies":[{"name":"wp","href":"https:\/\/api.w.org\/{rel}","templated":true}]}}