{"id":148,"date":"2015-02-18T08:33:54","date_gmt":"2015-02-18T07:33:54","guid":{"rendered":"https:\/\/krets.jagareforbundet.se\/soderhamn\/?page_id=148"},"modified":"2025-03-24T15:57:19","modified_gmt":"2025-03-24T14:57:19","slug":"algjaktstigen","status":"publish","type":"page","link":"https:\/\/krets.jagareforbundet.se\/soderhamn\/algjaktstigen\/","title":{"rendered":"Skjutstig vid Noran"},"content":{"rendered":"<p><strong>S\u00f6ndag den 3 augusti 2025<\/strong><\/p>\n<p>Info kommer!<\/p>\n<p><strong>S\u00f6ndag den 4 augusti<\/strong> <strong>2024<\/strong><\/p>\n<p>Start och anm\u00e4lan: <strong>8.00 \u2013 12.00<\/strong><\/p>\n<p>Klass 1 vapen.<\/p>\n<p>Om du kommer norrifr\u00e5n: F\u00f6rsta avfarten efter S\u00f6rbr\u00e4nningen<\/p>\n<p>Om du kommer s\u00f6derifr\u00e5n: Ca 7 km efter T\u00f6nnebro<\/p>\n<p>Skyltar kommer att s\u00e4ttas upp<\/p>\n<p>Pris: <strong>200\u00a0kr<\/strong><\/p>\n<p>Ungdomar under 25 \u00e5r: <strong>100 kr<\/strong><\/p>\n<p>Bj\u00f6rnpass: 100<strong>\u00a0kr<\/strong><\/p>\n<p>Korv och br\u00f6d, kaffe m.m. finns vid m\u00e5let.<\/p>\n<p>V\u00e4lkomna!<\/p>\n<p>&nbsp;<\/p>\n<h4><\/h4>\n","protected":false},"excerpt":{"rendered":"<p>S\u00f6ndag den 3 augusti 2025 Info kommer! S\u00f6ndag den 4 augusti 2024 Start och anm\u00e4lan: 8.00 \u2013 12.00 Klass 1 vapen. Om du kommer norrifr\u00e5n: F\u00f6rsta avfarten efter S\u00f6rbr\u00e4nningen Om du kommer s\u00f6derifr\u00e5n: Ca 7 km efter T\u00f6nnebro Skyltar kommer att s\u00e4ttas upp Pris: 200\u00a0kr Ungdomar under 25 \u00e5r: 100 kr Bj\u00f6rnpass: 100\u00a0kr Korv och [&hellip;]<\/p>\n","protected":false},"author":219,"featured_media":0,"parent":0,"menu_order":0,"comment_status":"open","ping_status":"open","template":"","meta":{"jetpack_post_was_ever_published":false,"footnotes":""},"class_list":["post-148","page","type-page","status-publish","hentry"],"_links":{"self":[{"href":"https:\/\/krets.jagareforbundet.se\/soderhamn\/wp-json\/wp\/v2\/pages\/148","targetHints":{"allow":["GET"]}}],"collection":[{"href":"https:\/\/krets.jagareforbundet.se\/soderhamn\/wp-json\/wp\/v2\/pages"}],"about":[{"href":"https:\/\/krets.jagareforbundet.se\/soderhamn\/wp-json\/wp\/v2\/types\/page"}],"author":[{"embeddable":true,"href":"https:\/\/krets.jagareforbundet.se\/soderhamn\/wp-json\/wp\/v2\/users\/219"}],"replies":[{"embeddable":true,"href":"https:\/\/krets.jagareforbundet.se\/soderhamn\/wp-json\/wp\/v2\/comments?post=148"}],"version-history":[{"count":3,"href":"https:\/\/krets.jagareforbundet.se\/soderhamn\/wp-json\/wp\/v2\/pages\/148\/revisions"}],"predecessor-version":[{"id":557,"href":"https:\/\/krets.jagareforbundet.se\/soderhamn\/wp-json\/wp\/v2\/pages\/148\/revisions\/557"}],"wp:attachment":[{"href":"https:\/\/krets.jagareforbundet.se\/soderhamn\/wp-json\/wp\/v2\/media?parent=148"}],"curies":[{"name":"wp","href":"https:\/\/api.w.org\/{rel}","templated":true}]}}