{"id":2,"date":"2011-09-07T09:28:43","date_gmt":"2011-09-07T09:28:43","guid":{"rendered":"https:\/\/krets.jagareforbundet.se\/template\/?page_id=2"},"modified":"2025-02-26T01:03:25","modified_gmt":"2025-02-26T00:03:25","slug":"exempelsida","status":"publish","type":"page","link":"https:\/\/krets.jagareforbundet.se\/soderhamn\/","title":{"rendered":"J\u00e4garef\u00f6rbundet S\u00f6derhamn"},"content":{"rendered":"<p>&nbsp;<\/p>\n<p>S\u00f6derhamnskretsen best\u00e5r av c:a 50\u00a0jaktlag och har c:a 500 medlemmar. V\u00e5r ambition med webbplatsen \u00e4r att sprida information som \u00e4r viktig f\u00f6r dig som j\u00e4gare samt att den har en lokal anknytning.<\/p>\n","protected":false},"excerpt":{"rendered":"<p>&nbsp; S\u00f6derhamnskretsen best\u00e5r av c:a 50\u00a0jaktlag och har c:a 500 medlemmar. V\u00e5r ambition med webbplatsen \u00e4r att sprida information som \u00e4r viktig f\u00f6r dig som j\u00e4gare samt att den har en lokal anknytning.<\/p>\n","protected":false},"author":3,"featured_media":539,"parent":0,"menu_order":0,"comment_status":"open","ping_status":"open","template":"","meta":{"jetpack_post_was_ever_published":false,"footnotes":""},"class_list":["post-2","page","type-page","status-publish","has-post-thumbnail","hentry"],"_links":{"self":[{"href":"https:\/\/krets.jagareforbundet.se\/soderhamn\/wp-json\/wp\/v2\/pages\/2","targetHints":{"allow":["GET"]}}],"collection":[{"href":"https:\/\/krets.jagareforbundet.se\/soderhamn\/wp-json\/wp\/v2\/pages"}],"about":[{"href":"https:\/\/krets.jagareforbundet.se\/soderhamn\/wp-json\/wp\/v2\/types\/page"}],"author":[{"embeddable":true,"href":"https:\/\/krets.jagareforbundet.se\/soderhamn\/wp-json\/wp\/v2\/users\/3"}],"replies":[{"embeddable":true,"href":"https:\/\/krets.jagareforbundet.se\/soderhamn\/wp-json\/wp\/v2\/comments?post=2"}],"version-history":[{"count":2,"href":"https:\/\/krets.jagareforbundet.se\/soderhamn\/wp-json\/wp\/v2\/pages\/2\/revisions"}],"predecessor-version":[{"id":543,"href":"https:\/\/krets.jagareforbundet.se\/soderhamn\/wp-json\/wp\/v2\/pages\/2\/revisions\/543"}],"wp:featuredmedia":[{"embeddable":true,"href":"https:\/\/krets.jagareforbundet.se\/soderhamn\/wp-json\/wp\/v2\/media\/539"}],"wp:attachment":[{"href":"https:\/\/krets.jagareforbundet.se\/soderhamn\/wp-json\/wp\/v2\/media?parent=2"}],"curies":[{"name":"wp","href":"https:\/\/api.w.org\/{rel}","templated":true}]}}