{"id":135,"date":"2017-06-13T15:49:54","date_gmt":"2017-06-13T13:49:54","guid":{"rendered":"https:\/\/krets.jagareforbundet.se\/soderslatt\/?page_id=135"},"modified":"2024-06-20T09:50:20","modified_gmt":"2024-06-20T07:50:20","slug":"styrelse-soderslatts-jaktvardskrets","status":"publish","type":"page","link":"https:\/\/krets.jagareforbundet.se\/soderslatt\/styrelse-soderslatts-jaktvardskrets\/","title":{"rendered":"Styrelse S\u00f6dersl\u00e4tts Jaktv\u00e5rdskrets"},"content":{"rendered":"<p>Ordf\u00f6rande: Thomas Jacobsson\u00a0 0708-249575\u00a0 thomas.almlunden@hotmail.com<\/p>\n<p>Sekreterare: Torbj\u00f6rn Andr\u00e9n\u00a0 0706-363552\u00a0\u00a0 tobbe.andren@gmail.com<\/p>\n<p>Kass\u00f6r:\u00a0 \u00a0 \u00a0 \u00a0 \u00a0 Ture Guldstrand\u00a0 \u00a00708-141890\u00a0 \u00a0ture.guldstrand@telia.com<\/p>\n<p>Ledamot:\u00a0 \u00a0 \u00a0 Lasse Persson\u00a0 \u00a0 \u00a0 \u00a0 \u00a00705-476454\u00a0 \u00a0lasse@mellangatan.se<\/p>\n<p>Ledamot:\u00a0 \u00a0 \u00a0Magnus Gr\u00f6ndahl\u00a0 0729-444600\u00a0 \u00a0mangegrd@gmail.com<\/p>\n<p>Ledamot:\u00a0 \u00a0 Tina Eckerwall\u00a0 \u00a0 \u00a0 \u00a0 \u00a0 \u00a00709-246796\u00a0 tinaeckerwall@hotmail.com<\/p>\n<p>Ledamot:\u00a0 \u00a0 Christer Assarsson<\/p>\n<p>Suppleant:\u00a0 Erik Alenfall<\/p>\n<p>Suppleant:\u00a0 Oscar Hansson<\/p>\n<p>Valberedning: Leif Carlsson\u00a0 \u00a0 \u00a0 \u00a0 \u00a00705-127260\u00a0 leif@sfvf.se<\/p>\n<p>Valberedning: Ragnar Nilsson\u00a0 \u00a0 0705-171090\u00a0 \u00a0backadal@yahoo.se<\/p>\n<p>Valberedning: Kenneth Pettersson\u00a0 0705-18 51 55<\/p>\n<p>&nbsp;<\/p>\n","protected":false},"excerpt":{"rendered":"<p>Ordf\u00f6rande: Thomas Jacobsson\u00a0 0708-249575\u00a0 thomas.almlunden@hotmail.com Sekreterare: Torbj\u00f6rn Andr\u00e9n\u00a0 0706-363552\u00a0\u00a0 tobbe.andren@gmail.com Kass\u00f6r:\u00a0 \u00a0 \u00a0 \u00a0 \u00a0 Ture Guldstrand\u00a0 \u00a00708-141890\u00a0 \u00a0ture.guldstrand@telia.com Ledamot:\u00a0 \u00a0 \u00a0 Lasse Persson\u00a0 \u00a0 \u00a0 \u00a0 \u00a00705-476454\u00a0 \u00a0lasse@mellangatan.se Ledamot:\u00a0 \u00a0 \u00a0Magnus Gr\u00f6ndahl\u00a0 0729-444600\u00a0 \u00a0mangegrd@gmail.com Ledamot:\u00a0 \u00a0 Tina Eckerwall\u00a0 \u00a0 \u00a0 \u00a0 \u00a0 \u00a00709-246796\u00a0 tinaeckerwall@hotmail.com Ledamot:\u00a0 \u00a0 Christer Assarsson Suppleant:\u00a0 Erik Alenfall Suppleant:\u00a0 Oscar Hansson [&hellip;]<\/p>\n","protected":false},"author":267,"featured_media":0,"parent":0,"menu_order":0,"comment_status":"closed","ping_status":"closed","template":"","meta":{"footnotes":""},"class_list":["post-135","page","type-page","status-publish","hentry"],"_links":{"self":[{"href":"https:\/\/krets.jagareforbundet.se\/soderslatt\/wp-json\/wp\/v2\/pages\/135","targetHints":{"allow":["GET"]}}],"collection":[{"href":"https:\/\/krets.jagareforbundet.se\/soderslatt\/wp-json\/wp\/v2\/pages"}],"about":[{"href":"https:\/\/krets.jagareforbundet.se\/soderslatt\/wp-json\/wp\/v2\/types\/page"}],"author":[{"embeddable":true,"href":"https:\/\/krets.jagareforbundet.se\/soderslatt\/wp-json\/wp\/v2\/users\/267"}],"replies":[{"embeddable":true,"href":"https:\/\/krets.jagareforbundet.se\/soderslatt\/wp-json\/wp\/v2\/comments?post=135"}],"version-history":[{"count":3,"href":"https:\/\/krets.jagareforbundet.se\/soderslatt\/wp-json\/wp\/v2\/pages\/135\/revisions"}],"predecessor-version":[{"id":325,"href":"https:\/\/krets.jagareforbundet.se\/soderslatt\/wp-json\/wp\/v2\/pages\/135\/revisions\/325"}],"wp:attachment":[{"href":"https:\/\/krets.jagareforbundet.se\/soderslatt\/wp-json\/wp\/v2\/media?parent=135"}],"curies":[{"name":"wp","href":"https:\/\/api.w.org\/{rel}","templated":true}]}}