{"id":140,"date":"2015-01-02T18:24:02","date_gmt":"2015-01-02T17:24:02","guid":{"rendered":"https:\/\/krets.jagareforbundet.se\/sotenas\/?page_id=140"},"modified":"2025-02-13T09:34:03","modified_gmt":"2025-02-13T08:34:03","slug":"kretsens-historia","status":"publish","type":"page","link":"https:\/\/krets.jagareforbundet.se\/sotenas\/kretsens-historia\/","title":{"rendered":"Kretsens historia"},"content":{"rendered":"<table class=\"text\" border=\"0\" cellspacing=\"10\" cellpadding=\"8\">\n<tbody>\n<tr>\n<td class=\"titel\" colspan=\"2\">Kretsens historia<\/td>\n<\/tr>\n<tr>\n<td class=\"textv\u00e4\">1961<\/td>\n<td>Den 6 oktober, bildades Soten\u00e4s jaktv\u00e5rdskrets. Verksamhetsomr\u00e5det skulle omfatta Tossene-, S\u00f6dra Soten\u00e4s- och Sm\u00f6gens kommuner, det som i dag \u00e4r Soten\u00e4s kommun.<\/td>\n<\/tr>\n<tr>\n<td>1962<\/td>\n<td>motionerade kretsen om f\u00f6rl\u00e4ngd sj\u00f6f\u00e5geljakt i februari.<\/td>\n<\/tr>\n<tr>\n<td><\/td>\n<td>En nu s\u00e5 aktuell fr\u00e5ga som fyrverkeri och p\u00e5sksm\u00e4llare f\u00f6rs\u00f6kte kretsen att begr\u00e4nsa redan 1963 genom en uppvaktning till landsfiskalen.<\/td>\n<\/tr>\n<tr>\n<td>1965<\/td>\n<td>ans\u00f6kte kretsen om att f\u00e5 skjuta havstrut fr\u00e5n motorb\u00e5t. D\u00e5 som nu, en viktig viltv\u00e5rdsinsats att decimera havstrutarna. Under slutet av 1960- och 1970-talet var problemen med vitf\u00e5gel s\u00e5 stora att giftutl\u00e4ggning och punktering av \u00e4gg fick utf\u00f6ras.<\/td>\n<\/tr>\n<tr>\n<td>1973<\/td>\n<td>startade uts\u00e4ttning av rapph\u00f6ns, f\u00f6r att st\u00e4rka stammen. Detta f\u00f6ljdes 1975 av st\u00f6d till fasanprojekt.<\/td>\n<\/tr>\n<tr>\n<td>1977<\/td>\n<td>F\u00f6r att utveckla jaktskyttet tog kretsen initiativ till bildandet av Soten\u00e4s jaktskytteklubb. Detta har resulterat i en fantastisk skytteanl\u00e4ggning i Skytteg\u00e5rden K\u00e4rrsh\u00e5lan. Flera skyttar fr\u00e5n klubben har, genom \u00e5ren, n\u00e5tt framskjutna placeringar i t.ex. SM-t\u00e4vlingar.<\/td>\n<\/tr>\n<tr>\n<td>1979<\/td>\n<td>Kom f\u00f6rslag fr\u00e5n kretsen, till Soten\u00e4s kommun, att sj\u00f6f\u00e5geljakten p\u00e5 kommunens holmar och sk\u00e4r skall vara fria att utnyttja, f\u00f6r folkbokf\u00f6rda och mantalsskrivna inom kommunen. Detta blev senare kommunens beslut.<\/td>\n<\/tr>\n<tr>\n<td>1980<\/td>\n<td>gick Soten\u00e4s jaktv\u00e5rdskrets in med ekonomiskt st\u00f6d till det nystartade &#8221;Lunnef\u00e5gelprojektet&#8221;, som syftade till att \u00e5terf\u00e5 denna charmiga alka som h\u00e4ckf\u00e5gel, p\u00e5 Sotesk\u00e4r. Trots flera \u00e5rs stora anstr\u00e4ngningar lyckades projektet inte att f\u00e5 f\u00e5glarna att g\u00e5 till h\u00e4ckning, men man kunde i alla fall se en \u00f6kad f\u00f6rekomst av denna &#8221;havspapegoja&#8221; i v\u00e5ra farvatten.<\/td>\n<\/tr>\n<tr>\n<td>1984<\/td>\n<td>kom motion om f\u00f6rl\u00e4ngd ejderjakt, i februari, \u00e5ter igen. Denna och en motion om februarijakt p\u00e5 storskarv, som \u00f6kat i population, bif\u00f6lls vid kretsens \u00e5rsm\u00f6te.<\/td>\n<\/tr>\n<tr>\n<td>1985<\/td>\n<td>\u00f6vertog Soten\u00e4s jaktv\u00e5rdskrets administrationen av kommunens jaktmarker. Detta gav kretsen m\u00f6jlighet att besluta om en viktig medlemsf\u00f6rm\u00e5n, att f\u00e5 ta med sig g\u00e4stj\u00e4gare p\u00e5 kommunal sj\u00f6f\u00e5geljakt. En f\u00f6rm\u00e5n som skapat m\u00e5nga m\u00f6jligheter till utbytesjakter f\u00f6r kretsens medlemmar.<\/td>\n<\/tr>\n<tr>\n<td>1991 + 1992<\/td>\n<td>motionerades det \u00e5ter om ejderjakt i februari, med h\u00e4nvisning till den \u00f6kande ejderpopulationen.<\/td>\n<\/tr>\n<tr>\n<td>1998<\/td>\n<td>motionerade kretsen om dispens fr\u00e5n blyhagelf\u00f6rbud vid ejderjakt, d\u00e5 ingen skadlig effekt av blyhagelskytte \u00f6ver djupt vatten kunnat p\u00e5visas. Detta \u00e5r motionerade kretsen \u00e4ven om \u00e5terinf\u00f6randet av allm\u00e4n jakttid p\u00e5 storskarv. En ny medlemstidning f\u00f6r kretsens medlemmar, &#8221;Soten\u00e4sJ\u00e4garen&#8221;, s\u00e5g dagens ljus, h\u00f6sten 1998.<\/td>\n<\/tr>\n<tr>\n<td>1998<\/td>\n<td>kn\u00f6t vi kontakter med v\u00e5r v\u00e4nort L\u00e4s\u00f6, i Danmark. Detta resulterade i ett ungdomsutbyte under 1999. Danska ungdomar kom p\u00e5 bes\u00f6k, och vann i en skyttet\u00e4vlan mot ungdomar fr\u00e5n Soten\u00e4s. Under h\u00f6sten blev sedan v\u00e5ra ungdomsskyttar bjudna till L\u00e4s\u00f6, p\u00e5 &#8221;fellesjakt&#8221;(s\u00e4llskapsjakt). En trevlig inledning som vi hoppas skall bli en \u00e5rlig tradition.<\/td>\n<\/tr>\n<tr>\n<td>1999<\/td>\n<td>bif\u00f6ll kretsens \u00e5rsm\u00f6te en motion om jakt p\u00e5 knubbs\u00e4l.<br \/>\nSamma \u00e5r arrangerade Soten\u00e4s jaktv\u00e5rdskrets, f\u00f6r f\u00f6rsta \u00e5ret, en gemensam, allm\u00e4n r\u00e4vjakt. Detta blev en uppskattad \u00e5rlig tradition.<\/td>\n<\/tr>\n<tr>\n<td>2000<\/td>\n<td>motionerade kretsen om ut\u00f6kad jakt p\u00e5 havstrut.<\/td>\n<\/tr>\n<tr>\n<td class=\"titel\" colspan=\"2\">Soten\u00e4s jaktv\u00e5rdskrets blev utsedd till \u00e5rets krets 2001!<\/p>\n<h1><span style=\"color: #ff0000\">Under upparbetning<\/span><\/h1>\n<\/td>\n<\/tr>\n<\/tbody>\n<\/table>\n","protected":false},"excerpt":{"rendered":"<p>Kretsens historia 1961 Den 6 oktober, bildades Soten\u00e4s jaktv\u00e5rdskrets. Verksamhetsomr\u00e5det skulle omfatta Tossene-, S\u00f6dra Soten\u00e4s- och Sm\u00f6gens kommuner, det som i dag \u00e4r Soten\u00e4s kommun. 1962 motionerade kretsen om f\u00f6rl\u00e4ngd sj\u00f6f\u00e5geljakt i februari. En nu s\u00e5 aktuell fr\u00e5ga som fyrverkeri och p\u00e5sksm\u00e4llare f\u00f6rs\u00f6kte kretsen att begr\u00e4nsa redan 1963 genom en uppvaktning till landsfiskalen. 1965 ans\u00f6kte [&hellip;]<\/p>\n","protected":false},"author":213,"featured_media":238,"parent":0,"menu_order":1,"comment_status":"open","ping_status":"closed","template":"","meta":{"footnotes":""},"class_list":["post-140","page","type-page","status-publish","has-post-thumbnail","hentry"],"_links":{"self":[{"href":"https:\/\/krets.jagareforbundet.se\/sotenas\/wp-json\/wp\/v2\/pages\/140","targetHints":{"allow":["GET"]}}],"collection":[{"href":"https:\/\/krets.jagareforbundet.se\/sotenas\/wp-json\/wp\/v2\/pages"}],"about":[{"href":"https:\/\/krets.jagareforbundet.se\/sotenas\/wp-json\/wp\/v2\/types\/page"}],"author":[{"embeddable":true,"href":"https:\/\/krets.jagareforbundet.se\/sotenas\/wp-json\/wp\/v2\/users\/213"}],"replies":[{"embeddable":true,"href":"https:\/\/krets.jagareforbundet.se\/sotenas\/wp-json\/wp\/v2\/comments?post=140"}],"version-history":[{"count":1,"href":"https:\/\/krets.jagareforbundet.se\/sotenas\/wp-json\/wp\/v2\/pages\/140\/revisions"}],"predecessor-version":[{"id":476,"href":"https:\/\/krets.jagareforbundet.se\/sotenas\/wp-json\/wp\/v2\/pages\/140\/revisions\/476"}],"wp:featuredmedia":[{"embeddable":true,"href":"https:\/\/krets.jagareforbundet.se\/sotenas\/wp-json\/wp\/v2\/media\/238"}],"wp:attachment":[{"href":"https:\/\/krets.jagareforbundet.se\/sotenas\/wp-json\/wp\/v2\/media?parent=140"}],"curies":[{"name":"wp","href":"https:\/\/api.w.org\/{rel}","templated":true}]}}