{"id":171,"date":"2015-01-03T11:22:43","date_gmt":"2015-01-03T10:22:43","guid":{"rendered":"https:\/\/krets.jagareforbundet.se\/sotenas\/?page_id=171"},"modified":"2025-02-26T00:49:33","modified_gmt":"2025-02-25T23:49:33","slug":"styrelsen-2","status":"publish","type":"page","link":"https:\/\/krets.jagareforbundet.se\/sotenas\/kontakta-oss\/styrelsen-2\/","title":{"rendered":"Styrelse Soten\u00e4s Jaktv\u00e5rdskrets 2025"},"content":{"rendered":"<ul>\n<li style=\"text-align: left\">Ordf\u00f6rande:<div class=\"woo-sc-divider flat\"><\/div> Anders Henriksson<div class=\"woo-sc-divider flat\"><\/div>0733303380, <a href=\"mailto:anders@carlssonsel.se\">Skicka Mail<\/a><\/li>\n<li>Vice Ordf\u00f6rande:<div class=\"woo-sc-divider flat\"><\/div> Inge Andersson<div class=\"woo-sc-divider flat\"><\/div>0706243916, <a href=\"mailto:holder770h@gmail.com\">Skicka Mail<\/a><\/li>\n<li>Sekreterare:<div class=\"woo-sc-divider flat\"><\/div> Bj\u00f6rn Ralbring<div class=\"woo-sc-divider flat\"><\/div>0793491552, <a href=\"mailto:b.ralbring@hotmail.com\">Skicka Mail<\/a><\/li>\n<li>Kass\u00f6r:<div class=\"woo-sc-divider flat\"><\/div> Jerry Johansson<div class=\"woo-sc-divider flat\"><\/div>0704802818, <a href=\"mailto:jerry.j@live.se\">Skicka Mail<\/a><\/li>\n<li>Ordinarie ledamot:<div class=\"woo-sc-divider flat\"><\/div> Claes G\u00f6ransson<div class=\"woo-sc-divider flat\"><\/div>0767822809, <a href=\"mailto:minus.4141@gmail.com\">Skicka Mail<\/a><\/li>\n<li>Ordinarie ledamot:<div class=\"woo-sc-divider flat\"><\/div> Jesper Johansson<div class=\"woo-sc-divider flat\"><\/div>0701901482, <a href=\"mailto:jesper.johansson@live.com\">Skicka Mail<\/a><\/li>\n<li>Ordinarie ledamot:<div class=\"woo-sc-divider flat\"><\/div> Markus Markenberg<div class=\"woo-sc-divider flat\"><\/div>0768133371, <a href=\"mailto:marcus.markenberg@icloud.com\">Skicka Mail<\/a><\/li>\n<li>Suppleant:<div class=\"woo-sc-divider flat\"><\/div> Albin Karlsson<div class=\"woo-sc-divider flat\"><\/div>0706733043, <a href=\"mailto:albinkarlsson14@gmail.com\">Skicka Mail<\/a><\/li>\n<li>Suppleant:<div class=\"woo-sc-divider flat\"><\/div> Samuel Svanstr\u00f6m<div class=\"woo-sc-divider flat\"><\/div>0703689233, <a href=\"mailto:svanstrom00@yahoo.com\">Skicka Mail<\/a><\/li>\n<\/ul>\n","protected":false},"excerpt":{"rendered":"<p>Ordf\u00f6rande: Anders Henriksson0733303380, Skicka Mail Vice Ordf\u00f6rande: Inge Andersson0706243916, Skicka Mail Sekreterare: Bj\u00f6rn Ralbring0793491552, Skicka Mail Kass\u00f6r: Jerry Johansson0704802818, Skicka Mail Ordinarie ledamot: Claes G\u00f6ransson0767822809, Skicka Mail Ordinarie ledamot: Jesper Johansson0701901482, Skicka Mail Ordinarie ledamot: Markus Markenberg0768133371, Skicka Mail Suppleant: Albin Karlsson0706733043, Skicka Mail Suppleant: Samuel Svanstr\u00f6m0703689233, Skicka Mail<\/p>\n","protected":false},"author":213,"featured_media":0,"parent":28,"menu_order":1,"comment_status":"open","ping_status":"open","template":"","meta":{"footnotes":""},"class_list":["post-171","page","type-page","status-publish","hentry"],"_links":{"self":[{"href":"https:\/\/krets.jagareforbundet.se\/sotenas\/wp-json\/wp\/v2\/pages\/171","targetHints":{"allow":["GET"]}}],"collection":[{"href":"https:\/\/krets.jagareforbundet.se\/sotenas\/wp-json\/wp\/v2\/pages"}],"about":[{"href":"https:\/\/krets.jagareforbundet.se\/sotenas\/wp-json\/wp\/v2\/types\/page"}],"author":[{"embeddable":true,"href":"https:\/\/krets.jagareforbundet.se\/sotenas\/wp-json\/wp\/v2\/users\/213"}],"replies":[{"embeddable":true,"href":"https:\/\/krets.jagareforbundet.se\/sotenas\/wp-json\/wp\/v2\/comments?post=171"}],"version-history":[{"count":3,"href":"https:\/\/krets.jagareforbundet.se\/sotenas\/wp-json\/wp\/v2\/pages\/171\/revisions"}],"predecessor-version":[{"id":504,"href":"https:\/\/krets.jagareforbundet.se\/sotenas\/wp-json\/wp\/v2\/pages\/171\/revisions\/504"}],"up":[{"embeddable":true,"href":"https:\/\/krets.jagareforbundet.se\/sotenas\/wp-json\/wp\/v2\/pages\/28"}],"wp:attachment":[{"href":"https:\/\/krets.jagareforbundet.se\/sotenas\/wp-json\/wp\/v2\/media?parent=171"}],"curies":[{"name":"wp","href":"https:\/\/api.w.org\/{rel}","templated":true}]}}