{"id":211,"date":"2015-05-10T14:02:59","date_gmt":"2015-05-10T12:02:59","guid":{"rendered":"https:\/\/krets.jagareforbundet.se\/sotenas\/?page_id=211"},"modified":"2025-02-13T09:57:25","modified_gmt":"2025-02-13T08:57:25","slug":"vildsvinsgruppen","status":"publish","type":"page","link":"https:\/\/krets.jagareforbundet.se\/sotenas\/vildsvinsgruppen\/","title":{"rendered":"Vildsvinsgruppen"},"content":{"rendered":"<p>Viltsvinsgruppen<\/p>\n<p>P\u00e5 grund av den \u00f6kande vildsvinsstammen i Soten\u00e4s har Soten\u00e4s jaktv\u00e5rdskrets beslutat att utse en vildsvinsgrupp samt en vildsvinsansvaring i kretsen.<\/p>\n<p>Gruppen best\u00e5r av:<br \/>\nAnders Henriksson, vildsvinsansvarig<br \/>\nDan Christiansson<br \/>\nBengt Wallstr\u00f6m<br \/>\nInge Andersson<br \/>\nKjell Andersson<\/p>\n<p>Gruppens uppgift \u00e4r att vara behj\u00e4lpliga om n\u00e5gon mark\u00e4gare\/bonde f\u00e5r problem med vildsvin, framf\u00f6rallt p\u00e5 odlade f\u00e4lt och naturligtvis i samr\u00e5d med jaktr\u00e4ttsinnehavaren.<\/p>\n<p>F\u00f6r att vi ska f\u00e5 en \u00f6verblick av vildsvinsstammens storlek i Soten\u00e4s vore jag tacksam om ni rapporterade observationer av vildsvin till mig s\u00e5 jag kan sammanst\u00e4lla ett underlag f\u00f6r detta. Tid, plats, antal och sort \u00e4r intressanta uppgifter.<\/p>\n<p>Hoppas vi kan hj\u00e4lpas \u00e5t och f\u00f6rvalta vildsvinsstammen p\u00e5 b\u00e4sta s\u00e4tt och med s\u00e5 lite problem som m\u00f6jligt f\u00f6r alla.<\/p>\n<p>Ring g\u00e4rna.<\/p>\n<p><strong>Anders Henriksson, 0733 \u2013 30 33 80<\/strong><\/p>\n","protected":false},"excerpt":{"rendered":"<p>Viltsvinsgruppen P\u00e5 grund av den \u00f6kande vildsvinsstammen i Soten\u00e4s har Soten\u00e4s jaktv\u00e5rdskrets beslutat att utse en vildsvinsgrupp samt en vildsvinsansvaring i kretsen. Gruppen best\u00e5r av: Anders Henriksson, vildsvinsansvarig Dan Christiansson Bengt Wallstr\u00f6m Inge Andersson Kjell Andersson Gruppens uppgift \u00e4r att vara behj\u00e4lpliga om n\u00e5gon mark\u00e4gare\/bonde f\u00e5r problem med vildsvin, framf\u00f6rallt p\u00e5 odlade f\u00e4lt och naturligtvis [&hellip;]<\/p>\n","protected":false},"author":213,"featured_media":194,"parent":0,"menu_order":3,"comment_status":"open","ping_status":"closed","template":"","meta":{"footnotes":""},"class_list":["post-211","page","type-page","status-publish","has-post-thumbnail","hentry"],"_links":{"self":[{"href":"https:\/\/krets.jagareforbundet.se\/sotenas\/wp-json\/wp\/v2\/pages\/211","targetHints":{"allow":["GET"]}}],"collection":[{"href":"https:\/\/krets.jagareforbundet.se\/sotenas\/wp-json\/wp\/v2\/pages"}],"about":[{"href":"https:\/\/krets.jagareforbundet.se\/sotenas\/wp-json\/wp\/v2\/types\/page"}],"author":[{"embeddable":true,"href":"https:\/\/krets.jagareforbundet.se\/sotenas\/wp-json\/wp\/v2\/users\/213"}],"replies":[{"embeddable":true,"href":"https:\/\/krets.jagareforbundet.se\/sotenas\/wp-json\/wp\/v2\/comments?post=211"}],"version-history":[{"count":3,"href":"https:\/\/krets.jagareforbundet.se\/sotenas\/wp-json\/wp\/v2\/pages\/211\/revisions"}],"predecessor-version":[{"id":496,"href":"https:\/\/krets.jagareforbundet.se\/sotenas\/wp-json\/wp\/v2\/pages\/211\/revisions\/496"}],"wp:featuredmedia":[{"embeddable":true,"href":"https:\/\/krets.jagareforbundet.se\/sotenas\/wp-json\/wp\/v2\/media\/194"}],"wp:attachment":[{"href":"https:\/\/krets.jagareforbundet.se\/sotenas\/wp-json\/wp\/v2\/media?parent=211"}],"curies":[{"name":"wp","href":"https:\/\/api.w.org\/{rel}","templated":true}]}}