{"id":212,"date":"2015-05-10T14:14:00","date_gmt":"2015-05-10T12:14:00","guid":{"rendered":"https:\/\/krets.jagareforbundet.se\/sotenas\/?page_id=212"},"modified":"2025-02-13T09:35:25","modified_gmt":"2025-02-13T08:35:25","slug":"hunden-var-basta-van","status":"publish","type":"page","link":"https:\/\/krets.jagareforbundet.se\/sotenas\/hunden-var-basta-van\/","title":{"rendered":"Hunden, v\u00e5r b\u00e4sta v\u00e4n\u2026."},"content":{"rendered":"<p>V\u00e5r framtida Hund Ansvarige Jesper Johansson<\/p>\n","protected":false},"excerpt":{"rendered":"<p>V\u00e5r framtida Hund Ansvarige Jesper Johansson<\/p>\n","protected":false},"author":213,"featured_media":310,"parent":0,"menu_order":6,"comment_status":"open","ping_status":"closed","template":"","meta":{"footnotes":""},"class_list":["post-212","page","type-page","status-publish","has-post-thumbnail","hentry"],"_links":{"self":[{"href":"https:\/\/krets.jagareforbundet.se\/sotenas\/wp-json\/wp\/v2\/pages\/212","targetHints":{"allow":["GET"]}}],"collection":[{"href":"https:\/\/krets.jagareforbundet.se\/sotenas\/wp-json\/wp\/v2\/pages"}],"about":[{"href":"https:\/\/krets.jagareforbundet.se\/sotenas\/wp-json\/wp\/v2\/types\/page"}],"author":[{"embeddable":true,"href":"https:\/\/krets.jagareforbundet.se\/sotenas\/wp-json\/wp\/v2\/users\/213"}],"replies":[{"embeddable":true,"href":"https:\/\/krets.jagareforbundet.se\/sotenas\/wp-json\/wp\/v2\/comments?post=212"}],"version-history":[{"count":2,"href":"https:\/\/krets.jagareforbundet.se\/sotenas\/wp-json\/wp\/v2\/pages\/212\/revisions"}],"predecessor-version":[{"id":470,"href":"https:\/\/krets.jagareforbundet.se\/sotenas\/wp-json\/wp\/v2\/pages\/212\/revisions\/470"}],"wp:featuredmedia":[{"embeddable":true,"href":"https:\/\/krets.jagareforbundet.se\/sotenas\/wp-json\/wp\/v2\/media\/310"}],"wp:attachment":[{"href":"https:\/\/krets.jagareforbundet.se\/sotenas\/wp-json\/wp\/v2\/media?parent=212"}],"curies":[{"name":"wp","href":"https:\/\/api.w.org\/{rel}","templated":true}]}}