{"id":241,"date":"2015-07-12T11:11:32","date_gmt":"2015-07-12T09:11:32","guid":{"rendered":"https:\/\/krets.jagareforbundet.se\/sotenas\/?page_id=241"},"modified":"2025-02-13T09:35:15","modified_gmt":"2025-02-13T08:35:15","slug":"tidningen-sotenasjagaren","status":"publish","type":"page","link":"https:\/\/krets.jagareforbundet.se\/sotenas\/tidningen-sotenasjagaren\/","title":{"rendered":"Tidningen Soten\u00e4sJ\u00e4garen"},"content":{"rendered":"<p>Soten\u00e4s Jaktv\u00e5rdskrets ger ut en medlemstidning 2 g\u00e5nger om \u00e5ret f\u00f6r att informera vad som h\u00e4nder i v\u00e5r krets h\u00e4r\u00a0under kan ni l\u00e4sa den. Klicka bara p\u00e5 l\u00e4nken och sedan n\u00e4r ni kommer in klickar ni bara p\u00e5 den sidan ni vill l\u00e4sa.<\/p>\n","protected":false},"excerpt":{"rendered":"<p>Soten\u00e4s Jaktv\u00e5rdskrets ger ut en medlemstidning 2 g\u00e5nger om \u00e5ret f\u00f6r att informera vad som h\u00e4nder i v\u00e5r krets h\u00e4r\u00a0under kan ni l\u00e4sa den. Klicka bara p\u00e5 l\u00e4nken och sedan n\u00e4r ni kommer in klickar ni bara p\u00e5 den sidan ni vill l\u00e4sa.<\/p>\n","protected":false},"author":213,"featured_media":0,"parent":0,"menu_order":6,"comment_status":"open","ping_status":"closed","template":"","meta":{"footnotes":""},"class_list":["post-241","page","type-page","status-publish","hentry"],"_links":{"self":[{"href":"https:\/\/krets.jagareforbundet.se\/sotenas\/wp-json\/wp\/v2\/pages\/241","targetHints":{"allow":["GET"]}}],"collection":[{"href":"https:\/\/krets.jagareforbundet.se\/sotenas\/wp-json\/wp\/v2\/pages"}],"about":[{"href":"https:\/\/krets.jagareforbundet.se\/sotenas\/wp-json\/wp\/v2\/types\/page"}],"author":[{"embeddable":true,"href":"https:\/\/krets.jagareforbundet.se\/sotenas\/wp-json\/wp\/v2\/users\/213"}],"replies":[{"embeddable":true,"href":"https:\/\/krets.jagareforbundet.se\/sotenas\/wp-json\/wp\/v2\/comments?post=241"}],"version-history":[{"count":1,"href":"https:\/\/krets.jagareforbundet.se\/sotenas\/wp-json\/wp\/v2\/pages\/241\/revisions"}],"predecessor-version":[{"id":477,"href":"https:\/\/krets.jagareforbundet.se\/sotenas\/wp-json\/wp\/v2\/pages\/241\/revisions\/477"}],"wp:attachment":[{"href":"https:\/\/krets.jagareforbundet.se\/sotenas\/wp-json\/wp\/v2\/media?parent=241"}],"curies":[{"name":"wp","href":"https:\/\/api.w.org\/{rel}","templated":true}]}}