{"id":344,"date":"2018-07-26T16:15:29","date_gmt":"2018-07-26T14:15:29","guid":{"rendered":"https:\/\/krets.jagareforbundet.se\/sotenas\/?page_id=344"},"modified":"2025-02-13T09:34:58","modified_gmt":"2025-02-13T08:34:58","slug":"rovdjursobservationer","status":"publish","type":"page","link":"https:\/\/krets.jagareforbundet.se\/sotenas\/rovdjursobservationer\/","title":{"rendered":"Rovdjursobservationer"},"content":{"rendered":"<p><b>Nu kan vi l\u00e4gga in v\u00e5ra egna rovdjurs-observationer i databasen <\/b><a href=\"http:\/\/www.rovobs.se\"><b>www.rovobs.se<\/b><\/a><\/p>\n<p><b>\u00a0<\/b><\/p>\n<p>H\u00e4r kan du rapportera dina rovdjursobservationer och se var rovdjuren finns i l\u00e4net. Syftet med rapporteringssidan \u00e4r att underl\u00e4tta allm\u00e4nhetens rapportering till L\u00e4nsstyrelsen, \u00f6ka allm\u00e4nhetens kunskap om rovdjursf\u00f6rekomst, samt f\u00f6rebygga skador p\u00e5 tamdjur och hundar.<\/p>\n<p>Observationer av b\u00e5de varg och lodjur finns registrerade i Soten\u00e4s och grannkommuner.<\/p>\n<p>F\u00f6r att f\u00e5 hj\u00e4lp med att bed\u00f6ma dina observationer ring kretsens rovdjursansvariga.<\/p>\n<p><b>Claes G\u00f6ransson 076 782 28 09<\/b><\/p>\n<p>&nbsp;<\/p>\n","protected":false},"excerpt":{"rendered":"<p>Nu kan vi l\u00e4gga in v\u00e5ra egna rovdjurs-observationer i databasen www.rovobs.se \u00a0 H\u00e4r kan du rapportera dina rovdjursobservationer och se var rovdjuren finns i l\u00e4net. Syftet med rapporteringssidan \u00e4r att underl\u00e4tta allm\u00e4nhetens rapportering till L\u00e4nsstyrelsen, \u00f6ka allm\u00e4nhetens kunskap om rovdjursf\u00f6rekomst, samt f\u00f6rebygga skador p\u00e5 tamdjur och hundar. Observationer av b\u00e5de varg och lodjur finns registrerade [&hellip;]<\/p>\n","protected":false},"author":213,"featured_media":345,"parent":0,"menu_order":3,"comment_status":"closed","ping_status":"closed","template":"","meta":{"footnotes":""},"class_list":["post-344","page","type-page","status-publish","has-post-thumbnail","hentry"],"_links":{"self":[{"href":"https:\/\/krets.jagareforbundet.se\/sotenas\/wp-json\/wp\/v2\/pages\/344","targetHints":{"allow":["GET"]}}],"collection":[{"href":"https:\/\/krets.jagareforbundet.se\/sotenas\/wp-json\/wp\/v2\/pages"}],"about":[{"href":"https:\/\/krets.jagareforbundet.se\/sotenas\/wp-json\/wp\/v2\/types\/page"}],"author":[{"embeddable":true,"href":"https:\/\/krets.jagareforbundet.se\/sotenas\/wp-json\/wp\/v2\/users\/213"}],"replies":[{"embeddable":true,"href":"https:\/\/krets.jagareforbundet.se\/sotenas\/wp-json\/wp\/v2\/comments?post=344"}],"version-history":[{"count":2,"href":"https:\/\/krets.jagareforbundet.se\/sotenas\/wp-json\/wp\/v2\/pages\/344\/revisions"}],"predecessor-version":[{"id":473,"href":"https:\/\/krets.jagareforbundet.se\/sotenas\/wp-json\/wp\/v2\/pages\/344\/revisions\/473"}],"wp:featuredmedia":[{"embeddable":true,"href":"https:\/\/krets.jagareforbundet.se\/sotenas\/wp-json\/wp\/v2\/media\/345"}],"wp:attachment":[{"href":"https:\/\/krets.jagareforbundet.se\/sotenas\/wp-json\/wp\/v2\/media?parent=344"}],"curies":[{"name":"wp","href":"https:\/\/api.w.org\/{rel}","templated":true}]}}