{"id":389,"date":"2019-11-08T17:10:19","date_gmt":"2019-11-08T16:10:19","guid":{"rendered":"https:\/\/krets.jagareforbundet.se\/sotenas\/?page_id=389"},"modified":"2025-02-13T09:34:16","modified_gmt":"2025-02-13T08:34:16","slug":"kustjaktfragor","status":"publish","type":"page","link":"https:\/\/krets.jagareforbundet.se\/sotenas\/kustjaktfragor\/","title":{"rendered":"Kustjaktfr\u00e5gor"},"content":{"rendered":"<p>Har ni n\u00e5gra fr\u00e5gor som g\u00e4ller kustjakten s\u00e5 ska ni v\u00e4nda er till Anders Henriksson, 0733 \u2013 30 33 80 det \u00e4r han som ansvarar f\u00f6r dessa.<\/p>\n","protected":false},"excerpt":{"rendered":"<p>Har ni n\u00e5gra fr\u00e5gor som g\u00e4ller kustjakten s\u00e5 ska ni v\u00e4nda er till Anders Henriksson, 0733 \u2013 30 33 80 det \u00e4r han som ansvarar f\u00f6r dessa.<\/p>\n","protected":false},"author":213,"featured_media":384,"parent":0,"menu_order":3,"comment_status":"closed","ping_status":"closed","template":"","meta":{"footnotes":""},"class_list":["post-389","page","type-page","status-publish","has-post-thumbnail","hentry"],"_links":{"self":[{"href":"https:\/\/krets.jagareforbundet.se\/sotenas\/wp-json\/wp\/v2\/pages\/389","targetHints":{"allow":["GET"]}}],"collection":[{"href":"https:\/\/krets.jagareforbundet.se\/sotenas\/wp-json\/wp\/v2\/pages"}],"about":[{"href":"https:\/\/krets.jagareforbundet.se\/sotenas\/wp-json\/wp\/v2\/types\/page"}],"author":[{"embeddable":true,"href":"https:\/\/krets.jagareforbundet.se\/sotenas\/wp-json\/wp\/v2\/users\/213"}],"replies":[{"embeddable":true,"href":"https:\/\/krets.jagareforbundet.se\/sotenas\/wp-json\/wp\/v2\/comments?post=389"}],"version-history":[{"count":3,"href":"https:\/\/krets.jagareforbundet.se\/sotenas\/wp-json\/wp\/v2\/pages\/389\/revisions"}],"predecessor-version":[{"id":471,"href":"https:\/\/krets.jagareforbundet.se\/sotenas\/wp-json\/wp\/v2\/pages\/389\/revisions\/471"}],"wp:featuredmedia":[{"embeddable":true,"href":"https:\/\/krets.jagareforbundet.se\/sotenas\/wp-json\/wp\/v2\/media\/384"}],"wp:attachment":[{"href":"https:\/\/krets.jagareforbundet.se\/sotenas\/wp-json\/wp\/v2\/media?parent=389"}],"curies":[{"name":"wp","href":"https:\/\/api.w.org\/{rel}","templated":true}]}}