{"id":486,"date":"2025-02-15T11:40:36","date_gmt":"2025-02-15T10:40:36","guid":{"rendered":"https:\/\/krets.jagareforbundet.se\/sotenas\/?page_id=486"},"modified":"2025-02-15T11:41:06","modified_gmt":"2025-02-15T10:41:06","slug":"nationella-viltolycksradet","status":"publish","type":"page","link":"https:\/\/krets.jagareforbundet.se\/sotenas\/nationella-viltolycksradet\/","title":{"rendered":"Nationella Viltolycksr\u00e5det"},"content":{"rendered":"<h1>S\u00e5 h\u00e4r g\u00f6r du om du kolliderar med vilt<\/h1>\n<p>Enligt \u00a7 40 i Jaktf\u00f6rordningen m\u00e5ste fordonsf\u00f6raren vid en sammanst\u00f6tning mellan motorfordon och\u00a0<a href=\"https:\/\/artfakta.se\/artinformation\/taxa\/ursus-arctos-100145\/\" target=\"_blank\" rel=\"noopener\">bj\u00f6rn<\/a>,\u00a0<a href=\"https:\/\/artfakta.se\/artinformation\/taxa\/100024\/\" target=\"_blank\" rel=\"noopener\">varg<\/a>,\u00a0<a href=\"https:\/\/artfakta.se\/artinformation\/taxa\/gulo-gulo-100066\/\" target=\"_blank\" rel=\"noopener\">j\u00e4rv<\/a>,\u00a0<a href=\"https:\/\/artfakta.se\/artinformation\/taxa\/lynx-lynx-100057\/\" target=\"_blank\" rel=\"noopener\">lodjur<\/a>,\u00a0<a href=\"https:\/\/artfakta.se\/artinformation\/taxa\/alces-alces-206046\/\" target=\"_blank\" rel=\"noopener\">\u00e4lg<\/a>,\u00a0<a href=\"https:\/\/artfakta.se\/artinformation\/taxa\/cervus-elaphus-206043\/\" target=\"_blank\" rel=\"noopener\">kronhjort<\/a>,\u00a0<a href=\"https:\/\/artfakta.se\/artinformation\/taxa\/dama-dama-206044\/\" target=\"_blank\" rel=\"noopener\">dovhjort<\/a>,\u00a0<a href=\"https:\/\/artfakta.se\/artinformation\/taxa\/capreolus-capreolus-206045\/\" target=\"_blank\" rel=\"noopener\">r\u00e5djur<\/a>,\u00a0<a href=\"https:\/\/artfakta.se\/artinformation\/taxa\/lutra-lutra-100077\/\" target=\"_blank\" rel=\"noopener\">utter<\/a>,\u00a0<a href=\"https:\/\/artfakta.se\/artinformation\/taxa\/sus-scrofa-6010576\/\" target=\"_blank\" rel=\"noopener\">vildsvin<\/a>,\u00a0<a href=\"https:\/\/artfakta.se\/artinformation\/taxa\/ovis-aries-musimon-246283\/\" target=\"_blank\" rel=\"noopener\">mufflonf\u00e5r\u00a0<\/a>och\u00a0<a href=\"https:\/\/artfakta.se\/artinformation\/taxa\/circaetus-clanga-hieraaetus-aquila-haliaeetus-6006148\/\" target=\"_blank\" rel=\"noopener\">\u00f6rn\u00a0<\/a><strong>underr\u00e4tta polisen via 112<\/strong>\u00a0\u00e4ven om djuret inte \u00e4r synligt skadat.\u00a0Att inte underr\u00e4tta polisen vid en sammanst\u00f6tning \u00e4r straffbart och belagt med b\u00f6ter.<\/p>\n","protected":false},"excerpt":{"rendered":"<p>S\u00e5 h\u00e4r g\u00f6r du om du kolliderar med vilt Enligt \u00a7 40 i Jaktf\u00f6rordningen m\u00e5ste fordonsf\u00f6raren vid en sammanst\u00f6tning mellan motorfordon och\u00a0bj\u00f6rn,\u00a0varg,\u00a0j\u00e4rv,\u00a0lodjur,\u00a0\u00e4lg,\u00a0kronhjort,\u00a0dovhjort,\u00a0r\u00e5djur,\u00a0utter,\u00a0vildsvin,\u00a0mufflonf\u00e5r\u00a0och\u00a0\u00f6rn\u00a0underr\u00e4tta polisen via 112\u00a0\u00e4ven om djuret inte \u00e4r synligt skadat.\u00a0Att inte underr\u00e4tta polisen vid en sammanst\u00f6tning \u00e4r straffbart och belagt med b\u00f6ter.<\/p>\n","protected":false},"author":213,"featured_media":0,"parent":0,"menu_order":9,"comment_status":"closed","ping_status":"closed","template":"","meta":{"footnotes":""},"class_list":["post-486","page","type-page","status-publish","hentry"],"_links":{"self":[{"href":"https:\/\/krets.jagareforbundet.se\/sotenas\/wp-json\/wp\/v2\/pages\/486","targetHints":{"allow":["GET"]}}],"collection":[{"href":"https:\/\/krets.jagareforbundet.se\/sotenas\/wp-json\/wp\/v2\/pages"}],"about":[{"href":"https:\/\/krets.jagareforbundet.se\/sotenas\/wp-json\/wp\/v2\/types\/page"}],"author":[{"embeddable":true,"href":"https:\/\/krets.jagareforbundet.se\/sotenas\/wp-json\/wp\/v2\/users\/213"}],"replies":[{"embeddable":true,"href":"https:\/\/krets.jagareforbundet.se\/sotenas\/wp-json\/wp\/v2\/comments?post=486"}],"version-history":[{"count":1,"href":"https:\/\/krets.jagareforbundet.se\/sotenas\/wp-json\/wp\/v2\/pages\/486\/revisions"}],"predecessor-version":[{"id":487,"href":"https:\/\/krets.jagareforbundet.se\/sotenas\/wp-json\/wp\/v2\/pages\/486\/revisions\/487"}],"wp:attachment":[{"href":"https:\/\/krets.jagareforbundet.se\/sotenas\/wp-json\/wp\/v2\/media?parent=486"}],"curies":[{"name":"wp","href":"https:\/\/api.w.org\/{rel}","templated":true}]}}