{"id":488,"date":"2025-02-15T11:55:23","date_gmt":"2025-02-15T10:55:23","guid":{"rendered":"https:\/\/krets.jagareforbundet.se\/sotenas\/?page_id=488"},"modified":"2025-02-15T11:55:23","modified_gmt":"2025-02-15T10:55:23","slug":"statestik","status":"publish","type":"page","link":"https:\/\/krets.jagareforbundet.se\/sotenas\/nationella-viltolycksradet\/statestik\/","title":{"rendered":"Statestik"},"content":{"rendered":"<p>H\u00e4r under f\u00e5r in en l\u00e4nk till Nationella viltolycksr\u00e5det d\u00e4r ni kan se \u00f6ver statistik per l\u00e4n, kommun<\/p>\n<p>&nbsp;<\/p>\n<p><a href=\"https:\/\/www.viltolycka.se\/statistik\/har-hander-viltolyckorna-dar-du-bor\/\">https:\/\/www.viltolycka.se\/statistik\/har-hander-viltolyckorna-dar-du-bor\/<\/a><\/p>\n","protected":false},"excerpt":{"rendered":"<p>H\u00e4r under f\u00e5r in en l\u00e4nk till Nationella viltolycksr\u00e5det d\u00e4r ni kan se \u00f6ver statistik per l\u00e4n, kommun &nbsp; https:\/\/www.viltolycka.se\/statistik\/har-hander-viltolyckorna-dar-du-bor\/<\/p>\n","protected":false},"author":213,"featured_media":0,"parent":486,"menu_order":0,"comment_status":"closed","ping_status":"closed","template":"","meta":{"footnotes":""},"class_list":["post-488","page","type-page","status-publish","hentry"],"_links":{"self":[{"href":"https:\/\/krets.jagareforbundet.se\/sotenas\/wp-json\/wp\/v2\/pages\/488","targetHints":{"allow":["GET"]}}],"collection":[{"href":"https:\/\/krets.jagareforbundet.se\/sotenas\/wp-json\/wp\/v2\/pages"}],"about":[{"href":"https:\/\/krets.jagareforbundet.se\/sotenas\/wp-json\/wp\/v2\/types\/page"}],"author":[{"embeddable":true,"href":"https:\/\/krets.jagareforbundet.se\/sotenas\/wp-json\/wp\/v2\/users\/213"}],"replies":[{"embeddable":true,"href":"https:\/\/krets.jagareforbundet.se\/sotenas\/wp-json\/wp\/v2\/comments?post=488"}],"version-history":[{"count":2,"href":"https:\/\/krets.jagareforbundet.se\/sotenas\/wp-json\/wp\/v2\/pages\/488\/revisions"}],"predecessor-version":[{"id":490,"href":"https:\/\/krets.jagareforbundet.se\/sotenas\/wp-json\/wp\/v2\/pages\/488\/revisions\/490"}],"up":[{"embeddable":true,"href":"https:\/\/krets.jagareforbundet.se\/sotenas\/wp-json\/wp\/v2\/pages\/486"}],"wp:attachment":[{"href":"https:\/\/krets.jagareforbundet.se\/sotenas\/wp-json\/wp\/v2\/media?parent=488"}],"curies":[{"name":"wp","href":"https:\/\/api.w.org\/{rel}","templated":true}]}}