{"id":516,"date":"2026-05-02T17:22:05","date_gmt":"2026-05-02T15:22:05","guid":{"rendered":"https:\/\/krets.jagareforbundet.se\/sotenas\/?page_id=516"},"modified":"2026-05-02T17:41:47","modified_gmt":"2026-05-02T15:41:47","slug":"kommunala-marker","status":"publish","type":"page","link":"https:\/\/krets.jagareforbundet.se\/sotenas\/kommunala-marker\/","title":{"rendered":"Kommunala marker"},"content":{"rendered":"<p>Soten\u00e4s Jaktv\u00e5rds krets disponerar jaktr\u00e4tten p\u00e5 Soten\u00e4s kommuns marker genom ett avtal sedan m\u00e5nga \u00e5r tillbaka.<\/p>\n<p>&nbsp;<\/p>\n<p>I avtalet st\u00e5r det bland annat att Soten\u00e4s jaktv\u00e5rds krets skall tillhandh\u00e5lla kommun j\u00e4gare utan kostnad som motprestation.<\/p>\n<p>&nbsp;<\/p>\n<p>Det finns idag sex stycken kommun j\u00e4gare, i Hunnebostrand Kungshamn och p\u00e5 Bohus-Malm\u00f6n.<\/p>\n<p>De har olika ansvarsomr\u00e5den och t\u00e4cker p\u00e5 s\u00e5 s\u00e4tt in hela kommunen. de verkar i f\u00f6rsta hand di t\u00e4tbebyggda omr\u00e5den. Alla har tillst\u00e5nd av Polisen f\u00f6r att kunna utf\u00f6ra sitt uppdrag.<\/p>\n<p>&nbsp;<\/p>\n<p>N\u00e4r det g\u00e4ller de markomr\u00e5den som Soten\u00e4s jaktv\u00e5rds krets disponerar se \u00e4r de flesta mindre och ligger p\u00e5 olika st\u00e4llen i kommunen fr\u00e4mst i de s\u00f6dra delarna. P\u00e5 ett \u00e5rsm\u00f6te f\u00f6r ca. 20 \u00e5r sedan beslutades det att mindre marker skulle i f\u00f6rsta hand ing\u00e5 i angr\u00e4nsande marker med jakten.<\/p>\n<p>&nbsp;<\/p>\n<p>Kommun j\u00e4garna arrenderar jaktmark d\u00f6r man \u00e4r tv\u00e5 p\u00e5 varje jaktmark.<\/p>\n","protected":false},"excerpt":{"rendered":"<p>Soten\u00e4s Jaktv\u00e5rds krets disponerar jaktr\u00e4tten p\u00e5 Soten\u00e4s kommuns marker genom ett avtal sedan m\u00e5nga \u00e5r tillbaka. &nbsp; I avtalet st\u00e5r det bland annat att Soten\u00e4s jaktv\u00e5rds krets skall tillhandh\u00e5lla kommun j\u00e4gare utan kostnad som motprestation. &nbsp; Det finns idag sex stycken kommun j\u00e4gare, i Hunnebostrand Kungshamn och p\u00e5 Bohus-Malm\u00f6n. De har olika ansvarsomr\u00e5den och t\u00e4cker [&hellip;]<\/p>\n","protected":false},"author":213,"featured_media":0,"parent":0,"menu_order":9,"comment_status":"closed","ping_status":"closed","template":"","meta":{"footnotes":""},"class_list":["post-516","page","type-page","status-publish","hentry"],"_links":{"self":[{"href":"https:\/\/krets.jagareforbundet.se\/sotenas\/wp-json\/wp\/v2\/pages\/516","targetHints":{"allow":["GET"]}}],"collection":[{"href":"https:\/\/krets.jagareforbundet.se\/sotenas\/wp-json\/wp\/v2\/pages"}],"about":[{"href":"https:\/\/krets.jagareforbundet.se\/sotenas\/wp-json\/wp\/v2\/types\/page"}],"author":[{"embeddable":true,"href":"https:\/\/krets.jagareforbundet.se\/sotenas\/wp-json\/wp\/v2\/users\/213"}],"replies":[{"embeddable":true,"href":"https:\/\/krets.jagareforbundet.se\/sotenas\/wp-json\/wp\/v2\/comments?post=516"}],"version-history":[{"count":3,"href":"https:\/\/krets.jagareforbundet.se\/sotenas\/wp-json\/wp\/v2\/pages\/516\/revisions"}],"predecessor-version":[{"id":522,"href":"https:\/\/krets.jagareforbundet.se\/sotenas\/wp-json\/wp\/v2\/pages\/516\/revisions\/522"}],"wp:attachment":[{"href":"https:\/\/krets.jagareforbundet.se\/sotenas\/wp-json\/wp\/v2\/media?parent=516"}],"curies":[{"name":"wp","href":"https:\/\/api.w.org\/{rel}","templated":true}]}}