{"id":523,"date":"2026-05-02T17:59:36","date_gmt":"2026-05-02T15:59:36","guid":{"rendered":"https:\/\/krets.jagareforbundet.se\/sotenas\/?page_id=523"},"modified":"2026-05-04T20:19:21","modified_gmt":"2026-05-04T18:19:21","slug":"jaktmarker-utarrenderas","status":"publish","type":"page","link":"https:\/\/krets.jagareforbundet.se\/sotenas\/kommunala-marker\/jaktmarker-utarrenderas\/","title":{"rendered":"Jaktmarker utarrenderas"},"content":{"rendered":"<p>Soten\u00e4s jaktv\u00e5rds krets utarrenderar tv\u00e5 olika jaktmarker. Arrendet \u00e4r p\u00e5 tv\u00e5 \u00e5r (1\/7-2026 till 30\/6-2028)<\/p>\n<p>&nbsp;<\/p>\n<p>1- <strong>Spar\u00f6d\u00a0 \u00a0<\/strong>ca. 65 ha<\/p>\n<ul>\n<li>Del av H\u00e4ljer\u00f6d 1:4<\/li>\n<\/ul>\n<p>2- <strong>Bua\u00a0 \u00a0 \u00a0 \u00a0<\/strong> ca. 28 ha<\/p>\n<ul>\n<li>1:6 &#8211; 1:7 &#8211; 1:8<\/li>\n<li>1:15-1:16<\/li>\n<li>1:26 \u00f6ster om v\u00e4g<\/li>\n<\/ul>\n<p>Arrendena kommer att lottas ut.<\/p>\n<p>f\u00f6r att f\u00e5 lov att delta i lotterier skall f\u00f6ljande kriterier vara uppfyllda.<\/p>\n<ul>\n<li>Vara \u00e5rsboende(folkbokf\u00f6rd) i Soten\u00e4s kommun.<\/li>\n<li>vara medlem svenska j\u00e4garf\u00f6rbundet, avdelning Soten\u00e4s jaktv\u00e5rds krets.<\/li>\n<li>Vara Markl\u00f6s (ej \u00e4ga mer \u00e4n 5 ha mark)<\/li>\n<li>S\u00f6kande skall ha Licens f\u00f6r jaktvapen.<\/li>\n<\/ul>\n<p>Fr\u00e5gor besvaras av Anders Henriksson &#8211; 0733 30 33 80 coh Bj\u00f6rn Ralbring &#8211; 0793 49 15 52<\/p>\n<p>Anm\u00e4lan till dragning\u00a0<a href=\"b.ralbring@hotmail.com\">b.ralbring@hotmail.com<\/a><\/p>\n<p>&nbsp;<\/p>\n<p><strong>Sista anm\u00e4lan 31\/5-26<\/strong><\/p>\n","protected":false},"excerpt":{"rendered":"<p>Soten\u00e4s jaktv\u00e5rds krets utarrenderar tv\u00e5 olika jaktmarker. Arrendet \u00e4r p\u00e5 tv\u00e5 \u00e5r (1\/7-2026 till 30\/6-2028) &nbsp; 1- Spar\u00f6d\u00a0 \u00a0ca. 65 ha Del av H\u00e4ljer\u00f6d 1:4 2- Bua\u00a0 \u00a0 \u00a0 \u00a0 ca. 28 ha 1:6 &#8211; 1:7 &#8211; 1:8 1:15-1:16 1:26 \u00f6ster om v\u00e4g Arrendena kommer att lottas ut. f\u00f6r att f\u00e5 lov att delta i [&hellip;]<\/p>\n","protected":false},"author":213,"featured_media":0,"parent":516,"menu_order":1,"comment_status":"closed","ping_status":"closed","template":"","meta":{"footnotes":""},"class_list":["post-523","page","type-page","status-publish","hentry"],"_links":{"self":[{"href":"https:\/\/krets.jagareforbundet.se\/sotenas\/wp-json\/wp\/v2\/pages\/523","targetHints":{"allow":["GET"]}}],"collection":[{"href":"https:\/\/krets.jagareforbundet.se\/sotenas\/wp-json\/wp\/v2\/pages"}],"about":[{"href":"https:\/\/krets.jagareforbundet.se\/sotenas\/wp-json\/wp\/v2\/types\/page"}],"author":[{"embeddable":true,"href":"https:\/\/krets.jagareforbundet.se\/sotenas\/wp-json\/wp\/v2\/users\/213"}],"replies":[{"embeddable":true,"href":"https:\/\/krets.jagareforbundet.se\/sotenas\/wp-json\/wp\/v2\/comments?post=523"}],"version-history":[{"count":2,"href":"https:\/\/krets.jagareforbundet.se\/sotenas\/wp-json\/wp\/v2\/pages\/523\/revisions"}],"predecessor-version":[{"id":529,"href":"https:\/\/krets.jagareforbundet.se\/sotenas\/wp-json\/wp\/v2\/pages\/523\/revisions\/529"}],"up":[{"embeddable":true,"href":"https:\/\/krets.jagareforbundet.se\/sotenas\/wp-json\/wp\/v2\/pages\/516"}],"wp:attachment":[{"href":"https:\/\/krets.jagareforbundet.se\/sotenas\/wp-json\/wp\/v2\/media?parent=523"}],"curies":[{"name":"wp","href":"https:\/\/api.w.org\/{rel}","templated":true}]}}