{"id":139,"date":"2013-12-05T23:15:14","date_gmt":"2013-12-05T22:15:14","guid":{"rendered":"https:\/\/krets.jagareforbundet.se\/stockholmscentrala\/?page_id=139"},"modified":"2018-04-06T12:31:13","modified_gmt":"2018-04-06T10:31:13","slug":"ungdomsjakt-pa-galo","status":"publish","type":"page","link":"https:\/\/krets.jagareforbundet.se\/stockholmscentrala\/ungdomsjakt-pa-galo\/","title":{"rendered":"Ungdomsjakt"},"content":{"rendered":"<div class=\"header\">\n<h2>Ungdomsverksamhet<\/h2>\n<\/div>\n<div class=\"text\">\n<p>&#8211; Ungdomsgruppen skall aktivera och utbilda ungdomar inom jakt och naturkunskap.<\/p>\n<p>&#8211; Uppgiften genomf\u00f6rs genom fadderverksamhet under praktisk jakt, deltagande i viltv\u00e5rdsarbete och andra praktiska aktiviteter som f\u00f6rberedelse till j\u00e4garexamen, studiebes\u00f6k, mm.<\/p>\n<p>&#8211; P\u00e5 sikt kan det bli aktuellt att ordna sommarl\u00e4ger.<\/p>\n<p>Kontakt med v\u00e5r ungdomsansvarige sker via kontaktformul\u00e4ret.<\/p>\n<\/div>\n","protected":false},"excerpt":{"rendered":"<p>Ungdomsverksamhet &#8211; Ungdomsgruppen skall aktivera och utbilda ungdomar inom jakt och naturkunskap. &#8211; Uppgiften genomf\u00f6rs genom fadderverksamhet under praktisk jakt, deltagande i viltv\u00e5rdsarbete och andra praktiska aktiviteter som f\u00f6rberedelse till j\u00e4garexamen, studiebes\u00f6k, mm. &#8211; P\u00e5 sikt kan det bli aktuellt att ordna sommarl\u00e4ger. Kontakt med v\u00e5r ungdomsansvarige sker via kontaktformul\u00e4ret.<\/p>\n","protected":false},"author":129,"featured_media":0,"parent":0,"menu_order":0,"comment_status":"open","ping_status":"open","template":"","meta":{"footnotes":""},"class_list":["post-139","page","type-page","status-publish","hentry"],"_links":{"self":[{"href":"https:\/\/krets.jagareforbundet.se\/stockholmscentrala\/wp-json\/wp\/v2\/pages\/139","targetHints":{"allow":["GET"]}}],"collection":[{"href":"https:\/\/krets.jagareforbundet.se\/stockholmscentrala\/wp-json\/wp\/v2\/pages"}],"about":[{"href":"https:\/\/krets.jagareforbundet.se\/stockholmscentrala\/wp-json\/wp\/v2\/types\/page"}],"author":[{"embeddable":true,"href":"https:\/\/krets.jagareforbundet.se\/stockholmscentrala\/wp-json\/wp\/v2\/users\/129"}],"replies":[{"embeddable":true,"href":"https:\/\/krets.jagareforbundet.se\/stockholmscentrala\/wp-json\/wp\/v2\/comments?post=139"}],"version-history":[{"count":0,"href":"https:\/\/krets.jagareforbundet.se\/stockholmscentrala\/wp-json\/wp\/v2\/pages\/139\/revisions"}],"wp:attachment":[{"href":"https:\/\/krets.jagareforbundet.se\/stockholmscentrala\/wp-json\/wp\/v2\/media?parent=139"}],"curies":[{"name":"wp","href":"https:\/\/api.w.org\/{rel}","templated":true}]}}