{"id":222,"date":"2014-11-06T17:36:21","date_gmt":"2014-11-06T16:36:21","guid":{"rendered":"https:\/\/krets.jagareforbundet.se\/stockholmscentrala\/?page_id=222"},"modified":"2025-04-19T16:13:03","modified_gmt":"2025-04-19T14:13:03","slug":"tips","status":"publish","type":"page","link":"https:\/\/krets.jagareforbundet.se\/stockholmscentrala\/tips\/","title":{"rendered":"Tips &amp; S\u00e5nt"},"content":{"rendered":"<h2>H\u00e4r tipsar vi om litteratur, Youtube-kanaler och annat som kan ge inspiration till jakt, maktlagning och fina naturupplevelser<\/h2>\n<p><a href=\"https:\/\/krets.jagareforbundet.se\/stockholmscentrala\/files\/2025\/04\/I-magen-pa-en-jagare__PadWzY5Niw2MDAsImY4ZjhmOCIsMF0-1.jpg\"><img loading=\"lazy\" decoding=\"async\" class=\" wp-image-967 alignleft\" src=\"https:\/\/krets.jagareforbundet.se\/stockholmscentrala\/files\/2025\/04\/I-magen-pa-en-jagare__PadWzY5Niw2MDAsImY4ZjhmOCIsMF0-1-212x300.jpg\" alt=\"\" width=\"144\" height=\"204\" srcset=\"https:\/\/krets.jagareforbundet.se\/stockholmscentrala\/files\/2025\/04\/I-magen-pa-en-jagare__PadWzY5Niw2MDAsImY4ZjhmOCIsMF0-1-212x300.jpg 212w, https:\/\/krets.jagareforbundet.se\/stockholmscentrala\/files\/2025\/04\/I-magen-pa-en-jagare__PadWzY5Niw2MDAsImY4ZjhmOCIsMF0-1.jpg 392w\" sizes=\"auto, (max-width: 144px) 100vw, 144px\" \/><\/a><strong>I magen p\u00e5 en j\u00e4gare av Danyel Couet och Lubbe Garell\u00a0<\/strong><\/p>\n<p><i>I magen p\u00e5 en j\u00e4gare<\/i> ger dig massvis med recept d\u00e4r det vilda k\u00f6ttet st\u00e5r i fokus. Med influenser fr\u00e5n v\u00e4rldens alla h\u00f6rn och recept f\u00f6r m\u00e5nga olika typer av vilt, fr\u00e5n dovhjort till hare och fasan, finns h\u00e4r n\u00e5got f\u00f6r alla. Danyel och Lubbes personliga tilltal och gener\u00f6st f\u00f6rklarande texter om jakt och djur bjuder in b\u00e5de dig som redan \u00e4r \u00f6vertygad om det vilda k\u00f6ttets f\u00f6rtr\u00e4fflighet, dig som aldrig n\u00e5gonsin v\u00e5gat smaka p\u00e5 viltk\u00f6tt och dig som bara r\u00e5kar ha ett halvt r\u00e5djur i frysen som du inte vet vad du ska g\u00f6ra av. L\u00e4s mer om boken<a href=\"https:\/\/www.adlibris.com\/se\/bok\/i-magen-pa-en-jagare-konsten-att-jaga-och-laga-vilt-9789180022125\"> h\u00e4r<\/a>.<\/p>\n<p>&nbsp;<\/p>\n<p>&nbsp;<\/p>\n<p><em><a href=\"https:\/\/krets.jagareforbundet.se\/stockholmscentrala\/files\/2025\/04\/Bra-Jakt-Youtube.jpg\"><img loading=\"lazy\" decoding=\"async\" class=\" wp-image-984 alignleft\" src=\"https:\/\/krets.jagareforbundet.se\/stockholmscentrala\/files\/2025\/04\/Bra-Jakt-Youtube-300x169.jpg\" alt=\"\" width=\"147\" height=\"83\" srcset=\"https:\/\/krets.jagareforbundet.se\/stockholmscentrala\/files\/2025\/04\/Bra-Jakt-Youtube-300x169.jpg 300w, https:\/\/krets.jagareforbundet.se\/stockholmscentrala\/files\/2025\/04\/Bra-Jakt-Youtube-1024x576.jpg 1024w, https:\/\/krets.jagareforbundet.se\/stockholmscentrala\/files\/2025\/04\/Bra-Jakt-Youtube-768x432.jpg 768w, https:\/\/krets.jagareforbundet.se\/stockholmscentrala\/files\/2025\/04\/Bra-Jakt-Youtube.jpg 1280w\" sizes=\"auto, (max-width: 147px) 100vw, 147px\" \/><\/a>P\u00e5 Youtube-Kanalen Bra Jakt<\/em> f\u00f6ljer du Oscar von Stockenstr\u00f6m p\u00e5 olika sp\u00e4nnande. Genom att ta med olika personer p\u00e5 jakt som f\u00e5r uppleva nya jaktformer och viltarter hoppas han f\u00f6rmedla kunskap p\u00e5 ett sp\u00e4nnande och underh\u00e5llande s\u00e4tt. Oscar kommer \u00e4ven bes\u00f6ka j\u00e4gare som besitter kunskap han sj\u00e4lv inte har och och testa nya jaktformer, vilket f\u00f6rhoppningsvis \u00e4r lika givande f\u00f6r dig som tittare som f\u00f6r Oscar. Du hittar kanalen <a href=\"https:\/\/www.youtube.com\/c\/BRAJAKT\">h\u00e4r<\/a>.<\/p>\n<p>&nbsp;<\/p>\n","protected":false},"excerpt":{"rendered":"<p>H\u00e4r tipsar vi om litteratur, Youtube-kanaler och annat som kan ge inspiration till jakt, maktlagning och fina naturupplevelser I magen p\u00e5 en j\u00e4gare av Danyel Couet och Lubbe Garell\u00a0 I magen p\u00e5 en j\u00e4gare ger dig massvis med recept d\u00e4r det vilda k\u00f6ttet st\u00e5r i fokus. Med influenser fr\u00e5n v\u00e4rldens alla h\u00f6rn och recept f\u00f6r [&hellip;]<\/p>\n","protected":false},"author":129,"featured_media":0,"parent":0,"menu_order":7,"comment_status":"open","ping_status":"open","template":"template-biz.php","meta":{"footnotes":""},"class_list":["post-222","page","type-page","status-publish","hentry"],"_links":{"self":[{"href":"https:\/\/krets.jagareforbundet.se\/stockholmscentrala\/wp-json\/wp\/v2\/pages\/222","targetHints":{"allow":["GET"]}}],"collection":[{"href":"https:\/\/krets.jagareforbundet.se\/stockholmscentrala\/wp-json\/wp\/v2\/pages"}],"about":[{"href":"https:\/\/krets.jagareforbundet.se\/stockholmscentrala\/wp-json\/wp\/v2\/types\/page"}],"author":[{"embeddable":true,"href":"https:\/\/krets.jagareforbundet.se\/stockholmscentrala\/wp-json\/wp\/v2\/users\/129"}],"replies":[{"embeddable":true,"href":"https:\/\/krets.jagareforbundet.se\/stockholmscentrala\/wp-json\/wp\/v2\/comments?post=222"}],"version-history":[{"count":3,"href":"https:\/\/krets.jagareforbundet.se\/stockholmscentrala\/wp-json\/wp\/v2\/pages\/222\/revisions"}],"predecessor-version":[{"id":985,"href":"https:\/\/krets.jagareforbundet.se\/stockholmscentrala\/wp-json\/wp\/v2\/pages\/222\/revisions\/985"}],"wp:attachment":[{"href":"https:\/\/krets.jagareforbundet.se\/stockholmscentrala\/wp-json\/wp\/v2\/media?parent=222"}],"curies":[{"name":"wp","href":"https:\/\/api.w.org\/{rel}","templated":true}]}}