{"id":25,"date":"2011-09-09T08:04:59","date_gmt":"2011-09-09T06:04:59","guid":{"rendered":"https:\/\/krets.jagareforbundet.se\/template\/?page_id=25"},"modified":"2017-02-08T20:55:38","modified_gmt":"2017-02-08T19:55:38","slug":"blogg","status":"publish","type":"page","link":"https:\/\/krets.jagareforbundet.se\/stockholmscentrala\/arkiv\/blogg\/","title":{"rendered":"Blogg"},"content":{"rendered":"<p>Nu p\u00e5g\u00e5r planerandet av Krets\u00e5rsm\u00f6tet den 10 Februari p\u00e5 Volkswagens nya anl\u00e4ggning vid Smista all\u00e9.<\/p>\n","protected":false},"excerpt":{"rendered":"<p>Nu p\u00e5g\u00e5r planerandet av Krets\u00e5rsm\u00f6tet den 10 Februari p\u00e5 Volkswagens nya anl\u00e4ggning vid Smista all\u00e9.<\/p>\n","protected":false},"author":3,"featured_media":0,"parent":41,"menu_order":0,"comment_status":"open","ping_status":"closed","template":"","meta":{"footnotes":""},"class_list":["post-25","page","type-page","status-publish","hentry"],"_links":{"self":[{"href":"https:\/\/krets.jagareforbundet.se\/stockholmscentrala\/wp-json\/wp\/v2\/pages\/25","targetHints":{"allow":["GET"]}}],"collection":[{"href":"https:\/\/krets.jagareforbundet.se\/stockholmscentrala\/wp-json\/wp\/v2\/pages"}],"about":[{"href":"https:\/\/krets.jagareforbundet.se\/stockholmscentrala\/wp-json\/wp\/v2\/types\/page"}],"author":[{"embeddable":true,"href":"https:\/\/krets.jagareforbundet.se\/stockholmscentrala\/wp-json\/wp\/v2\/users\/3"}],"replies":[{"embeddable":true,"href":"https:\/\/krets.jagareforbundet.se\/stockholmscentrala\/wp-json\/wp\/v2\/comments?post=25"}],"version-history":[{"count":0,"href":"https:\/\/krets.jagareforbundet.se\/stockholmscentrala\/wp-json\/wp\/v2\/pages\/25\/revisions"}],"up":[{"embeddable":true,"href":"https:\/\/krets.jagareforbundet.se\/stockholmscentrala\/wp-json\/wp\/v2\/pages\/41"}],"wp:attachment":[{"href":"https:\/\/krets.jagareforbundet.se\/stockholmscentrala\/wp-json\/wp\/v2\/media?parent=25"}],"curies":[{"name":"wp","href":"https:\/\/api.w.org\/{rel}","templated":true}]}}