{"id":295,"date":"2015-01-31T00:33:45","date_gmt":"2015-01-30T23:33:45","guid":{"rendered":"https:\/\/krets.jagareforbundet.se\/stockholmscentrala\/?page_id=295"},"modified":"2025-04-19T17:25:16","modified_gmt":"2025-04-19T15:25:16","slug":"jaqt-sthlm","status":"publish","type":"page","link":"https:\/\/krets.jagareforbundet.se\/stockholmscentrala\/jaqt-sthlm\/","title":{"rendered":"V\u00e5rt kvinnliga n\u00e4tverk &#8211; JAQT Stockholm"},"content":{"rendered":"<p class=\"intro\"><a href=\"https:\/\/krets.jagareforbundet.se\/stockholmscentrala\/files\/2025\/04\/vidar-nordli-mathisen-IbaTONUx7BI-unsplash-scaled.jpg\"><img loading=\"lazy\" decoding=\"async\" class=\"alignleft wp-image-1004\" src=\"https:\/\/krets.jagareforbundet.se\/stockholmscentrala\/files\/2025\/04\/vidar-nordli-mathisen-IbaTONUx7BI-unsplash-300x200.jpg\" alt=\"\" width=\"182\" height=\"121\" srcset=\"https:\/\/krets.jagareforbundet.se\/stockholmscentrala\/files\/2025\/04\/vidar-nordli-mathisen-IbaTONUx7BI-unsplash-300x200.jpg 300w, https:\/\/krets.jagareforbundet.se\/stockholmscentrala\/files\/2025\/04\/vidar-nordli-mathisen-IbaTONUx7BI-unsplash-1024x683.jpg 1024w, https:\/\/krets.jagareforbundet.se\/stockholmscentrala\/files\/2025\/04\/vidar-nordli-mathisen-IbaTONUx7BI-unsplash-768x512.jpg 768w, https:\/\/krets.jagareforbundet.se\/stockholmscentrala\/files\/2025\/04\/vidar-nordli-mathisen-IbaTONUx7BI-unsplash-1536x1024.jpg 1536w, https:\/\/krets.jagareforbundet.se\/stockholmscentrala\/files\/2025\/04\/vidar-nordli-mathisen-IbaTONUx7BI-unsplash-2048x1365.jpg 2048w\" sizes=\"auto, (max-width: 182px) 100vw, 182px\" \/><\/a><\/p>\n<h3>JAQT &#8211; Jagande Aktiva Kvinnor i Tiden<\/h3>\n<p class=\"intro\">JAQT &#8211; Jagande Aktiva Kvinnor i Tiden, \u00e4r J\u00e4garef\u00f6rbundets kvinnliga n\u00e4tverk och m\u00e5ls\u00e4ttningen med JAQT \u00e4r att vi ska bli fler j\u00e4gare i Sverige, att \u00f6ka acceptansen f\u00f6r kvinnliga j\u00e4gare, hj\u00e4lpa nya kvinnliga j\u00e4gare samt att kvinnor och m\u00e4n ska jaga tillsammans. N\u00e4tverkets syfte:<\/p>\n<div>\n<ul>\n<li style=\"list-style-type: none\">\n<ul>\n<li style=\"list-style-type: none\">\n<ul>\n<li>Att knyta nya jaktliga kontakter<\/li>\n<li>Att umg\u00e5s utifr\u00e5n jakten och ha roligt tillsammans<\/li>\n<li>Att undvika prestige p\u00e5 skjutbanor och ute i skogen<\/li>\n<li>Att l\u00e4ra sig mer om jakt, djur, natur friluftsliv i form av m\u00f6ten, kurser, seminarier och jakt<\/li>\n<li>Att f\u00e5 information om nyheter inom bland annat jakt, natur, djur<\/li>\n<li>Att vara en grupp som bildar opinion och som kan st\u00f6tta inom aktuella jaktliga omr\u00e5den.<\/li>\n<\/ul>\n<\/li>\n<\/ul>\n<\/li>\n<\/ul>\n<h4><a href=\"https:\/\/krets.jagareforbundet.se\/stockholmscentrala\/files\/2025\/04\/remy-gieling-mqYEeAbHOnY-unsplash-scaled.jpg\"><img loading=\"lazy\" decoding=\"async\" class=\"alignleft wp-image-1005\" src=\"https:\/\/krets.jagareforbundet.se\/stockholmscentrala\/files\/2025\/04\/remy-gieling-mqYEeAbHOnY-unsplash-200x300.jpg\" alt=\"\" width=\"176\" height=\"265\" srcset=\"https:\/\/krets.jagareforbundet.se\/stockholmscentrala\/files\/2025\/04\/remy-gieling-mqYEeAbHOnY-unsplash-200x300.jpg 200w, https:\/\/krets.jagareforbundet.se\/stockholmscentrala\/files\/2025\/04\/remy-gieling-mqYEeAbHOnY-unsplash-683x1024.jpg 683w, https:\/\/krets.jagareforbundet.se\/stockholmscentrala\/files\/2025\/04\/remy-gieling-mqYEeAbHOnY-unsplash-768x1152.jpg 768w, https:\/\/krets.jagareforbundet.se\/stockholmscentrala\/files\/2025\/04\/remy-gieling-mqYEeAbHOnY-unsplash-1024x1536.jpg 1024w, https:\/\/krets.jagareforbundet.se\/stockholmscentrala\/files\/2025\/04\/remy-gieling-mqYEeAbHOnY-unsplash-1365x2048.jpg 1365w, https:\/\/krets.jagareforbundet.se\/stockholmscentrala\/files\/2025\/04\/remy-gieling-mqYEeAbHOnY-unsplash-scaled.jpg 1707w\" sizes=\"auto, (max-width: 176px) 100vw, 176px\" \/><\/a><\/h4>\n<h4>Har du fr\u00e5gor om JAQT?<\/h4>\n<p>Kontakta oss via kontaktformul\u00e4ret<\/p>\n<\/div>\n","protected":false},"excerpt":{"rendered":"<p>JAQT &#8211; Jagande Aktiva Kvinnor i Tiden JAQT &#8211; Jagande Aktiva Kvinnor i Tiden, \u00e4r J\u00e4garef\u00f6rbundets kvinnliga n\u00e4tverk och m\u00e5ls\u00e4ttningen med JAQT \u00e4r att vi ska bli fler j\u00e4gare i Sverige, att \u00f6ka acceptansen f\u00f6r kvinnliga j\u00e4gare, hj\u00e4lpa nya kvinnliga j\u00e4gare samt att kvinnor och m\u00e4n ska jaga tillsammans. N\u00e4tverkets syfte: Att knyta nya jaktliga [&hellip;]<\/p>\n","protected":false},"author":129,"featured_media":0,"parent":0,"menu_order":0,"comment_status":"open","ping_status":"open","template":"","meta":{"footnotes":""},"class_list":["post-295","page","type-page","status-publish","hentry"],"_links":{"self":[{"href":"https:\/\/krets.jagareforbundet.se\/stockholmscentrala\/wp-json\/wp\/v2\/pages\/295","targetHints":{"allow":["GET"]}}],"collection":[{"href":"https:\/\/krets.jagareforbundet.se\/stockholmscentrala\/wp-json\/wp\/v2\/pages"}],"about":[{"href":"https:\/\/krets.jagareforbundet.se\/stockholmscentrala\/wp-json\/wp\/v2\/types\/page"}],"author":[{"embeddable":true,"href":"https:\/\/krets.jagareforbundet.se\/stockholmscentrala\/wp-json\/wp\/v2\/users\/129"}],"replies":[{"embeddable":true,"href":"https:\/\/krets.jagareforbundet.se\/stockholmscentrala\/wp-json\/wp\/v2\/comments?post=295"}],"version-history":[{"count":3,"href":"https:\/\/krets.jagareforbundet.se\/stockholmscentrala\/wp-json\/wp\/v2\/pages\/295\/revisions"}],"predecessor-version":[{"id":1008,"href":"https:\/\/krets.jagareforbundet.se\/stockholmscentrala\/wp-json\/wp\/v2\/pages\/295\/revisions\/1008"}],"wp:attachment":[{"href":"https:\/\/krets.jagareforbundet.se\/stockholmscentrala\/wp-json\/wp\/v2\/media?parent=295"}],"curies":[{"name":"wp","href":"https:\/\/api.w.org\/{rel}","templated":true}]}}