{"id":302,"date":"2015-01-31T01:57:02","date_gmt":"2015-01-31T00:57:02","guid":{"rendered":"https:\/\/krets.jagareforbundet.se\/stockholmscentrala\/?page_id=302"},"modified":"2015-01-31T02:02:03","modified_gmt":"2015-01-31T01:02:03","slug":"sa-har-gar-en-radjursjakt-pa-bogesund-till","status":"publish","type":"page","link":"https:\/\/krets.jagareforbundet.se\/stockholmscentrala\/ungdomsjakt-pa-galo\/sa-har-gar-en-radjursjakt-pa-bogesund-till\/","title":{"rendered":"Exempel p\u00e5 hur en ungdomsjakt p\u00e5 r\u00e5djur vid Bogesund g\u00e5r till."},"content":{"rendered":"<table width=\"100%\">\n<tbody>\n<tr id=\"ctl00_cph2_ctl00_rowPrerequisites\">\n<td>\n<table width=\"100%\" cellspacing=\"0\" cellpadding=\"0\">\n<tbody>\n<tr>\n<td id=\"ctl00_cph2_ctl00_rptC_ctl00_rptO_ctl18_tdImg\" rowspan=\"2\" valign=\"top\"><\/td>\n<td><span class=\"Apple-style-span\" style=\"color: #ff0000\">Detta \u00e4r en jakt f\u00f6r ungdomar, bokning sker genom att skicka ett mail till <a href=\"mailto:ungdomsjakt@comhem.se\" target=\"_blank\">ungdomsjakt@comhem.se<\/a><\/span><span class=\"Apple-style-span\" style=\"color: #ff0000\"> med namn ,tel.nr,mail-adress,\u00e5lder och om du har j\u00e4garexamen<\/span>.Drevjakt med hagelgev\u00e4r p\u00e5 r\u00e5djur. R\u00e5djursjakt med drivande hund \u00e4r en klassisk jakt mycket omtyckt av b\u00e5de nyb\u00f6rjare och mer rutinerade j\u00e4gare. Chansen \u00e4r stor att du h\u00e4r under lugna former kan f\u00e4lla ett r\u00e5djur. Om inte annat t\u00f6rs vi garantera en sp\u00e4nnande jaktupplevelse p\u00e5 Bogesunds viltrika marker d\u00e4r det har bedrivits forskning p\u00e5 r\u00e5djur i mer \u00e4n 25 \u00e5r.<\/td>\n<\/tr>\n<\/tbody>\n<\/table>\n<p><span id=\"ctl00_cph2_ctl00_lblPrerequisites\" class=\"subheadline\">F\u00f6rkunskapskrav<\/span><br \/>\nV\u00e4lkommen att delta i en drevjakt p\u00e5 r\u00e5djur med hagelgev\u00e4r. R\u00e5djursjakt med drivande hund \u00e4r en klassisk jakt mycket omtyckt av b\u00e5de nyb\u00f6rjare och mer rutinerade j\u00e4gare. Chansen \u00e4r stor att du h\u00e4r under lugna former kan f\u00e4lla ett r\u00e5djur. Om inte annat t\u00f6rs vi garantera en sp\u00e4nnande jaktupplevelse p\u00e5 Bogesunds viltrika marker d\u00e4r det har bedrivits forskning p\u00e5 r\u00e5djur i mer \u00e4n 25 \u00e5r.<\/td>\n<\/tr>\n<tr id=\"ctl00_cph2_ctl00_rowNotes\">\n<td><span id=\"ctl00_cph2_ctl00_lblNotes\" class=\"subheadline\"><\/span><br \/>\n<b>Datum och tid:<\/b> <span id=\"ctl00_cph3_usercontrols_jagareforbundet_jagareforbundetcoursedates_ascx1_lblNoDatesText\">F\u00f6r aktuella kursdatum var v\u00e4nlig kontakta oss p\u00e5<\/span>\u00a0<a href=\"mailto:ungdomsjakt@comhem.se\" target=\"_blank\">ungdomsjakt@comhem.se<\/a><b>Samling:<\/b> R\u00f6sk\u00e4r, Bogesund<\/p>\n<p><b>V\u00e4gbeskrivning:<\/b><a href=\"http:\/\/www.jagareforbundet.se\/stockholm\/bogesund\/Default.asp?path=22653%2C22665&amp;pageid=32745\" target=\"_blank\"> L\u00e4nk till karta<\/a><\/p>\n<p><b>Till\u00e5tna vapen:<\/b> Hagelvapen i valfri kaliber.<\/p>\n<p><b>Ammunition:<\/b> Jaktammunition US 2-3.<\/p>\n<p><b>Pris f\u00f6r f\u00e4llt vilt:<\/b> 0 kr<br \/>\n<b>Pris f\u00f6r k\u00f6tt:<\/b> 35 kr per kg (passad vikt).<\/p>\n<p><b>Pris f\u00f6r trof\u00e9:<\/b> Trof\u00e9 med minst 6 taggar 500 kr.<\/p>\n<p><span style=\"color: #ff0000\"> K\u00f6ttet k\u00f6ps av skytten eller annan anvisad person. Betalning f\u00f6r k\u00f6tt och trof\u00e9 betalas till J\u00e4garef\u00f6rbundet i Stockholms l\u00e4n pg 330 43-1 senast 10 dagar efter aktuell jakt. Gl\u00f6m inte att ange skyttens namn och datum f\u00f6r aktuell jakt.<\/span><\/p>\n<p><b>Jakt PM:<\/b><a href=\"http:\/\/www.jagareforbundet.se\/stockholm\/bogesund\/images\/pm_bogesund_2012-09-26.pdf\" target=\"_blank\"> L\u00e4nk till Jakt-PM<\/a><\/p>\n<p>Alla deltagare i v\u00e5ra jakter m\u00e5ste ha &#8211; ansvarsf\u00f6rs\u00e4kring &#8211; jaktkort f\u00f6r jakt\u00e5ret &#8211; vapenlicens f\u00f6r aktuellt vapen. Du m\u00e5ste ocks\u00e5 kunna vad som st\u00e5r i v\u00e5r Jakt PM. F\u00f6rbered dig g\u00e4rna hemma genom att l\u00e4sa igenom denna. Observera att du som \u00e4r medlem i Svenska J\u00e4garef\u00f6rbundet automatiskt omfattas av en kollektiv ansvarsf\u00f6rs\u00e4kring. <b><\/b><\/p>\n<p>S\u00e5 h\u00e4r g\u00e5r jakten till<br \/>\nVi samlas p\u00e5 v\u00e5r jaktg\u00e5rd p\u00e5 R\u00f6sk\u00e4r, c:a 40 minuters bilresa fr\u00e5n Roslagstull d\u00e4r den ansvarige jaktledaren presenterar deltagarna och funktion\u00e4rerna, redovisar hur jakten kommer att g\u00e5 till och g\u00e5r igenom Jakt PM f\u00f6r den aktuella jakten. Alla deltagare undertecknar en f\u00f6rs\u00e4kran att de uppfyller de f\u00f6ruts\u00e4ttningar som n\u00e4mns ovan. Var inte r\u00e4dd f\u00f6r att st\u00e4lla fr\u00e5gor under genomg\u00e5ngen om s\u00e5dant som du tycker \u00e4r oklart. I slutet av genomg\u00e5ngen presenteras vilka omr\u00e5den som ska jagas och du f\u00e5r en karta som visar var passen ligger. Dessa f\u00f6rdelas d\u00e4refter mellan deltagarna genom lottning. F\u00f6r grytjakt g\u00e4ller delvis andra f\u00f6ruts\u00e4ttningar. D\u00e4refter f\u00f6ljer n\u00e5gon funktion\u00e4r med dig ut p\u00e5 anvisat pass och visar vilka skjutriktningar som \u00e4r till\u00e5tna, respektive f\u00f6rbjudna, samt informerar om n\u00e4rliggande passgrannar och kanske annat som du beh\u00f6ver vara uppm\u00e4rksam p\u00e5. Jakten startas och avslutas av jaktledaren genom information p\u00e5 jaktradio (frekvens 155MHz). Vid vaktjakt beh\u00e5ller vi samma pass under hela jakttillf\u00e4llet. Vid drevjakt hinner vi normalt jaga ett par omr\u00e5den under en jaktdag. N\u00e4r jakten i ett omr\u00e5de \u00e4r avslutad \u00e5tersamlas alla j\u00e4gare, och funktion\u00e4rer, p\u00e5 anvisad plats. D\u00e4r f\u00e5r du ett nytt pass f\u00f6r jakt i n\u00e4sta omr\u00e5de. Oftast tar vi d\u00e4refter en paus f\u00f6r att \u00e4ta och dricka n\u00e5got innan vi forts\u00e4tter i ett tredje sista omr\u00e5de. Efter avslutad jakt \u00e4r det \u00e5tersamling i jaktg\u00e5rden p\u00e5 R\u00f6sk\u00e4r f\u00f6r att ta hand om f\u00e4llt vilt. Vi tar alltid ur och p\u00e4lsar av kl\u00f6vvilt i v\u00e5r slaktbod p\u00e5 R\u00f6sk\u00e4r. F\u00f6r den som inte \u00e4r s\u00e5 van vid att ta hand om ett f\u00e4llt vilt kan detta vara extra intressant och l\u00e4rorikt. P\u00e5 Bogesund har det genom Sveriges Lantbruksuniversitet (SLU) bedrivits forskning p\u00e5 vilt i mer \u00e4n 25 \u00e5r. I samband med att vi tar hand om det f\u00e4llda viltet tar vi i vissa fall prover som skickas till SLU f\u00f6r den fortsatta forskningen. P\u00e5 f\u00e4llda vildsvin tas alltid trikinprov som skickas till SLU f\u00f6r test. Jakten avslutas med att jaktledaren h\u00e5ller en gemensam genomg\u00e5ng av erfarenheter fr\u00e5n jakten med alla deltagare. <b><\/b><\/p>\n<p>Viktigt<br \/>\nDen j\u00e4gare som f\u00e4ller ett kl\u00f6vvilt p\u00e5 Bogesund \u00e4r skyldig att k\u00f6pa detta k\u00f6tt sj\u00e4lv, eller anvisa n\u00e5gon annan k\u00f6pare. Om du inte vill k\u00f6pa djuret finns det s\u00e4kert n\u00e5gon annan, ofta en j\u00e4gare vid samma jakt, som \u00e4r intresserad. F\u00f6rutsatt att djuret skjutits p\u00e5 ett s\u00e4tt som inte f\u00f6rst\u00f6rt k\u00f6tt i on\u00f6dan. K\u00f6pare kan i m\u00e5n av plats i slaktboden, efter \u00f6verenskommelse, avh\u00e4mta djuret senare. <b><\/b><\/p>\n<p>Utrustning att alltid ta med p\u00e5 v\u00e5ra jakter<br \/>\n\u2013 R\u00f6tt hattband eller m\u00f6ssa i \u201dsignalf\u00e4rg\u201d<br \/>\n\u2013 Jaktradio 155 MHZ (ett litet antal radioapparater finns f\u00f6r utl\u00e5ning)<br \/>\n\u2013 Vapen f\u00f6r aktuell jakt med tillh\u00f6rande ammunition<br \/>\n\u2013 Vapenlicens<br \/>\n\u2013 Jaktkort<br \/>\n\u2013 Bevis p\u00e5 ansvarsf\u00f6rs\u00e4kring (t.ex. medlemskort i Svenska J\u00e4garef\u00f6rbundet)<\/p>\n<p><b>Ocks\u00e5 bra att ha med<\/b><br \/>\n\u2013 Kl\u00e4der f\u00f6r jaktbruk samt regnkl\u00e4der<br \/>\n\u2013 Kikare, kompass, kniv och snitsel<br \/>\n\u2013 Koppel eller lina, f\u00f6r att dra vilt eller koppla hund<br \/>\n\u2013 Jaktstol eller ryggs\u00e4ck med stol<br \/>\n\u2013 Dryck och n\u00e5got \u00e4tbart, vi grillar ofta\u00a0<b><\/b><\/p>\n<p>Anm\u00e4la och betala<br \/>\nDu anm\u00e4ler dig till jakten genom att fylla i dina personliga uppgifter och betala deltagaravgiften med ett betal- eller kredit kort. Deltagaravgiften varierar beroende p\u00e5 jaktform, datum och om du \u00e4r medlem eller inte I Svenska J\u00e4garef\u00f6rbundet. Det g\u00e5r inte att anm\u00e4la sig till en jakt utan att samtidigt betala. Skulle jakten vara fullbokad s\u00e5 kan du st\u00e4lla dig p\u00e5 en reservplats. Om det uppst\u00e5r en ledig plats kommer du d\u00e5 att bli kontaktad och erbjuden att ta denna. Om du vill avboka en jakt som du anm\u00e4lt dig till m\u00e5ste du g\u00f6ra detta, via e-post till <a href=\"mailto:avboka.bogesund@gmail.com\" target=\"blank\">avboka.bogesund@gmail.com<\/a>, senast en vecka f\u00f6re aktuell jakt. \u00c5terbetalning av deltagaravgiften sker d\u00e4refter, till det konto som du betalade fr\u00e5n, med ett administrativt avdrag om 100 kr. Om vi blir tvungna att inst\u00e4lla en jakt som du anm\u00e4lt dig till kommer vi att meddela dig om detta senast en vecka f\u00f6re aktuell jakt. Hela deltagaravgiften \u00e5terbetalas d\u00e4refter till det konto som du betalade fr\u00e5n. <b><\/b><\/p>\n<p>V\u00e4lkommen till Bogesund<\/td>\n<\/tr>\n<\/tbody>\n<\/table>\n","protected":false},"excerpt":{"rendered":"<p>Detta \u00e4r en jakt f\u00f6r ungdomar, bokning sker genom att skicka ett mail till ungdomsjakt@comhem.se med namn ,tel.nr,mail-adress,\u00e5lder och om du har j\u00e4garexamen.Drevjakt med hagelgev\u00e4r p\u00e5 r\u00e5djur. R\u00e5djursjakt med drivande hund \u00e4r en klassisk jakt mycket omtyckt av b\u00e5de nyb\u00f6rjare och mer rutinerade j\u00e4gare. Chansen \u00e4r stor att du h\u00e4r under lugna former kan f\u00e4lla [&hellip;]<\/p>\n","protected":false},"author":129,"featured_media":0,"parent":139,"menu_order":0,"comment_status":"open","ping_status":"open","template":"","meta":{"footnotes":""},"class_list":["post-302","page","type-page","status-publish","hentry"],"_links":{"self":[{"href":"https:\/\/krets.jagareforbundet.se\/stockholmscentrala\/wp-json\/wp\/v2\/pages\/302","targetHints":{"allow":["GET"]}}],"collection":[{"href":"https:\/\/krets.jagareforbundet.se\/stockholmscentrala\/wp-json\/wp\/v2\/pages"}],"about":[{"href":"https:\/\/krets.jagareforbundet.se\/stockholmscentrala\/wp-json\/wp\/v2\/types\/page"}],"author":[{"embeddable":true,"href":"https:\/\/krets.jagareforbundet.se\/stockholmscentrala\/wp-json\/wp\/v2\/users\/129"}],"replies":[{"embeddable":true,"href":"https:\/\/krets.jagareforbundet.se\/stockholmscentrala\/wp-json\/wp\/v2\/comments?post=302"}],"version-history":[{"count":0,"href":"https:\/\/krets.jagareforbundet.se\/stockholmscentrala\/wp-json\/wp\/v2\/pages\/302\/revisions"}],"up":[{"embeddable":true,"href":"https:\/\/krets.jagareforbundet.se\/stockholmscentrala\/wp-json\/wp\/v2\/pages\/139"}],"wp:attachment":[{"href":"https:\/\/krets.jagareforbundet.se\/stockholmscentrala\/wp-json\/wp\/v2\/media?parent=302"}],"curies":[{"name":"wp","href":"https:\/\/api.w.org\/{rel}","templated":true}]}}