{"id":315,"date":"2015-05-07T20:03:34","date_gmt":"2015-05-07T18:03:34","guid":{"rendered":"https:\/\/krets.jagareforbundet.se\/stockholmscentrala\/?page_id=315"},"modified":"2017-02-08T20:56:03","modified_gmt":"2017-02-08T19:56:03","slug":"varvak-efter-vildsvin-den-185-2015","status":"publish","type":"page","link":"https:\/\/krets.jagareforbundet.se\/stockholmscentrala\/arkiv\/varvak-efter-vildsvin-den-185-2015\/","title":{"rendered":"V\u00e5rvak efter vildsvin den 18\/5 2015 HAR VARIT"},"content":{"rendered":"<p><strong><span style=\"text-decoration: underline\">V\u00e5rvak efter vildsvin<span style=\"font-family: 'Calibri','sans-serif'\"> den 18\/5<\/span><br \/>\n<\/span><\/strong><br \/>\nI v\u00e5r str\u00e4van efter att kunna erbjuda v\u00e5ra medlemmar olika jakttillf\u00e4llen har vi nu gl\u00e4djen att kunna erbjuda ytterligare ett evenemang.<\/p>\n<p>Genom ett ut\u00f6kat samarbete med Ericsbergs slott i S\u00f6rmland kan vi nu erbjuda vildsvinsvak.<\/p>\n<p>Jakten g\u00e5r till s\u00e5 att man blir utplacerad\u00a0i torn\u00a0vid olika matplatser, sannolikheten att f\u00e5 se vildsvin bed\u00f6ms som\u00a0\u00a0god.<\/p>\n<p>Jakten brukar b\u00f6rja runt kl 19 och h\u00e5lla p\u00e5 till midnatt.<\/p>\n<p>Att sitta i ett torn n\u00e4r skogen \u00e4r alldeles tyst och sedan pl\u00f6tsligt f\u00e5 \u00a0h\u00f6ra hur viltet \u00e4r p\u00e5 v\u00e4g fram \u00e4r en riktigt h\u00e4ftig upplevelse. Det\u00a0finns ocks\u00e5 goda chanser att man f\u00e5r se b\u00e5de kronvilt och dovvilt.<\/p>\n<p>Det \u00e4r fri avskjutning p\u00e5 vildsvin enligt jaktlagen, dvs ingen f\u00f6rande sugga. Men man har m\u00f6jlighet att skjuta flera vildsvin samma kv\u00e4ll.<\/p>\n<p><strong><span style=\"font-family: 'Calibri','sans-serif'\">Det \u00e4r ingen f\u00e4llavgift p\u00e5 det man skjuter<\/span><\/strong>. Det \u00e4r heller inget tv\u00e5ng att k\u00f6pa f\u00e4llt vilt, men m\u00f6jligheten finns f\u00f6r den som vill.<\/p>\n<p>Priset \u00e4r subventionerat av oss i Stockholm Centrala Jaktv\u00e5rdsf\u00f6rening, s\u00e5 kostnaden f\u00f6r dig som medlem \u00e4r<br \/>\n<strong><span style=\"text-decoration: underline\"><span style=\"font-family: 'Calibri','sans-serif'\">1300:-<\/span><\/span><\/strong><\/p>\n<p>Bra att ha med sig \u00e4r<br \/>\n&#8211;\u00a0 v\u00e4l inskjuten studsare<br \/>\n&#8211; varma kl\u00e4der,<br \/>\n&#8211;\u00a0handkikare<br \/>\n&#8211; termos och mackor<br \/>\n&#8211; ficklampa<br \/>\n<span lang=\"SV\" style=\"font-family: 'Calibri','sans-serif'\">&#8211; Ev myggmedel<\/span><\/p>\n<p>Anm\u00e4lan till denna jakt \u00e4r bindande, d\u00e5 det enbart \u00e4r ett f\u00e5taldagar kvar till jaktdatum<\/p>\n<p>Anm\u00e4l till <a href=\"mailto:niklas.sjoblom@live.se\">niklas.sjoblom@live.se<\/a><\/p>\n<p>&nbsp;<\/p>\n","protected":false},"excerpt":{"rendered":"<p>V\u00e5rvak efter vildsvin den 18\/5 I v\u00e5r str\u00e4van efter att kunna erbjuda v\u00e5ra medlemmar olika jakttillf\u00e4llen har vi nu gl\u00e4djen att kunna erbjuda ytterligare ett evenemang. Genom ett ut\u00f6kat samarbete med Ericsbergs slott i S\u00f6rmland kan vi nu erbjuda vildsvinsvak. Jakten g\u00e5r till s\u00e5 att man blir utplacerad\u00a0i torn\u00a0vid olika matplatser, sannolikheten att f\u00e5 se [&hellip;]<\/p>\n","protected":false},"author":129,"featured_media":0,"parent":41,"menu_order":0,"comment_status":"open","ping_status":"closed","template":"","meta":{"footnotes":""},"class_list":["post-315","page","type-page","status-publish","hentry"],"_links":{"self":[{"href":"https:\/\/krets.jagareforbundet.se\/stockholmscentrala\/wp-json\/wp\/v2\/pages\/315","targetHints":{"allow":["GET"]}}],"collection":[{"href":"https:\/\/krets.jagareforbundet.se\/stockholmscentrala\/wp-json\/wp\/v2\/pages"}],"about":[{"href":"https:\/\/krets.jagareforbundet.se\/stockholmscentrala\/wp-json\/wp\/v2\/types\/page"}],"author":[{"embeddable":true,"href":"https:\/\/krets.jagareforbundet.se\/stockholmscentrala\/wp-json\/wp\/v2\/users\/129"}],"replies":[{"embeddable":true,"href":"https:\/\/krets.jagareforbundet.se\/stockholmscentrala\/wp-json\/wp\/v2\/comments?post=315"}],"version-history":[{"count":0,"href":"https:\/\/krets.jagareforbundet.se\/stockholmscentrala\/wp-json\/wp\/v2\/pages\/315\/revisions"}],"up":[{"embeddable":true,"href":"https:\/\/krets.jagareforbundet.se\/stockholmscentrala\/wp-json\/wp\/v2\/pages\/41"}],"wp:attachment":[{"href":"https:\/\/krets.jagareforbundet.se\/stockholmscentrala\/wp-json\/wp\/v2\/media?parent=315"}],"curies":[{"name":"wp","href":"https:\/\/api.w.org\/{rel}","templated":true}]}}