{"id":322,"date":"2015-08-04T11:18:18","date_gmt":"2015-08-04T09:18:18","guid":{"rendered":"https:\/\/krets.jagareforbundet.se\/stockholmscentrala\/?page_id=322"},"modified":"2025-04-17T09:27:28","modified_gmt":"2025-04-17T07:27:28","slug":"bjornjakt-med-galo-jaktgard-i-halsingland","status":"publish","type":"page","link":"https:\/\/krets.jagareforbundet.se\/stockholmscentrala\/arkiv\/bjornjakt-med-galo-jaktgard-i-halsingland\/","title":{"rendered":"Bj\u00f6rnjakt med G\u00e5l\u00f6 jaktg\u00e5rd i H\u00e4lsingland*Avslutad*"},"content":{"rendered":"<p>J\u00e4garf\u00f6rbundet i Stockholms l\u00e4n arrenderar 1750 ha mark p\u00e5 G\u00e5l\u00f6 som ligger 2,5 mil s\u00f6derut fr\u00e5n centrala Stockholm. V\u00e5rt m\u00e5l \u00e4r att bedriva en l\u00e5ngsiktigt h\u00e5llbar jaktverksamhet baserad p\u00e5 planerad avskjutning, aktiv viltv\u00e5rd, utbildning samt ge j\u00e4gare chans till \u00f6kad kunskap och naturupplevelser. Syftet med verksamheten \u00e4r att erbjuda jakthundstr\u00e4ning- och korttidsjakter i olika former f\u00f6r i f\u00f6rsta hand till ungdommar, markl\u00f6sa samt nya j\u00e4gare. Arbetet bedrivs helt idiellt av ett 50 tal funktion\u00e4rer.\u00a0 L\u00e4s mer under evenemang.<\/p>\n","protected":false},"excerpt":{"rendered":"<p>J\u00e4garf\u00f6rbundet i Stockholms l\u00e4n arrenderar 1750 ha mark p\u00e5 G\u00e5l\u00f6 som ligger 2,5 mil s\u00f6derut fr\u00e5n centrala Stockholm. V\u00e5rt m\u00e5l \u00e4r att bedriva en l\u00e5ngsiktigt h\u00e5llbar jaktverksamhet baserad p\u00e5 planerad avskjutning, aktiv viltv\u00e5rd, utbildning samt ge j\u00e4gare chans till \u00f6kad kunskap och naturupplevelser. Syftet med verksamheten \u00e4r att erbjuda jakthundstr\u00e4ning- och korttidsjakter i olika former [&hellip;]<\/p>\n","protected":false},"author":129,"featured_media":0,"parent":41,"menu_order":0,"comment_status":"open","ping_status":"open","template":"","meta":{"footnotes":""},"class_list":["post-322","page","type-page","status-publish","hentry"],"_links":{"self":[{"href":"https:\/\/krets.jagareforbundet.se\/stockholmscentrala\/wp-json\/wp\/v2\/pages\/322","targetHints":{"allow":["GET"]}}],"collection":[{"href":"https:\/\/krets.jagareforbundet.se\/stockholmscentrala\/wp-json\/wp\/v2\/pages"}],"about":[{"href":"https:\/\/krets.jagareforbundet.se\/stockholmscentrala\/wp-json\/wp\/v2\/types\/page"}],"author":[{"embeddable":true,"href":"https:\/\/krets.jagareforbundet.se\/stockholmscentrala\/wp-json\/wp\/v2\/users\/129"}],"replies":[{"embeddable":true,"href":"https:\/\/krets.jagareforbundet.se\/stockholmscentrala\/wp-json\/wp\/v2\/comments?post=322"}],"version-history":[{"count":1,"href":"https:\/\/krets.jagareforbundet.se\/stockholmscentrala\/wp-json\/wp\/v2\/pages\/322\/revisions"}],"predecessor-version":[{"id":937,"href":"https:\/\/krets.jagareforbundet.se\/stockholmscentrala\/wp-json\/wp\/v2\/pages\/322\/revisions\/937"}],"up":[{"embeddable":true,"href":"https:\/\/krets.jagareforbundet.se\/stockholmscentrala\/wp-json\/wp\/v2\/pages\/41"}],"wp:attachment":[{"href":"https:\/\/krets.jagareforbundet.se\/stockholmscentrala\/wp-json\/wp\/v2\/media?parent=322"}],"curies":[{"name":"wp","href":"https:\/\/api.w.org\/{rel}","templated":true}]}}