{"id":364,"date":"2016-02-09T13:35:39","date_gmt":"2016-02-09T12:35:39","guid":{"rendered":"https:\/\/krets.jagareforbundet.se\/stockholmscentrala\/?page_id=364"},"modified":"2017-02-08T20:56:54","modified_gmt":"2017-02-08T19:56:54","slug":"viltkvall-restaurang-lux-dag-for-dag-tisdag-23-februari-kl-18-21","status":"publish","type":"page","link":"https:\/\/krets.jagareforbundet.se\/stockholmscentrala\/arkiv\/viltkvall-restaurang-lux-dag-for-dag-tisdag-23-februari-kl-18-21\/","title":{"rendered":"VILTKV\u00c4LL Restaurang Lux Dag f\u00f6r Dag Tisdag 23 februari, kl 18-21"},"content":{"rendered":"<p align=\"LEFT\"><strong>Tillsammans med Henrik Norstr\u00f6m, stj\u00e4rnkock och kreativ ledare f\u00f6r<\/strong><\/p>\n<p align=\"LEFT\"><strong>restauranggruppen Lux Restauranger bjuder J\u00e4garef\u00f6rbundet in till en<\/strong><\/p>\n<p align=\"LEFT\"><strong>viltkv\u00e4ll p\u00e5 Lux Dag f\u00f6r Dag p\u00e5 Lilla Essingen i Stockholm, tisdag 23 feb.<\/strong><\/p>\n<p align=\"LEFT\">Henrik Norstr\u00f6m \u00e4r sj\u00e4lv h\u00e4ngiven j\u00e4gare och p\u00e5 restaurangen hamnar ofta jaktlyckan fr\u00e5n egna<\/p>\n<p align=\"LEFT\">jaktlaget. P\u00e5 menyn kan man hitta r\u00e4tter som:<\/p>\n<p align=\"LEFT\">\u201dM\u00f6rstekt \u00e4lgbringa med morot, tryffelemulsion och sky, av \u00e4lgko m\u00f6rad i v\u00e5r h\u00e4ngkyl till<\/p>\n<p align=\"LEFT\">86 dygnsgrader, \u201d eller \u201dH\u00e4ngm\u00f6rad \u00e4lgentrecote med sallad p\u00e5 brytb\u00f6na, pepparrot, brysselk\u00e5l<\/p>\n<p align=\"LEFT\">och krassekapslar.\u201d, eller \u201dRosastekt dovspetsstek, m\u00f6rad i v\u00e5r h\u00e4ngkyl till 64 dygnsgrader\u201d.<\/p>\n<p align=\"LEFT\">PROGRAM 23 FEB<\/p>\n<p align=\"LEFT\"><span style=\"font-family: AkkuratPro-Bold;font-size: small\"><span style=\"font-family: AkkuratPro-Bold;font-size: small\"><b>kl 18.00 <\/b><\/span><\/span><span style=\"font-family: AkkuratLightPro-Regular;font-size: small\"><span style=\"font-family: AkkuratLightPro-Regular;font-size: small\">Viltinspiration. Henrik Norstr\u00f6m ber\u00e4ttar om sin syn p\u00e5 viltk\u00f6tt och ger tips om<\/span><\/span><\/p>\n<p align=\"LEFT\">viltmatlagning. D\u00e4refter avnjuter vi en specialkomponerad viltmeny med fyra vilda r\u00e4tter och en s\u00f6t<\/p>\n<p align=\"LEFT\">avslutning.<\/p>\n<p align=\"LEFT\">PRIS 650 KR<\/p>\n<p align=\"LEFT\">I priset 650 kr\/person ing\u00e5r 5 r\u00e4tter och f\u00f6redrag av Henrik Norstr\u00f6m.<\/p>\n<p align=\"LEFT\">Utprovat vinpaket kommer att finnas, sj\u00e4lvklart \u00e4ven annan valfri dryck.<\/p>\n<p align=\"LEFT\">\u201dProvlagningen \u00e4r i full g\u00e5ng, och menyn kommer i huvudsak att best\u00e5 av dovhjort och vildsvin\u201d,<\/p>\n<p align=\"LEFT\">h\u00e4lsar Henrik.<\/p>\n<p align=\"LEFT\">BOKA<\/p>\n<p align=\"LEFT\">Boka bord direkt p\u00e5 restaurangens hemsida.<\/p>\n<p align=\"LEFT\">Var snabb med din bokning, antalet platser \u00e4r begr\u00e4nsat.<\/p>\n<p align=\"LEFT\"><a href=\"http:\/\/www.luxdagfordag.se\" target=\"_blank\">www.luxdagfordag.se<\/a><\/p>\n<p align=\"LEFT\">Lux Dag f\u00f6r Dag, Primusgatan 116, Stockholm<\/p>\n<p align=\"LEFT\">08-619 01 90<\/p>\n<p>info@luxdagfordag.se<\/p>\n<p>&nbsp;<\/p>\n","protected":false},"excerpt":{"rendered":"<p>Tillsammans med Henrik Norstr\u00f6m, stj\u00e4rnkock och kreativ ledare f\u00f6r restauranggruppen Lux Restauranger bjuder J\u00e4garef\u00f6rbundet in till en viltkv\u00e4ll p\u00e5 Lux Dag f\u00f6r Dag p\u00e5 Lilla Essingen i Stockholm, tisdag 23 feb. Henrik Norstr\u00f6m \u00e4r sj\u00e4lv h\u00e4ngiven j\u00e4gare och p\u00e5 restaurangen hamnar ofta jaktlyckan fr\u00e5n egna jaktlaget. P\u00e5 menyn kan man hitta r\u00e4tter som: \u201dM\u00f6rstekt \u00e4lgbringa [&hellip;]<\/p>\n","protected":false},"author":129,"featured_media":0,"parent":41,"menu_order":0,"comment_status":"closed","ping_status":"closed","template":"","meta":{"footnotes":""},"class_list":["post-364","page","type-page","status-publish","hentry"],"_links":{"self":[{"href":"https:\/\/krets.jagareforbundet.se\/stockholmscentrala\/wp-json\/wp\/v2\/pages\/364","targetHints":{"allow":["GET"]}}],"collection":[{"href":"https:\/\/krets.jagareforbundet.se\/stockholmscentrala\/wp-json\/wp\/v2\/pages"}],"about":[{"href":"https:\/\/krets.jagareforbundet.se\/stockholmscentrala\/wp-json\/wp\/v2\/types\/page"}],"author":[{"embeddable":true,"href":"https:\/\/krets.jagareforbundet.se\/stockholmscentrala\/wp-json\/wp\/v2\/users\/129"}],"replies":[{"embeddable":true,"href":"https:\/\/krets.jagareforbundet.se\/stockholmscentrala\/wp-json\/wp\/v2\/comments?post=364"}],"version-history":[{"count":1,"href":"https:\/\/krets.jagareforbundet.se\/stockholmscentrala\/wp-json\/wp\/v2\/pages\/364\/revisions"}],"predecessor-version":[{"id":365,"href":"https:\/\/krets.jagareforbundet.se\/stockholmscentrala\/wp-json\/wp\/v2\/pages\/364\/revisions\/365"}],"up":[{"embeddable":true,"href":"https:\/\/krets.jagareforbundet.se\/stockholmscentrala\/wp-json\/wp\/v2\/pages\/41"}],"wp:attachment":[{"href":"https:\/\/krets.jagareforbundet.se\/stockholmscentrala\/wp-json\/wp\/v2\/media?parent=364"}],"curies":[{"name":"wp","href":"https:\/\/api.w.org\/{rel}","templated":true}]}}