{"id":674,"date":"2021-10-19T15:28:53","date_gmt":"2021-10-19T13:28:53","guid":{"rendered":"https:\/\/krets.jagareforbundet.se\/stockholmscentrala\/?page_id=674"},"modified":"2025-04-18T09:43:44","modified_gmt":"2025-04-18T07:43:44","slug":"glom-inte-bort-att-vi-finns-pa-facebook","status":"publish","type":"page","link":"https:\/\/krets.jagareforbundet.se\/stockholmscentrala\/glom-inte-bort-att-vi-finns-pa-facebook\/","title":{"rendered":"V\u00e5r sida p\u00e5 Facebook"},"content":{"rendered":"<p>V\u00e4lkommen: https:\/\/www.facebook.com\/stockholmcentrala<\/p>\n","protected":false},"excerpt":{"rendered":"<p>V\u00e4lkommen: https:\/\/www.facebook.com\/stockholmcentrala<\/p>\n","protected":false},"author":129,"featured_media":0,"parent":0,"menu_order":0,"comment_status":"closed","ping_status":"closed","template":"","meta":{"footnotes":""},"class_list":["post-674","page","type-page","status-publish","hentry"],"_links":{"self":[{"href":"https:\/\/krets.jagareforbundet.se\/stockholmscentrala\/wp-json\/wp\/v2\/pages\/674","targetHints":{"allow":["GET"]}}],"collection":[{"href":"https:\/\/krets.jagareforbundet.se\/stockholmscentrala\/wp-json\/wp\/v2\/pages"}],"about":[{"href":"https:\/\/krets.jagareforbundet.se\/stockholmscentrala\/wp-json\/wp\/v2\/types\/page"}],"author":[{"embeddable":true,"href":"https:\/\/krets.jagareforbundet.se\/stockholmscentrala\/wp-json\/wp\/v2\/users\/129"}],"replies":[{"embeddable":true,"href":"https:\/\/krets.jagareforbundet.se\/stockholmscentrala\/wp-json\/wp\/v2\/comments?post=674"}],"version-history":[{"count":2,"href":"https:\/\/krets.jagareforbundet.se\/stockholmscentrala\/wp-json\/wp\/v2\/pages\/674\/revisions"}],"predecessor-version":[{"id":950,"href":"https:\/\/krets.jagareforbundet.se\/stockholmscentrala\/wp-json\/wp\/v2\/pages\/674\/revisions\/950"}],"wp:attachment":[{"href":"https:\/\/krets.jagareforbundet.se\/stockholmscentrala\/wp-json\/wp\/v2\/media?parent=674"}],"curies":[{"name":"wp","href":"https:\/\/api.w.org\/{rel}","templated":true}]}}