{"id":1059,"date":"2023-04-04T14:30:56","date_gmt":"2023-04-04T12:30:56","guid":{"rendered":"https:\/\/krets.jagareforbundet.se\/tierp-tolfta-soderfors\/?page_id=1059"},"modified":"2026-04-24T17:56:59","modified_gmt":"2026-04-24T15:56:59","slug":"viltsparkurs","status":"publish","type":"page","link":"https:\/\/krets.jagareforbundet.se\/tierp-tolfta-soderfors\/viltsparkurs\/","title":{"rendered":"Viltsp\u00e5rkurs"},"content":{"rendered":"<div><strong>Varmt v\u00e4lkommen p\u00e5 viltsp\u00e5rskurs 2026!<\/strong><\/div>\n<div><\/div>\n<div>Start den 4 maj.<br \/>\nVi tr\u00e4nar att sp\u00e5ra asfalt, grusv\u00e4g, korsa andras sp\u00e5r, g\u00e5 p\u00e5 viltstigar och vinkla tv\u00e4rt av, korsa viltstigar, korsa gryt mm<\/div>\n<div><\/div>\n<div>Desir\u00e9e H\u00f6gman h\u00e5ller i kurs.<\/div>\n<div><\/div>\n<div>Anm\u00e4lan och f\u00f6r mer information kontakta Kari Riihim\u00e4ki p\u00e5 0702945990<\/div>\n<div><\/div>\n<p>&nbsp;<\/p>\n<div class=\"woo-fbshare left\"><div class=\"fb-share-button\" data-href=\"https:\/\/krets.jagareforbundet.se\/tierp-tolfta-soderfors\/viltsparkurs\/\" data-width=\"100\" data-type=\"button\"><\/div><\/div>\n","protected":false},"excerpt":{"rendered":"<p>Varmt v\u00e4lkommen p\u00e5 viltsp\u00e5rskurs 2026! Start den 4 maj. Vi tr\u00e4nar att sp\u00e5ra asfalt, grusv\u00e4g, korsa andras sp\u00e5r, g\u00e5 p\u00e5 viltstigar och vinkla tv\u00e4rt av, korsa viltstigar, korsa gryt mm Desir\u00e9e H\u00f6gman h\u00e5ller i kurs. Anm\u00e4lan och f\u00f6r mer information kontakta Kari Riihim\u00e4ki p\u00e5 0702945990 &nbsp;<\/p>\n","protected":false},"author":295,"featured_media":1098,"parent":0,"menu_order":0,"comment_status":"closed","ping_status":"closed","template":"","meta":{"footnotes":""},"class_list":["post-1059","page","type-page","status-publish","has-post-thumbnail","hentry"],"_links":{"self":[{"href":"https:\/\/krets.jagareforbundet.se\/tierp-tolfta-soderfors\/wp-json\/wp\/v2\/pages\/1059","targetHints":{"allow":["GET"]}}],"collection":[{"href":"https:\/\/krets.jagareforbundet.se\/tierp-tolfta-soderfors\/wp-json\/wp\/v2\/pages"}],"about":[{"href":"https:\/\/krets.jagareforbundet.se\/tierp-tolfta-soderfors\/wp-json\/wp\/v2\/types\/page"}],"author":[{"embeddable":true,"href":"https:\/\/krets.jagareforbundet.se\/tierp-tolfta-soderfors\/wp-json\/wp\/v2\/users\/295"}],"replies":[{"embeddable":true,"href":"https:\/\/krets.jagareforbundet.se\/tierp-tolfta-soderfors\/wp-json\/wp\/v2\/comments?post=1059"}],"version-history":[{"count":4,"href":"https:\/\/krets.jagareforbundet.se\/tierp-tolfta-soderfors\/wp-json\/wp\/v2\/pages\/1059\/revisions"}],"predecessor-version":[{"id":1388,"href":"https:\/\/krets.jagareforbundet.se\/tierp-tolfta-soderfors\/wp-json\/wp\/v2\/pages\/1059\/revisions\/1388"}],"wp:featuredmedia":[{"embeddable":true,"href":"https:\/\/krets.jagareforbundet.se\/tierp-tolfta-soderfors\/wp-json\/wp\/v2\/media\/1098"}],"wp:attachment":[{"href":"https:\/\/krets.jagareforbundet.se\/tierp-tolfta-soderfors\/wp-json\/wp\/v2\/media?parent=1059"}],"curies":[{"name":"wp","href":"https:\/\/api.w.org\/{rel}","templated":true}]}}