{"id":1220,"date":"2025-03-06T18:19:15","date_gmt":"2025-03-06T17:19:15","guid":{"rendered":"https:\/\/krets.jagareforbundet.se\/tierp-tolfta-soderfors\/?page_id=1220"},"modified":"2026-04-26T19:57:04","modified_gmt":"2026-04-26T17:57:04","slug":"start-sida","status":"publish","type":"page","link":"https:\/\/krets.jagareforbundet.se\/tierp-tolfta-soderfors\/","title":{"rendered":""},"content":{"rendered":"<header>\n<h2 style=\"text-align: left\">Detta h\u00e4nder under \u00e5ret, 2026<\/h2>\n<h4 style=\"text-align: left\"><span style=\"color: #ff0000\">April<br \/>\n<\/span><span style=\"color: #ff0000\">26 &#8211; Jaktstig\u00a0<\/span><br \/>\n<span style=\"color: #ff0000\">28 &#8211; Banan \u00f6ppnar<\/span><\/h4>\n<h4 style=\"text-align: left\"><span style=\"color: #ff6600\">Maj<\/span><br \/>\n<span style=\"color: #ff6600\">4 &#8211; Viltsp\u00e5rkurs &#8211; <a href=\"https:\/\/krets.jagareforbundet.se\/tierp-tolfta-soderfors\/viltsparkurs\/\">mer info<\/a><\/span><\/h4>\n<h4 style=\"text-align: left\"><span style=\"color: #ff6600\"><strong><span style=\"color: #ff0000\">OBS! nytt datum<br \/>\n<\/span><\/strong><\/span><span style=\"color: #ff6600\">30 &#8211; KM i viltsp\u00e5r &#8211; <a href=\"https:\/\/krets.jagareforbundet.se\/tierp-tolfta-soderfors\/nyheter\/km-i-viltspar-2026\/\">mer info<\/a>\u00a0<\/span><\/h4>\n<h4 style=\"text-align: left\"><span style=\"color: #ff0000\">Juli<\/span><br \/>\n<span style=\"color: #ff0000\">1\u00a0 &#8211; Bj\u00f6rnpasset<\/span><\/h4>\n<h4 style=\"text-align: left\"><span style=\"color: #ff6600\">Augusti<\/span><br \/>\n<span style=\"color: #ff6600\">25 &#8211; KM \u00e4lg<\/span><br \/>\n<span style=\"color: #ff6600\">27 &#8211; KM Trapp<\/span><\/h4>\n<p style=\"text-align: left\"><span style=\"color: #ff0000\">November<\/span><br \/>\n<span style=\"color: #ff0000\">19 &#8211; H\u00f6stm\u00f6te <em>mer info kommer om tema och plats<\/em><\/span><\/p>\n<p>&nbsp;<\/p>\n<hr \/>\n<\/header>\n<div id=\"attachment_1337\" style=\"width: 166px\" class=\"wp-caption alignleft\"><a href=\"https:\/\/krets.jagareforbundet.se\/tierp-tolfta-soderfors\/files\/2025\/11\/sakerhetsflagga.jpg\"><img loading=\"lazy\" decoding=\"async\" aria-describedby=\"caption-attachment-1337\" class=\" wp-image-1337\" src=\"https:\/\/krets.jagareforbundet.se\/tierp-tolfta-soderfors\/files\/2025\/11\/sakerhetsflagga-300x300.jpg\" alt=\"\" width=\"156\" height=\"156\" srcset=\"https:\/\/krets.jagareforbundet.se\/tierp-tolfta-soderfors\/files\/2025\/11\/sakerhetsflagga-300x300.jpg 300w, https:\/\/krets.jagareforbundet.se\/tierp-tolfta-soderfors\/files\/2025\/11\/sakerhetsflagga-150x150.jpg 150w, https:\/\/krets.jagareforbundet.se\/tierp-tolfta-soderfors\/files\/2025\/11\/sakerhetsflagga.jpg 500w\" sizes=\"auto, (max-width: 156px) 100vw, 156px\" \/><\/a><p id=\"caption-attachment-1337\" class=\"wp-caption-text\">Bild fr\u00e5n <a href=\"https:\/\/jagareforbundet.se\/jakt\/skytte\/ovrigt\/reglementen\/\">jagareforbundet.se<\/a><\/p><\/div>\n<p>&nbsp;<\/p>\n<p style=\"text-align: left\"><strong><a href=\"https:\/\/krets.jagareforbundet.se\/tierp-tolfta-soderfors\/nyheter\/sakerhetsflaggor\/\">S\u00e4kerhetsflaggor \u00e4r ett krav nu p\u00e5 banan!<\/a><\/strong><\/p>\n<p>&nbsp;<\/p>\n<p>&nbsp;<\/p>\n<p>&nbsp;<\/p>\n<p>&nbsp;<\/p>\n<hr \/>\n<p style=\"text-align: left\"><strong>\u00c4r du inte medlem i Svenska J\u00e4garef\u00f6rbundet, passa p\u00e5 nu.<\/strong><\/p>\n<div id=\"attachment_1382\" style=\"width: 310px\" class=\"wp-caption alignleft\"><a href=\"https:\/\/krets.jagareforbundet.se\/tierp-tolfta-soderfors\/files\/2026\/04\/sjf-vi-bjuder-pa-varen-2026-1-kopiera.png\"><img loading=\"lazy\" decoding=\"async\" aria-describedby=\"caption-attachment-1382\" class=\"size-medium wp-image-1382 alignleft\" src=\"https:\/\/krets.jagareforbundet.se\/tierp-tolfta-soderfors\/files\/2026\/04\/sjf-vi-bjuder-pa-varen-2026-1-kopiera-300x169.png\" alt=\"\" width=\"300\" height=\"169\" srcset=\"https:\/\/krets.jagareforbundet.se\/tierp-tolfta-soderfors\/files\/2026\/04\/sjf-vi-bjuder-pa-varen-2026-1-kopiera-300x169.png 300w, https:\/\/krets.jagareforbundet.se\/tierp-tolfta-soderfors\/files\/2026\/04\/sjf-vi-bjuder-pa-varen-2026-1-kopiera-768x432.png 768w, https:\/\/krets.jagareforbundet.se\/tierp-tolfta-soderfors\/files\/2026\/04\/sjf-vi-bjuder-pa-varen-2026-1-kopiera.png 996w\" sizes=\"auto, (max-width: 300px) 100vw, 300px\" \/><\/a><p id=\"caption-attachment-1382\" class=\"wp-caption-text\">Bild fr\u00e5n <a href=\"https:\/\/jagareforbundet.se\/\">jagareforbundet.se<\/a><\/p><\/div>\n<p>&nbsp;<\/p>\n<p style=\"text-align: left\">Just nu bjuder f\u00f6rbundet p\u00e5 v\u00e5ren, s\u00e5 du betalar f\u00f6r medlem\u00e5r 2026\/2027 <em>(20260701-20270630)<\/em><\/p>\n<p style=\"text-align: left\"><a href=\"https:\/\/jagareforbundet.se\/medlem\/vi-bjuder-pa-varen\/\">F\u00f6r att bli medlem klicka h\u00e4r<\/a><\/p>\n<p>&nbsp;<\/p>\n<p>&nbsp;<\/p>\n<p>&nbsp;<\/p>\n<p>&nbsp;<\/p>\n<hr \/>\n<h1 style=\"text-align: left\">Vill du ta j\u00e4garexamen?<\/h1>\n<p style=\"text-align: left\">Skicka en intresseanm\u00e4lan <div class=\"post contact-form\">\n<form action=\"\" id=\"contactForm\" method=\"post\">\n<fieldset class=\"forms\">\n<p><label for=\"contactName\">Name<\/label>\n<input type=\"text\" name=\"contactName\" id=\"contactName\" value=\"\" class=\"txt requiredField\" \/>\n<\/p>\n<p><label for=\"contactEmail\">Email<\/label>\n<input type=\"text\" name=\"contactEmail\" id=\"contactEmail\" value=\"\" class=\"txt requiredField email\" \/>\n<\/p>\n<p class=\"textarea\"><label for=\"contactMessage\">Message<\/label>\n<textarea name=\"contactMessage\" id=\"contactMessage\" rows=\"20\" cols=\"30\" class=\"textarea requiredField\"><\/textarea>\n<\/p>\n<p class=\"inline\"><input type=\"checkbox\" name=\"sendCopy\" id=\"sendCopy\" value=\"true\" \/><label for=\"sendCopy\">Send a copy of this email to yourself<\/label><\/p>\n<p class=\"screenReader\"><label for=\"checking\" class=\"screenReader\">If you want to submit this form, do not enter anything in this field<\/label><input type=\"text\" name=\"checking\" id=\"checking\" class=\"screenReader\" value=\"\" \/><\/p>\n<p class=\"buttons\"><input type=\"hidden\" name=\"submitted\" id=\"submitted\" value=\"true\" \/><input class=\"submit button\" type=\"submit\" value=\"Submit\" \/><\/p><\/fieldset>\n<\/form>\n<\/div><!--\/.post .contact-form-->\n<div class=\"fix\"><\/div>\n<\/p>\n<p>&nbsp;<\/p>\n<p>&nbsp;<\/p>\n<hr \/>\n<p>&nbsp;<\/p>\n<h6 style=\"text-align: right\">Uppdaterad 2026-04-26<\/h6>\n<p>&nbsp;<\/p>\n<p>&nbsp;<\/p>\n<p style=\"text-align: center\"><a href=\"https:\/\/blimedlem.jagareforbundet.se\/\">F\u00f6r att bli medlem i Svenska J\u00e4garef\u00f6rbundet klicka h\u00e4r<\/a><\/p>\n<p>&nbsp;<\/p>\n<div class=\"woo-fbshare left\"><div class=\"fb-share-button\" data-href=\"https:\/\/krets.jagareforbundet.se\/tierp-tolfta-soderfors\/\" data-width=\"100\" data-type=\"button\"><\/div><\/div>\n","protected":false},"excerpt":{"rendered":"<p>Detta h\u00e4nder under \u00e5ret, 2026 April 26 &#8211; Jaktstig\u00a0 28 &#8211; Banan \u00f6ppnar Maj 4 &#8211; Viltsp\u00e5rkurs &#8211; mer info OBS! nytt datum 30 &#8211; KM i viltsp\u00e5r &#8211; mer info\u00a0 Juli 1\u00a0 &#8211; Bj\u00f6rnpasset Augusti 25 &#8211; KM \u00e4lg 27 &#8211; KM Trapp November 19 &#8211; H\u00f6stm\u00f6te mer info kommer om tema och plats [&hellip;]<\/p>\n","protected":false},"author":295,"featured_media":0,"parent":0,"menu_order":0,"comment_status":"closed","ping_status":"closed","template":"","meta":{"footnotes":""},"class_list":["post-1220","page","type-page","status-publish","hentry"],"_links":{"self":[{"href":"https:\/\/krets.jagareforbundet.se\/tierp-tolfta-soderfors\/wp-json\/wp\/v2\/pages\/1220","targetHints":{"allow":["GET"]}}],"collection":[{"href":"https:\/\/krets.jagareforbundet.se\/tierp-tolfta-soderfors\/wp-json\/wp\/v2\/pages"}],"about":[{"href":"https:\/\/krets.jagareforbundet.se\/tierp-tolfta-soderfors\/wp-json\/wp\/v2\/types\/page"}],"author":[{"embeddable":true,"href":"https:\/\/krets.jagareforbundet.se\/tierp-tolfta-soderfors\/wp-json\/wp\/v2\/users\/295"}],"replies":[{"embeddable":true,"href":"https:\/\/krets.jagareforbundet.se\/tierp-tolfta-soderfors\/wp-json\/wp\/v2\/comments?post=1220"}],"version-history":[{"count":3,"href":"https:\/\/krets.jagareforbundet.se\/tierp-tolfta-soderfors\/wp-json\/wp\/v2\/pages\/1220\/revisions"}],"predecessor-version":[{"id":1400,"href":"https:\/\/krets.jagareforbundet.se\/tierp-tolfta-soderfors\/wp-json\/wp\/v2\/pages\/1220\/revisions\/1400"}],"wp:attachment":[{"href":"https:\/\/krets.jagareforbundet.se\/tierp-tolfta-soderfors\/wp-json\/wp\/v2\/media?parent=1220"}],"curies":[{"name":"wp","href":"https:\/\/api.w.org\/{rel}","templated":true}]}}