{"id":1254,"date":"2025-03-18T06:42:28","date_gmt":"2025-03-18T05:42:28","guid":{"rendered":"https:\/\/krets.jagareforbundet.se\/tierp-tolfta-soderfors\/?page_id=1254"},"modified":"2025-03-18T06:42:28","modified_gmt":"2025-03-18T05:42:28","slug":"regler-for-km-algbana","status":"publish","type":"page","link":"https:\/\/krets.jagareforbundet.se\/tierp-tolfta-soderfors\/mer\/km-algbana\/regler-for-km-algbana\/","title":{"rendered":"Regler f\u00f6r KM-\u00e4lgbana"},"content":{"rendered":"<p><strong>Regler f\u00f6r KM-\u00e4lgbana<\/strong><\/p>\n<ul>\n<li>T\u00e4vlingen omfattar 12 skott<\/li>\n<li>3 serier mot st\u00e5ende och l\u00f6pande \u00e4lg enligt \u00e4lskyttem\u00e4rkets best\u00e4mmelser.<\/li>\n<li>Serierna skjuts i f\u00f6ljd och en g\u00e5ng per deltagare.<\/li>\n<li>Max po\u00e4ng 60.<\/li>\n<li>Anm\u00e4lan till skjutledningen d\u00e5 serierna betalas.<\/li>\n<li>Resultatet protokollsf\u00f6res och skytten erh\u00e5ller kivttot.<\/li>\n<li>Inga provskott.<\/li>\n<li>Endast eget klass 1 vapen skall anv\u00e4ndas.<\/li>\n<\/ul>\n","protected":false},"excerpt":{"rendered":"<p>Regler f\u00f6r KM-\u00e4lgbana T\u00e4vlingen omfattar 12 skott 3 serier mot st\u00e5ende och l\u00f6pande \u00e4lg enligt \u00e4lskyttem\u00e4rkets best\u00e4mmelser. Serierna skjuts i f\u00f6ljd och en g\u00e5ng per deltagare. Max po\u00e4ng 60. Anm\u00e4lan till skjutledningen d\u00e5 serierna betalas. Resultatet protokollsf\u00f6res och skytten erh\u00e5ller kivttot. Inga provskott. Endast eget klass 1 vapen skall anv\u00e4ndas.<\/p>\n","protected":false},"author":295,"featured_media":516,"parent":183,"menu_order":0,"comment_status":"closed","ping_status":"closed","template":"","meta":{"footnotes":""},"class_list":["post-1254","page","type-page","status-publish","has-post-thumbnail","hentry"],"_links":{"self":[{"href":"https:\/\/krets.jagareforbundet.se\/tierp-tolfta-soderfors\/wp-json\/wp\/v2\/pages\/1254","targetHints":{"allow":["GET"]}}],"collection":[{"href":"https:\/\/krets.jagareforbundet.se\/tierp-tolfta-soderfors\/wp-json\/wp\/v2\/pages"}],"about":[{"href":"https:\/\/krets.jagareforbundet.se\/tierp-tolfta-soderfors\/wp-json\/wp\/v2\/types\/page"}],"author":[{"embeddable":true,"href":"https:\/\/krets.jagareforbundet.se\/tierp-tolfta-soderfors\/wp-json\/wp\/v2\/users\/295"}],"replies":[{"embeddable":true,"href":"https:\/\/krets.jagareforbundet.se\/tierp-tolfta-soderfors\/wp-json\/wp\/v2\/comments?post=1254"}],"version-history":[{"count":1,"href":"https:\/\/krets.jagareforbundet.se\/tierp-tolfta-soderfors\/wp-json\/wp\/v2\/pages\/1254\/revisions"}],"predecessor-version":[{"id":1255,"href":"https:\/\/krets.jagareforbundet.se\/tierp-tolfta-soderfors\/wp-json\/wp\/v2\/pages\/1254\/revisions\/1255"}],"up":[{"embeddable":true,"href":"https:\/\/krets.jagareforbundet.se\/tierp-tolfta-soderfors\/wp-json\/wp\/v2\/pages\/183"}],"wp:featuredmedia":[{"embeddable":true,"href":"https:\/\/krets.jagareforbundet.se\/tierp-tolfta-soderfors\/wp-json\/wp\/v2\/media\/516"}],"wp:attachment":[{"href":"https:\/\/krets.jagareforbundet.se\/tierp-tolfta-soderfors\/wp-json\/wp\/v2\/media?parent=1254"}],"curies":[{"name":"wp","href":"https:\/\/api.w.org\/{rel}","templated":true}]}}