{"id":1261,"date":"2025-03-18T06:51:15","date_gmt":"2025-03-18T05:51:15","guid":{"rendered":"https:\/\/krets.jagareforbundet.se\/tierp-tolfta-soderfors\/?page_id=1261"},"modified":"2026-03-11T18:23:56","modified_gmt":"2026-03-11T17:23:56","slug":"regler-for-km-trapp","status":"publish","type":"page","link":"https:\/\/krets.jagareforbundet.se\/tierp-tolfta-soderfors\/mer\/km-trap\/regler-for-km-trapp\/","title":{"rendered":"Regler f\u00f6r KM trapp"},"content":{"rendered":"<p><strong>Regler f\u00f6r KM-trapp<\/strong><\/p>\n<ul>\n<li>Man skjuter 2 serier,\u00a0 50skott\/duvor.<\/li>\n<li>Man s\u00e4ger till n\u00e4r man anm\u00e4ler sig vid trappen att man vill delta och sen skjuter man tv\u00e5 serier.<\/li>\n<li>Mest antal tr\u00e4ffar av dom serierna (max 50 po\u00e4ng) har vunnit<\/li>\n<li>Kommer man p\u00e5 lika po\u00e4ng p\u00e5 f\u00f6rsta platsen blir de s\u00e4r skjutning, man skjuter varannan till n\u00e5gon bommar.<\/li>\n<\/ul>\n<p>&nbsp;<\/p>\n","protected":false},"excerpt":{"rendered":"<p>Regler f\u00f6r KM-trapp Man skjuter 2 serier,\u00a0 50skott\/duvor. Man s\u00e4ger till n\u00e4r man anm\u00e4ler sig vid trappen att man vill delta och sen skjuter man tv\u00e5 serier. Mest antal tr\u00e4ffar av dom serierna (max 50 po\u00e4ng) har vunnit Kommer man p\u00e5 lika po\u00e4ng p\u00e5 f\u00f6rsta platsen blir de s\u00e4r skjutning, man skjuter varannan till n\u00e5gon [&hellip;]<\/p>\n","protected":false},"author":295,"featured_media":505,"parent":179,"menu_order":0,"comment_status":"closed","ping_status":"closed","template":"","meta":{"footnotes":""},"class_list":["post-1261","page","type-page","status-publish","has-post-thumbnail","hentry"],"_links":{"self":[{"href":"https:\/\/krets.jagareforbundet.se\/tierp-tolfta-soderfors\/wp-json\/wp\/v2\/pages\/1261","targetHints":{"allow":["GET"]}}],"collection":[{"href":"https:\/\/krets.jagareforbundet.se\/tierp-tolfta-soderfors\/wp-json\/wp\/v2\/pages"}],"about":[{"href":"https:\/\/krets.jagareforbundet.se\/tierp-tolfta-soderfors\/wp-json\/wp\/v2\/types\/page"}],"author":[{"embeddable":true,"href":"https:\/\/krets.jagareforbundet.se\/tierp-tolfta-soderfors\/wp-json\/wp\/v2\/users\/295"}],"replies":[{"embeddable":true,"href":"https:\/\/krets.jagareforbundet.se\/tierp-tolfta-soderfors\/wp-json\/wp\/v2\/comments?post=1261"}],"version-history":[{"count":1,"href":"https:\/\/krets.jagareforbundet.se\/tierp-tolfta-soderfors\/wp-json\/wp\/v2\/pages\/1261\/revisions"}],"predecessor-version":[{"id":1262,"href":"https:\/\/krets.jagareforbundet.se\/tierp-tolfta-soderfors\/wp-json\/wp\/v2\/pages\/1261\/revisions\/1262"}],"up":[{"embeddable":true,"href":"https:\/\/krets.jagareforbundet.se\/tierp-tolfta-soderfors\/wp-json\/wp\/v2\/pages\/179"}],"wp:featuredmedia":[{"embeddable":true,"href":"https:\/\/krets.jagareforbundet.se\/tierp-tolfta-soderfors\/wp-json\/wp\/v2\/media\/505"}],"wp:attachment":[{"href":"https:\/\/krets.jagareforbundet.se\/tierp-tolfta-soderfors\/wp-json\/wp\/v2\/media?parent=1261"}],"curies":[{"name":"wp","href":"https:\/\/api.w.org\/{rel}","templated":true}]}}