{"id":142,"date":"2020-07-03T12:39:39","date_gmt":"2020-07-03T10:39:39","guid":{"rendered":"https:\/\/krets.jagareforbundet.se\/tierp-tolfta-soderfors\/?page_id=142"},"modified":"2026-03-11T18:21:42","modified_gmt":"2026-03-11T17:21:42","slug":"styrelse","status":"publish","type":"page","link":"https:\/\/krets.jagareforbundet.se\/tierp-tolfta-soderfors\/styrelse\/","title":{"rendered":"Styrelse"},"content":{"rendered":"<p><div class=\"twocol-one\"><strong>Lars-Olof Larsson<\/strong><br \/>\nOrdf\u00f6rande<br \/>\nAnsvarsomr\u00e5de: NVR, J\u00e4garexamen, Kl\u00f6vvilt och Medlem<\/div> <div class=\"twocol-one last\">070-6837062 \/ 029310257<br \/>\nlolarsson55@hotmail.com<\/div><div class=\"clear\"><\/div><\/p>\n<p><div class=\"twocol-one\"><strong>Roger Larsson<\/strong><br \/>\nVice Ordf\u00f6rande<br \/>\nAnsvarsomr\u00e5de: Hund, F\u00e4ltvilt och Viltmat<\/div> <div class=\"twocol-one last\">070-6902864<br \/>\nbjessen@telia.com<\/div><div class=\"clear\"><\/div><\/p>\n<p><div class=\"twocol-one\"><strong>Hanna Larsson<\/strong><br \/>\nSekreterare<br \/>\nAnsvarsomr\u00e5de: Webben och JAQT <\/div> <div class=\"twocol-one last\">073-5328707<br \/>\nhanna.larsson.ttsjvk@telia.com<\/div><div class=\"clear\"><\/div><\/p>\n<p><div class=\"twocol-one\"><strong>Mikael St\u00e5lkrantz<\/strong><br \/>\nKass\u00f6r<br \/>\nAnsvarsomr\u00e5de: Rovvilt<\/div> <div class=\"twocol-one last\">072-5475450<strong><br \/>\n<\/strong>mikael.stalkrantz@unnitorpets.se<\/div><div class=\"clear\"><\/div><\/p>\n<p><div class=\"twocol-one\"><strong>Karin \u00d6stenstaf<br \/>\n<\/strong>Ledamot<br \/>\n<\/div> <div class=\"twocol-one last\">070-8104417<br \/>\nkarinhelin@yahoo.se<\/div><div class=\"clear\"><\/div><\/p>\n<p><div class=\"twocol-one\"><strong>Patrik Kocsis<br \/>\n<\/strong>Ledamot<br \/>\nAnsvarsomr\u00e5den: Banchef \u00c4lgbanan, Skytte<\/div> <div class=\"twocol-one last\">076-7616992<strong><br \/>\n<\/strong>pattze@live.se<\/div><div class=\"clear\"><\/div><\/p>\n<p><div class=\"twocol-one\"><strong>Kari Riihim\u00e4ki<br \/>\n<\/strong>Ledamot<br \/>\nAnsvarsomr\u00e5de: Vilt\u00f6vervakning och Materialf\u00f6rvaltare <\/div> <div class=\"twocol-one last\">070-2945990<strong><br \/>\n<\/strong>kari.r@telia.com<\/div><div class=\"clear\"><\/div><\/p>\n<p><div class=\"twocol-one\"><strong>Johan Eriksson<br \/>\n<\/strong>Ledamot<br \/>\n<\/div> <div class=\"twocol-one last\">0702355424<strong><br \/>\n<\/strong>johan.tierp@gmail.com<\/div><div class=\"clear\"><\/div><\/p>\n<p><div class=\"twocol-one\"><strong>Henrik Melin<br \/>\n<\/strong>Ledamot<br \/>\n<\/div> <div class=\"twocol-one last\">070-5845218<strong><br \/>\n<\/strong>h.melin@hotmail.com<\/div><div class=\"clear\"><\/div><\/p>\n<p><div class=\"twocol-one\"><strong>Anders Holmgren<br \/>\n<\/strong>Suppleant<\/div> <div class=\"twocol-one last\"><strong><br \/>\n<\/strong>anders4870@gmail.com<\/div><div class=\"clear\"><\/div><\/p>\n<p><div class=\"twocol-one\"><strong>Daniel Hallerstr\u00f6m<br \/>\n<\/strong>Suppleant<\/div> <div class=\"twocol-one last\"><strong><br \/>\n<\/strong>danielhallerstom11@gmail.com<\/div><div class=\"clear\"><\/div><\/p>\n<p><div class=\"twocol-one\"><strong>Jimmy Hallerstr\u00f6m<br \/>\n<\/strong>Suppleant<\/div> <div class=\"twocol-one last\"><strong><br \/>\n<\/strong>hallerstom1@gmail.com<\/div><div class=\"clear\"><\/div><\/p>\n<p>&nbsp;<\/p>\n<h6 style=\"text-align: right\"><em>Uppdaterad: 2026-03-11<\/em><\/h6>\n","protected":false},"excerpt":{"rendered":"<p>&nbsp; Uppdaterad: 2026-03-11<\/p>\n","protected":false},"author":295,"featured_media":0,"parent":0,"menu_order":0,"comment_status":"closed","ping_status":"closed","template":"","meta":{"footnotes":""},"class_list":["post-142","page","type-page","status-publish","hentry"],"_links":{"self":[{"href":"https:\/\/krets.jagareforbundet.se\/tierp-tolfta-soderfors\/wp-json\/wp\/v2\/pages\/142","targetHints":{"allow":["GET"]}}],"collection":[{"href":"https:\/\/krets.jagareforbundet.se\/tierp-tolfta-soderfors\/wp-json\/wp\/v2\/pages"}],"about":[{"href":"https:\/\/krets.jagareforbundet.se\/tierp-tolfta-soderfors\/wp-json\/wp\/v2\/types\/page"}],"author":[{"embeddable":true,"href":"https:\/\/krets.jagareforbundet.se\/tierp-tolfta-soderfors\/wp-json\/wp\/v2\/users\/295"}],"replies":[{"embeddable":true,"href":"https:\/\/krets.jagareforbundet.se\/tierp-tolfta-soderfors\/wp-json\/wp\/v2\/comments?post=142"}],"version-history":[{"count":3,"href":"https:\/\/krets.jagareforbundet.se\/tierp-tolfta-soderfors\/wp-json\/wp\/v2\/pages\/142\/revisions"}],"predecessor-version":[{"id":1213,"href":"https:\/\/krets.jagareforbundet.se\/tierp-tolfta-soderfors\/wp-json\/wp\/v2\/pages\/142\/revisions\/1213"}],"wp:attachment":[{"href":"https:\/\/krets.jagareforbundet.se\/tierp-tolfta-soderfors\/wp-json\/wp\/v2\/media?parent=142"}],"curies":[{"name":"wp","href":"https:\/\/api.w.org\/{rel}","templated":true}]}}