{"id":149,"date":"2020-07-03T12:59:05","date_gmt":"2020-07-03T10:59:05","guid":{"rendered":"https:\/\/krets.jagareforbundet.se\/tierp-tolfta-soderfors\/?page_id=149"},"modified":"2020-07-07T20:50:49","modified_gmt":"2020-07-07T18:50:49","slug":"mer","status":"publish","type":"page","link":"https:\/\/krets.jagareforbundet.se\/tierp-tolfta-soderfors\/mer\/","title":{"rendered":"Mer"},"content":{"rendered":"<h2 style=\"text-align: center\"><em>H\u00e4r hittar du lite sm\u00e5tt och gott om s\u00e5nt som ber\u00f6r v\u00e5r krets<\/em><\/h2>\n<p style=\"text-align: center\"><strong>Hundar<br \/>\n<\/strong><a href=\"https:\/\/krets.jagareforbundet.se\/tierp-tolfta-soderfors\/mer\/eftersok\/\">Efters\u00f6k\u00a0<\/a><br \/>\n<a href=\"https:\/\/krets.jagareforbundet.se\/tierp-tolfta-soderfors\/mer\/hundar\/\">Sp\u00e5r &amp; hundkurser<\/a><\/p>\n<p style=\"text-align: center\"><strong>\u00a0Skytte<br \/>\n<\/strong><a href=\"https:\/\/krets.jagareforbundet.se\/tierp-tolfta-soderfors\/mer\/tavlingar\/\">T\u00e4vlingar<\/a><br \/>\n<a href=\"https:\/\/krets.jagareforbundet.se\/tierp-tolfta-soderfors\/mer\/banchefer\/\">Banchefer<\/a><br \/>\n<a href=\"https:\/\/krets.jagareforbundet.se\/tierp-tolfta-soderfors\/mer\/skjutprogram\/\">Skjutprogram<\/a><\/p>\n<p style=\"text-align: center\"><strong>\u00a0\u00c4lg\u00e4rende<br \/>\n<\/strong><a href=\"https:\/\/krets.jagareforbundet.se\/tierp-tolfta-soderfors\/mer\/algskotselomraden\/\">\u00a0\u00c4lgsk\u00f6tselomr\u00e5den<\/a><\/p>\n<p style=\"text-align: center\"><strong>Kretsm\u00e4sterskap<br \/>\n<\/strong><a href=\"https:\/\/krets.jagareforbundet.se\/tierp-tolfta-soderfors\/mer\/km-trap\/\">KM-Trap<\/a><br \/>\n<a href=\"https:\/\/krets.jagareforbundet.se\/tierp-tolfta-soderfors\/mer\/km-algbana\/\">KM-\u00c4lgbana<\/a><br \/>\n<a href=\"https:\/\/krets.jagareforbundet.se\/tierp-tolfta-soderfors\/mer\/km-viltspar\/\">KM-Viltsp\u00e5r<\/a><\/p>\n<p style=\"text-align: center\"><strong>Rovvilt<br \/>\n<\/strong><a href=\"https:\/\/krets.jagareforbundet.se\/tierp-tolfta-soderfors\/mer\/rovvilt\/\">Rovvilt\u00a0\u00a0<\/a><br \/>\n<a href=\"https:\/\/krets.jagareforbundet.se\/tierp-tolfta-soderfors\/mer\/rovobs\/\">Rovobs\u00a0<\/a><strong><br \/>\n<\/strong><\/p>\n<p style=\"text-align: center\"><strong>Utbildning<br \/>\n<\/strong><a href=\"https:\/\/krets.jagareforbundet.se\/tierp-tolfta-soderfors\/mer\/utbildning\/\">Ungdomsansvarig<\/a><strong><br \/>\n<\/strong><a href=\"https:\/\/krets.jagareforbundet.se\/tierp-tolfta-soderfors\/mer\/utbildning\/\">Studieombud<\/a><strong><br \/>\n<\/strong><\/p>\n<p style=\"text-align: center\"><strong>\u00d6vrigt<br \/>\n<\/strong><a href=\"https:\/\/krets.jagareforbundet.se\/tierp-tolfta-soderfors\/mer\/facebook\/\">Facebook<\/a><br \/>\n<a href=\"https:\/\/krets.jagareforbundet.se\/tierp-tolfta-soderfors\/mer\/viltdata\/\">Viltdata<\/a><br \/>\n<a href=\"https:\/\/krets.jagareforbundet.se\/tierp-tolfta-soderfors\/mer\/dokument\/\">Dokument<\/a><\/p>\n","protected":false},"excerpt":{"rendered":"<p>H\u00e4r hittar du lite sm\u00e5tt och gott om s\u00e5nt som ber\u00f6r v\u00e5r krets Hundar Efters\u00f6k\u00a0 Sp\u00e5r &amp; hundkurser \u00a0Skytte T\u00e4vlingar Banchefer Skjutprogram \u00a0\u00c4lg\u00e4rende \u00a0\u00c4lgsk\u00f6tselomr\u00e5den Kretsm\u00e4sterskap KM-Trap KM-\u00c4lgbana KM-Viltsp\u00e5r Rovvilt Rovvilt\u00a0\u00a0 Rovobs\u00a0 Utbildning Ungdomsansvarig Studieombud \u00d6vrigt Facebook Viltdata Dokument<\/p>\n","protected":false},"author":295,"featured_media":0,"parent":0,"menu_order":0,"comment_status":"closed","ping_status":"closed","template":"","meta":{"footnotes":""},"class_list":["post-149","page","type-page","status-publish","hentry"],"_links":{"self":[{"href":"https:\/\/krets.jagareforbundet.se\/tierp-tolfta-soderfors\/wp-json\/wp\/v2\/pages\/149","targetHints":{"allow":["GET"]}}],"collection":[{"href":"https:\/\/krets.jagareforbundet.se\/tierp-tolfta-soderfors\/wp-json\/wp\/v2\/pages"}],"about":[{"href":"https:\/\/krets.jagareforbundet.se\/tierp-tolfta-soderfors\/wp-json\/wp\/v2\/types\/page"}],"author":[{"embeddable":true,"href":"https:\/\/krets.jagareforbundet.se\/tierp-tolfta-soderfors\/wp-json\/wp\/v2\/users\/295"}],"replies":[{"embeddable":true,"href":"https:\/\/krets.jagareforbundet.se\/tierp-tolfta-soderfors\/wp-json\/wp\/v2\/comments?post=149"}],"version-history":[{"count":3,"href":"https:\/\/krets.jagareforbundet.se\/tierp-tolfta-soderfors\/wp-json\/wp\/v2\/pages\/149\/revisions"}],"predecessor-version":[{"id":274,"href":"https:\/\/krets.jagareforbundet.se\/tierp-tolfta-soderfors\/wp-json\/wp\/v2\/pages\/149\/revisions\/274"}],"wp:attachment":[{"href":"https:\/\/krets.jagareforbundet.se\/tierp-tolfta-soderfors\/wp-json\/wp\/v2\/media?parent=149"}],"curies":[{"name":"wp","href":"https:\/\/api.w.org\/{rel}","templated":true}]}}