{"id":151,"date":"2020-07-03T12:59:39","date_gmt":"2020-07-03T10:59:39","guid":{"rendered":"https:\/\/krets.jagareforbundet.se\/tierp-tolfta-soderfors\/?page_id=151"},"modified":"2020-07-07T14:06:14","modified_gmt":"2020-07-07T12:06:14","slug":"hundar","status":"publish","type":"page","link":"https:\/\/krets.jagareforbundet.se\/tierp-tolfta-soderfors\/mer\/hundar\/","title":{"rendered":"Sp\u00e5r &amp; hundkurser"},"content":{"rendered":"<div id=\"wrapper\">\n<div id=\"inner-wrapper\">\n<div class=\"col-full\" id=\"content\">\n<div id=\"main-sidebar-container\">\n<div id=\"main-wrapper\">\n<section id=\"main\">\n<article class=\"post-155 page type-page status-publish hentry\">\n<header>\n<h1 class=\"title entry-title\">Sp\u00e5r &amp; hundkurser<\/h1>\n<\/header>\n<section class=\"entry\">\n<div class=\"clearfix\">\n<div class=\"container-wide clearfix\">\n<div class=\"container\">\n<div class=\"content--columns\">\n<div class=\"content__main\">\n<div class=\"box\">\n<div class=\"box__content padding--full customContent link-color--underline\">Om intresse finns f\u00f6r Efters\u00f6ks-\/viltsp\u00e5rskurs, skicka intresseanm\u00e4lan till Rogga Larsson<br \/>\n(mejl: bjessen@telia.com eller via telefon: 070-6902864)<\/div>\n<\/div>\n<\/div>\n<\/div>\n<\/div>\n<\/div>\n<\/div>\n<\/section>\n<\/article>\n<\/section>\n<\/div>\n<\/div>\n<\/div>\n<\/div>\n<\/div>\n","protected":false},"excerpt":{"rendered":"<p>Sp\u00e5r &amp; hundkurser Om intresse finns f\u00f6r Efters\u00f6ks-\/viltsp\u00e5rskurs, skicka intresseanm\u00e4lan till Rogga Larsson (mejl: bjessen@telia.com eller via telefon: 070-6902864)<\/p>\n","protected":false},"author":295,"featured_media":0,"parent":149,"menu_order":0,"comment_status":"closed","ping_status":"closed","template":"","meta":{"footnotes":""},"class_list":["post-151","page","type-page","status-publish","hentry"],"_links":{"self":[{"href":"https:\/\/krets.jagareforbundet.se\/tierp-tolfta-soderfors\/wp-json\/wp\/v2\/pages\/151","targetHints":{"allow":["GET"]}}],"collection":[{"href":"https:\/\/krets.jagareforbundet.se\/tierp-tolfta-soderfors\/wp-json\/wp\/v2\/pages"}],"about":[{"href":"https:\/\/krets.jagareforbundet.se\/tierp-tolfta-soderfors\/wp-json\/wp\/v2\/types\/page"}],"author":[{"embeddable":true,"href":"https:\/\/krets.jagareforbundet.se\/tierp-tolfta-soderfors\/wp-json\/wp\/v2\/users\/295"}],"replies":[{"embeddable":true,"href":"https:\/\/krets.jagareforbundet.se\/tierp-tolfta-soderfors\/wp-json\/wp\/v2\/comments?post=151"}],"version-history":[{"count":3,"href":"https:\/\/krets.jagareforbundet.se\/tierp-tolfta-soderfors\/wp-json\/wp\/v2\/pages\/151\/revisions"}],"predecessor-version":[{"id":236,"href":"https:\/\/krets.jagareforbundet.se\/tierp-tolfta-soderfors\/wp-json\/wp\/v2\/pages\/151\/revisions\/236"}],"up":[{"embeddable":true,"href":"https:\/\/krets.jagareforbundet.se\/tierp-tolfta-soderfors\/wp-json\/wp\/v2\/pages\/149"}],"wp:attachment":[{"href":"https:\/\/krets.jagareforbundet.se\/tierp-tolfta-soderfors\/wp-json\/wp\/v2\/media?parent=151"}],"curies":[{"name":"wp","href":"https:\/\/api.w.org\/{rel}","templated":true}]}}