{"id":153,"date":"2020-07-03T13:00:37","date_gmt":"2020-07-03T11:00:37","guid":{"rendered":"https:\/\/krets.jagareforbundet.se\/tierp-tolfta-soderfors\/?page_id=153"},"modified":"2026-03-29T14:46:12","modified_gmt":"2026-03-29T12:46:12","slug":"eftersok","status":"publish","type":"page","link":"https:\/\/krets.jagareforbundet.se\/tierp-tolfta-soderfors\/eftersok\/","title":{"rendered":"Efters\u00f6k\/NVR"},"content":{"rendered":"<p><strong>Efters\u00f6ksorganisationen TIERP-TOLFTA-S\u00d6DERFORS JAKTV\u00c5RDSKRETS<\/strong><\/p>\n<p><strong>Samordnare<\/strong>: Lars-Olof Larsson, 0293-102 57, 070-683 70 62<\/p>\n<table width=\"575\">\n<tbody>\n<tr>\n<td width=\"112\"><strong>Omr\u00e5de A:<\/strong><\/td>\n<td width=\"324\"><strong>V\u00e4g 292 S\u00f6derforssidan samt v\u00e4g 600 S\u00f6derfors-korset \u2013 Mehedeby<\/strong><\/td>\n<\/tr>\n<tr>\n<td width=\"112\"><\/td>\n<td width=\"324\"><\/td>\n<\/tr>\n<tr>\n<td width=\"112\">Kontaktm\u00e4n:<\/td>\n<td width=\"324\">Roger Larsson\u00a0 \u00a0 \u00a0 \u00a0 \u00a0 \u00a0 \u00a0 \u00a0 \u00a0 \u00a0 \u00a0 \u00a0 \u00a0 \u00a0 \u00a0 070-690 28 64<\/td>\n<\/tr>\n<tr>\n<td width=\"112\"><\/td>\n<td width=\"324\"><\/td>\n<\/tr>\n<tr>\n<td width=\"112\">Efters\u00f6kspatrull:<\/td>\n<td width=\"324\">Roger Larsson\u00a0 \u00a0 \u00a0 \u00a0 \u00a0 \u00a0 \u00a0 \u00a0 \u00a0 \u00a0 \u00a0 \u00a0 \u00a0 \u00a0 \u00a0 070-690 28 64<\/td>\n<\/tr>\n<tr>\n<td width=\"112\"><\/td>\n<td width=\"324\">Jocke Bergstr\u00f6m \u00a0\u00a0\u00a0\u00a0\u00a0\u00a0\u00a0\u00a0\u00a0\u00a0\u00a0\u00a0\u00a0\u00a0\u00a0\u00a0\u00a0\u00a0\u00a0\u00a0\u00a0\u00a0\u00a0 \u00a0072-218 89 82<\/td>\n<\/tr>\n<tr>\n<td width=\"112\"><\/td>\n<td width=\"324\">Tobias Gunnarsson\u00a0 \u00a0 \u00a0 \u00a0 \u00a0 \u00a0 \u00a0 \u00a0 \u00a0 \u00a0 \u00a0070-555 02 46<\/td>\n<\/tr>\n<tr>\n<td width=\"112\"><\/td>\n<td width=\"324\"><\/td>\n<\/tr>\n<tr>\n<td width=\"112\"><\/td>\n<td width=\"324\"><\/td>\n<\/tr>\n<tr>\n<td width=\"112\"><strong>Omr\u00e5de B:<\/strong><\/td>\n<td width=\"324\"><strong>Tierps k\u00f6ping, Str\u00f6msbergsv\u00e4gen 740 samt nya E4 Arvidsbo-Mehedeby<\/strong><\/td>\n<\/tr>\n<tr>\n<td width=\"112\"><\/td>\n<td width=\"324\"><\/td>\n<\/tr>\n<tr>\n<td width=\"112\">Kontaktm\u00e4n:<\/td>\n<td width=\"324\">Fredrik L\u00f6\u00f6v \u00a0\u00a0 \u00a0\u00a0\u00a0\u00a0\u00a0\u00a0\u00a0\u00a0\u00a0\u00a0\u00a0\u00a0\u00a0\u00a0\u00a0\u00a0\u00a0\u00a0\u00a0\u00a0\u00a0\u00a0\u00a0\u00a0\u00a0\u00a0\u00a0\u00a0 070-756 60 41<\/td>\n<\/tr>\n<tr>\n<td width=\"112\">Efters\u00f6kspatrull:<\/td>\n<td width=\"324\">Fredrik L\u00f6\u00f6v \u00a0\u00a0 \u00a0\u00a0\u00a0\u00a0\u00a0\u00a0\u00a0\u00a0\u00a0\u00a0\u00a0\u00a0\u00a0\u00a0\u00a0\u00a0\u00a0\u00a0\u00a0\u00a0\u00a0\u00a0\u00a0\u00a0\u00a0\u00a0\u00a0\u00a0 070-756 60 41<\/td>\n<\/tr>\n<tr>\n<td width=\"112\"><\/td>\n<td width=\"324\">Daniel Hallerstr\u00f6m\u00a0 \u00a0 \u00a0 \u00a0 \u00a0 \u00a0 \u00a0 \u00a0 \u00a0 \u00a0 \u00a0076-847 22 88<\/td>\n<\/tr>\n<tr>\n<td width=\"112\"><\/td>\n<td width=\"324\"><\/td>\n<\/tr>\n<tr>\n<td width=\"112\"><\/td>\n<td width=\"324\"><\/td>\n<\/tr>\n<tr>\n<td width=\"112\"><strong>Omr\u00e5de C:<\/strong><\/td>\n<td width=\"324\"><strong>V\u00e4g 292 \u00d6stra sidan Svanbykorset \u2013 Tobo<\/strong><\/td>\n<\/tr>\n<tr>\n<td width=\"112\">Kontaktm\u00e4n:<\/td>\n<td width=\"324\">Thomas Karlsson, 070-286 19 19<\/td>\n<\/tr>\n<tr>\n<td width=\"112\">Efters\u00f6kspatrull:<\/td>\n<td width=\"324\">Thomas Karlsson, 070-286 19 19<\/td>\n<\/tr>\n<tr>\n<td width=\"112\"><\/td>\n<td width=\"324\">Tobias Gunnarsson\u00a0 \u00a0 \u00a0 \u00a0 \u00a0 \u00a0 \u00a0 \u00a0 \u00a0 \u00a0 \u00a0070-555 02 46<\/p>\n<p>&nbsp;<\/td>\n<\/tr>\n<tr>\n<td width=\"112\"><strong>Omr\u00e5de D:<\/strong><\/td>\n<td width=\"324\"><strong>V\u00e4g 600 (gamla E4) fr\u00e5n Kyrkbyn-Tierp \u00e4ven F\u00e4cklinge, 292<\/strong><\/td>\n<\/tr>\n<tr>\n<td width=\"112\"><\/td>\n<td width=\"324\"><strong>Svanby-S\u00f6derforskorsningen samt nya E4 Arvidsbo-M\u00e5nkarbo<\/strong><\/td>\n<\/tr>\n<tr>\n<td width=\"112\">Kontaktm\u00e4n:<\/td>\n<td width=\"324\">Lars-Olof Larsson, 0293-102 57, 070-683 70 62<\/td>\n<\/tr>\n<tr>\n<td width=\"112\"><\/td>\n<td width=\"324\">Kari Riihim\u00e4ki, 070-294 59 90<\/td>\n<\/tr>\n<tr>\n<td width=\"112\">Efters\u00f6kspatrull:<\/td>\n<td width=\"324\">Lars-Olof Larsson, 0293-102 57, 070-683 70 62<\/td>\n<\/tr>\n<tr>\n<td width=\"112\"><\/td>\n<td width=\"324\">Kari Riihim\u00e4ki, 070-294 59 90<\/p>\n<p>&nbsp;<\/td>\n<\/tr>\n<tr>\n<td width=\"112\"><strong>Omr\u00e5de E:<\/strong><\/td>\n<td width=\"324\"><strong>V\u00e4g 600 (gamla E4) s\u00f6der om Kyrkbyn<\/strong><\/td>\n<\/tr>\n<tr>\n<td width=\"112\">Kontaktm\u00e4n:<\/td>\n<td width=\"324\">Johan Karlsson, 070-551 16 64<\/td>\n<\/tr>\n<tr>\n<td width=\"112\">Efters\u00f6kspatrull:<\/td>\n<td width=\"324\">Henrik Melin, 070-584 52 18<\/td>\n<\/tr>\n<\/tbody>\n<\/table>\n<p>&nbsp;<\/p>\n<h6 style=\"text-align: right\"><em>Uppdaterad: 2026-03-29<\/em><\/h6>\n","protected":false},"excerpt":{"rendered":"<p>Efters\u00f6ksorganisationen TIERP-TOLFTA-S\u00d6DERFORS JAKTV\u00c5RDSKRETS Samordnare: Lars-Olof Larsson, 0293-102 57, 070-683 70 62 Omr\u00e5de A: V\u00e4g 292 S\u00f6derforssidan samt v\u00e4g 600 S\u00f6derfors-korset \u2013 Mehedeby Kontaktm\u00e4n: Roger Larsson\u00a0 \u00a0 \u00a0 \u00a0 \u00a0 \u00a0 \u00a0 \u00a0 \u00a0 \u00a0 \u00a0 \u00a0 \u00a0 \u00a0 \u00a0 070-690 28 64 Efters\u00f6kspatrull: Roger Larsson\u00a0 \u00a0 \u00a0 \u00a0 \u00a0 \u00a0 \u00a0 \u00a0 \u00a0 \u00a0 \u00a0 [&hellip;]<\/p>\n","protected":false},"author":295,"featured_media":0,"parent":0,"menu_order":0,"comment_status":"closed","ping_status":"closed","template":"","meta":{"footnotes":""},"class_list":["post-153","page","type-page","status-publish","hentry"],"_links":{"self":[{"href":"https:\/\/krets.jagareforbundet.se\/tierp-tolfta-soderfors\/wp-json\/wp\/v2\/pages\/153","targetHints":{"allow":["GET"]}}],"collection":[{"href":"https:\/\/krets.jagareforbundet.se\/tierp-tolfta-soderfors\/wp-json\/wp\/v2\/pages"}],"about":[{"href":"https:\/\/krets.jagareforbundet.se\/tierp-tolfta-soderfors\/wp-json\/wp\/v2\/types\/page"}],"author":[{"embeddable":true,"href":"https:\/\/krets.jagareforbundet.se\/tierp-tolfta-soderfors\/wp-json\/wp\/v2\/users\/295"}],"replies":[{"embeddable":true,"href":"https:\/\/krets.jagareforbundet.se\/tierp-tolfta-soderfors\/wp-json\/wp\/v2\/comments?post=153"}],"version-history":[{"count":3,"href":"https:\/\/krets.jagareforbundet.se\/tierp-tolfta-soderfors\/wp-json\/wp\/v2\/pages\/153\/revisions"}],"predecessor-version":[{"id":1378,"href":"https:\/\/krets.jagareforbundet.se\/tierp-tolfta-soderfors\/wp-json\/wp\/v2\/pages\/153\/revisions\/1378"}],"wp:attachment":[{"href":"https:\/\/krets.jagareforbundet.se\/tierp-tolfta-soderfors\/wp-json\/wp\/v2\/media?parent=153"}],"curies":[{"name":"wp","href":"https:\/\/api.w.org\/{rel}","templated":true}]}}