{"id":159,"date":"2020-07-03T13:04:41","date_gmt":"2020-07-03T11:04:41","guid":{"rendered":"https:\/\/krets.jagareforbundet.se\/tierp-tolfta-soderfors\/?page_id=159"},"modified":"2026-03-11T18:37:39","modified_gmt":"2026-03-11T17:37:39","slug":"tavlingar","status":"publish","type":"page","link":"https:\/\/krets.jagareforbundet.se\/tierp-tolfta-soderfors\/tavlingar\/","title":{"rendered":"T\u00e4vlingar"},"content":{"rendered":"<div class=\"clearfix\">\n<div class=\"container-wide clearfix\">\n<div class=\"container\">\n<div class=\"content--columns\">\n<div class=\"content__main\">\n<div class=\"box\">\n<div class=\"box__content padding--full customContent link-color--underline\">\n<p><b>T\u00e4vlingar p\u00e5 p\u00e5 Fors Skyttecenter under 2026<\/b><\/p>\n<p><strong>Jaktstig\/Hagelstig<\/strong> <em>26 april<\/em><br \/>\n<strong>KM viltsp\u00e5r<\/strong> 31 maj<i>\u00a0<\/i><br \/>\n<strong>KM \u00c4lgskytte<\/strong><em> 25 augusti<\/em><br \/>\n<strong>KM Trapp<\/strong> <em> 27 augusti<\/em><\/p>\n<\/div>\n<\/div>\n<p><b><div class=\"woo-fbshare left\"><div class=\"fb-share-button\" data-href=\"https:\/\/krets.jagareforbundet.se\/tierp-tolfta-soderfors\/tavlingar\/\" data-width=\"100\" data-type=\"button\"><\/div><\/div>\u00a0<\/b><\/p>\n<\/div>\n<\/div>\n<\/div>\n<\/div>\n<\/div>\n","protected":false},"excerpt":{"rendered":"<p>T\u00e4vlingar p\u00e5 p\u00e5 Fors Skyttecenter under 2026 Jaktstig\/Hagelstig 26 april KM viltsp\u00e5r 31 maj\u00a0 KM \u00c4lgskytte 25 augusti KM Trapp 27 augusti \u00a0<\/p>\n","protected":false},"author":295,"featured_media":0,"parent":0,"menu_order":0,"comment_status":"closed","ping_status":"closed","template":"","meta":{"footnotes":""},"class_list":["post-159","page","type-page","status-publish","hentry"],"_links":{"self":[{"href":"https:\/\/krets.jagareforbundet.se\/tierp-tolfta-soderfors\/wp-json\/wp\/v2\/pages\/159","targetHints":{"allow":["GET"]}}],"collection":[{"href":"https:\/\/krets.jagareforbundet.se\/tierp-tolfta-soderfors\/wp-json\/wp\/v2\/pages"}],"about":[{"href":"https:\/\/krets.jagareforbundet.se\/tierp-tolfta-soderfors\/wp-json\/wp\/v2\/types\/page"}],"author":[{"embeddable":true,"href":"https:\/\/krets.jagareforbundet.se\/tierp-tolfta-soderfors\/wp-json\/wp\/v2\/users\/295"}],"replies":[{"embeddable":true,"href":"https:\/\/krets.jagareforbundet.se\/tierp-tolfta-soderfors\/wp-json\/wp\/v2\/comments?post=159"}],"version-history":[{"count":3,"href":"https:\/\/krets.jagareforbundet.se\/tierp-tolfta-soderfors\/wp-json\/wp\/v2\/pages\/159\/revisions"}],"predecessor-version":[{"id":1362,"href":"https:\/\/krets.jagareforbundet.se\/tierp-tolfta-soderfors\/wp-json\/wp\/v2\/pages\/159\/revisions\/1362"}],"wp:attachment":[{"href":"https:\/\/krets.jagareforbundet.se\/tierp-tolfta-soderfors\/wp-json\/wp\/v2\/media?parent=159"}],"curies":[{"name":"wp","href":"https:\/\/api.w.org\/{rel}","templated":true}]}}