{"id":183,"date":"2020-07-03T13:27:26","date_gmt":"2020-07-03T11:27:26","guid":{"rendered":"https:\/\/krets.jagareforbundet.se\/tierp-tolfta-soderfors\/?page_id=183"},"modified":"2025-08-26T21:02:54","modified_gmt":"2025-08-26T19:02:54","slug":"km-algbana","status":"publish","type":"page","link":"https:\/\/krets.jagareforbundet.se\/tierp-tolfta-soderfors\/mer\/km-algbana\/","title":{"rendered":"KM-\u00c4lgbana"},"content":{"rendered":"<div class=\"clearfix\">\n<div class=\"container-wide clearfix\">\n<div class=\"container\">\n<div class=\"content--columns\">\n<div class=\"content__main\">\n<div class=\"box\">\n<div class=\"box__content padding--full customContent link-color--underline\">\n<p><b>KM-\u00c4lgbana vinnare<\/b><\/p>\n<p>2025 Mikael Str\u00f6mberg<\/p>\n<p>2024 Mikael Str\u00f6mberg<\/p>\n<p>2023 Lars Eriksson<\/p>\n<p>2022 Kari Riihim\u00e4ki<\/p>\n<p>2021 Patrik Kocsis<\/p>\n<p>2020 Patrik Kocsis<\/p>\n<p>2019 Tomas Kregert<\/p>\n<p>2018 Tomas Kregert<\/p>\n<p>Saknar info fr\u00e5n tidigare \u00e5r \ud83d\ude41<\/p>\n<\/div>\n<\/div>\n<\/div>\n<\/div>\n<\/div>\n<\/div>\n<\/div>\n","protected":false},"excerpt":{"rendered":"<p>KM-\u00c4lgbana vinnare 2025 Mikael Str\u00f6mberg 2024 Mikael Str\u00f6mberg 2023 Lars Eriksson 2022 Kari Riihim\u00e4ki 2021 Patrik Kocsis 2020 Patrik Kocsis 2019 Tomas Kregert 2018 Tomas Kregert Saknar info fr\u00e5n tidigare \u00e5r \ud83d\ude41<\/p>\n","protected":false},"author":295,"featured_media":0,"parent":149,"menu_order":0,"comment_status":"closed","ping_status":"closed","template":"","meta":{"footnotes":""},"class_list":["post-183","page","type-page","status-publish","hentry"],"_links":{"self":[{"href":"https:\/\/krets.jagareforbundet.se\/tierp-tolfta-soderfors\/wp-json\/wp\/v2\/pages\/183","targetHints":{"allow":["GET"]}}],"collection":[{"href":"https:\/\/krets.jagareforbundet.se\/tierp-tolfta-soderfors\/wp-json\/wp\/v2\/pages"}],"about":[{"href":"https:\/\/krets.jagareforbundet.se\/tierp-tolfta-soderfors\/wp-json\/wp\/v2\/types\/page"}],"author":[{"embeddable":true,"href":"https:\/\/krets.jagareforbundet.se\/tierp-tolfta-soderfors\/wp-json\/wp\/v2\/users\/295"}],"replies":[{"embeddable":true,"href":"https:\/\/krets.jagareforbundet.se\/tierp-tolfta-soderfors\/wp-json\/wp\/v2\/comments?post=183"}],"version-history":[{"count":3,"href":"https:\/\/krets.jagareforbundet.se\/tierp-tolfta-soderfors\/wp-json\/wp\/v2\/pages\/183\/revisions"}],"predecessor-version":[{"id":1318,"href":"https:\/\/krets.jagareforbundet.se\/tierp-tolfta-soderfors\/wp-json\/wp\/v2\/pages\/183\/revisions\/1318"}],"up":[{"embeddable":true,"href":"https:\/\/krets.jagareforbundet.se\/tierp-tolfta-soderfors\/wp-json\/wp\/v2\/pages\/149"}],"wp:attachment":[{"href":"https:\/\/krets.jagareforbundet.se\/tierp-tolfta-soderfors\/wp-json\/wp\/v2\/media?parent=183"}],"curies":[{"name":"wp","href":"https:\/\/api.w.org\/{rel}","templated":true}]}}