{"id":191,"date":"2020-07-03T14:24:35","date_gmt":"2020-07-03T12:24:35","guid":{"rendered":"https:\/\/krets.jagareforbundet.se\/tierp-tolfta-soderfors\/?page_id=191"},"modified":"2023-03-02T19:01:51","modified_gmt":"2023-03-02T18:01:51","slug":"dokument","status":"publish","type":"page","link":"https:\/\/krets.jagareforbundet.se\/tierp-tolfta-soderfors\/mer\/dokument\/","title":{"rendered":"Dokument"},"content":{"rendered":"<p>&nbsp;<\/p>\n<p>&nbsp;<\/p>\n<p><strong>Medlemsbladet<\/strong><\/p>\n<ul>\n<li><a href=\"https:\/\/krets.jagareforbundet.se\/tierp-tolfta-soderfors\/files\/2023\/03\/Tierp-Tolfta-Soderfors-Jaktvardskrets-medlemsblad-2023.pdf\">Medlemsbladet 2023<\/a><\/li>\n<li><a href=\"https:\/\/krets.jagareforbundet.se\/tierp-tolfta-soderfors\/files\/2022\/02\/Tierp-Tolfta-Soderfors-Jaktvardskrets-medlemsblad-2022-Nya-uppd.pdf\">Medlemsblad 2022<\/a><\/li>\n<li><a href=\"https:\/\/krets.jagareforbundet.se\/tierp-tolfta-soderfors\/files\/2021\/06\/Medlemsblad-2021-TTS-Jvk.pdf\">Medlemsblad 2021<\/a><\/li>\n<li><a href=\"https:\/\/krets.jagareforbundet.se\/tierp-tolfta-soderfors\/files\/2020\/07\/Medlemsbladet-2020.pdf\">Medlemsbladet 2020<\/a><\/li>\n<\/ul>\n<p>&nbsp;<\/p>\n<p><strong>Nyhetsbrev<\/strong><\/p>\n<ul>\n<li><a href=\"https:\/\/krets.jagareforbundet.se\/tierp-tolfta-soderfors\/files\/2020\/07\/Nyhetsbrev-93.pdf\">Nyhetsbrev-93<\/a><\/li>\n<li><a href=\"https:\/\/www.anpdm.com\/newsletterweb\/46445D4279444A5C4077484459\/43455D4777474B504B714147584071\">Nyhetsbrev<\/a><\/li>\n<li><a href=\"https:\/\/krets.jagareforbundet.se\/tierp-tolfta-soderfors\/files\/2020\/11\/Nyhetsbrev-98-1.pdf\">Nyhetsbrev 98<\/a><\/li>\n<li><a href=\"https:\/\/www.anpdm.com\/newsletterweb\/47425E4A724847514B72464B59\/43455D4777474B504A7441415E4671\">M\u00e5nadsbrev fr\u00e5n SJF april 2021<\/a><\/li>\n<\/ul>\n<p><strong>\u00d6vrigt<\/strong><\/p>\n<ul>\n<li><a href=\"https:\/\/krets.jagareforbundet.se\/tierp-tolfta-soderfors\/files\/2020\/07\/Lite-nytt-inf\u00f6r-s\u00e4song-2020.docx\">Lite nytt inf\u00f6r s\u00e4song 2020<\/a><\/li>\n<li><a href=\"https:\/\/krets.jagareforbundet.se\/tierp-tolfta-soderfors\/files\/2022\/06\/Brev-jaktlag-22.pdf\">Brev jaktlag 22<\/a><\/li>\n<\/ul>\n<p>&nbsp;<\/p>\n<p>&nbsp;<\/p>\n<h6 style=\"text-align: right\"><em>Uppdaterad 2023-03-02<\/em><\/h6>\n","protected":false},"excerpt":{"rendered":"<p>&nbsp; &nbsp; Medlemsbladet Medlemsbladet 2023 Medlemsblad 2022 Medlemsblad 2021 Medlemsbladet 2020 &nbsp; Nyhetsbrev Nyhetsbrev-93 Nyhetsbrev Nyhetsbrev 98 M\u00e5nadsbrev fr\u00e5n SJF april 2021 \u00d6vrigt Lite nytt inf\u00f6r s\u00e4song 2020 Brev jaktlag 22 &nbsp; &nbsp; Uppdaterad 2023-03-02<\/p>\n","protected":false},"author":295,"featured_media":0,"parent":149,"menu_order":0,"comment_status":"closed","ping_status":"closed","template":"","meta":{"footnotes":""},"class_list":["post-191","page","type-page","status-publish","hentry"],"_links":{"self":[{"href":"https:\/\/krets.jagareforbundet.se\/tierp-tolfta-soderfors\/wp-json\/wp\/v2\/pages\/191","targetHints":{"allow":["GET"]}}],"collection":[{"href":"https:\/\/krets.jagareforbundet.se\/tierp-tolfta-soderfors\/wp-json\/wp\/v2\/pages"}],"about":[{"href":"https:\/\/krets.jagareforbundet.se\/tierp-tolfta-soderfors\/wp-json\/wp\/v2\/types\/page"}],"author":[{"embeddable":true,"href":"https:\/\/krets.jagareforbundet.se\/tierp-tolfta-soderfors\/wp-json\/wp\/v2\/users\/295"}],"replies":[{"embeddable":true,"href":"https:\/\/krets.jagareforbundet.se\/tierp-tolfta-soderfors\/wp-json\/wp\/v2\/comments?post=191"}],"version-history":[{"count":4,"href":"https:\/\/krets.jagareforbundet.se\/tierp-tolfta-soderfors\/wp-json\/wp\/v2\/pages\/191\/revisions"}],"predecessor-version":[{"id":1052,"href":"https:\/\/krets.jagareforbundet.se\/tierp-tolfta-soderfors\/wp-json\/wp\/v2\/pages\/191\/revisions\/1052"}],"up":[{"embeddable":true,"href":"https:\/\/krets.jagareforbundet.se\/tierp-tolfta-soderfors\/wp-json\/wp\/v2\/pages\/149"}],"wp:attachment":[{"href":"https:\/\/krets.jagareforbundet.se\/tierp-tolfta-soderfors\/wp-json\/wp\/v2\/media?parent=191"}],"curies":[{"name":"wp","href":"https:\/\/api.w.org\/{rel}","templated":true}]}}