{"id":255,"date":"2020-07-07T14:33:11","date_gmt":"2020-07-07T12:33:11","guid":{"rendered":"https:\/\/krets.jagareforbundet.se\/tierp-tolfta-soderfors\/?page_id=255"},"modified":"2021-04-19T08:38:24","modified_gmt":"2021-04-19T06:38:24","slug":"facebook","status":"publish","type":"page","link":"https:\/\/krets.jagareforbundet.se\/tierp-tolfta-soderfors\/mer\/facebook\/","title":{"rendered":"Facebook"},"content":{"rendered":"<p>Bes\u00f6k g\u00e4rna v\u00e5r <a href=\"https:\/\/www.facebook.com\/groups\/288130358019774\/\">Facebook sida<\/a>.<\/p>\n","protected":false},"excerpt":{"rendered":"<p>Bes\u00f6k g\u00e4rna v\u00e5r Facebook sida.<\/p>\n","protected":false},"author":295,"featured_media":493,"parent":149,"menu_order":0,"comment_status":"closed","ping_status":"closed","template":"","meta":{"footnotes":""},"class_list":["post-255","page","type-page","status-publish","has-post-thumbnail","hentry"],"_links":{"self":[{"href":"https:\/\/krets.jagareforbundet.se\/tierp-tolfta-soderfors\/wp-json\/wp\/v2\/pages\/255","targetHints":{"allow":["GET"]}}],"collection":[{"href":"https:\/\/krets.jagareforbundet.se\/tierp-tolfta-soderfors\/wp-json\/wp\/v2\/pages"}],"about":[{"href":"https:\/\/krets.jagareforbundet.se\/tierp-tolfta-soderfors\/wp-json\/wp\/v2\/types\/page"}],"author":[{"embeddable":true,"href":"https:\/\/krets.jagareforbundet.se\/tierp-tolfta-soderfors\/wp-json\/wp\/v2\/users\/295"}],"replies":[{"embeddable":true,"href":"https:\/\/krets.jagareforbundet.se\/tierp-tolfta-soderfors\/wp-json\/wp\/v2\/comments?post=255"}],"version-history":[{"count":1,"href":"https:\/\/krets.jagareforbundet.se\/tierp-tolfta-soderfors\/wp-json\/wp\/v2\/pages\/255\/revisions"}],"predecessor-version":[{"id":256,"href":"https:\/\/krets.jagareforbundet.se\/tierp-tolfta-soderfors\/wp-json\/wp\/v2\/pages\/255\/revisions\/256"}],"up":[{"embeddable":true,"href":"https:\/\/krets.jagareforbundet.se\/tierp-tolfta-soderfors\/wp-json\/wp\/v2\/pages\/149"}],"wp:featuredmedia":[{"embeddable":true,"href":"https:\/\/krets.jagareforbundet.se\/tierp-tolfta-soderfors\/wp-json\/wp\/v2\/media\/493"}],"wp:attachment":[{"href":"https:\/\/krets.jagareforbundet.se\/tierp-tolfta-soderfors\/wp-json\/wp\/v2\/media?parent=255"}],"curies":[{"name":"wp","href":"https:\/\/api.w.org\/{rel}","templated":true}]}}