{"id":118,"date":"2016-02-15T18:41:47","date_gmt":"2016-02-15T17:41:47","guid":{"rendered":"https:\/\/krets.jagareforbundet.se\/tjorn\/event\/"},"modified":"2016-02-18T21:19:12","modified_gmt":"2016-02-18T20:19:12","slug":"event","status":"publish","type":"page","link":"https:\/\/krets.jagareforbundet.se\/tjorn\/event\/","title":{"rendered":"Event"},"content":{"rendered":"<p>Det \u00e4r en j\u00e4garexamen kurs p\u00e5 g\u00e5ng nu i v\u00e5r h\u00e4r p\u00e5 Tj\u00f6rn, men f\u00f6r att den ska dra ig\u00e5ng m\u00e5ste det vara minst 7 anm\u00e4lda. I dagsl\u00e4get \u00e4r 3 st anm\u00e4lda.<\/p>\n<p>Vet ni n\u00e5gon\/n\u00e5gra som skulle vara intresserade av att ta examen s\u00e5 meddela dessa personer snarast att anm\u00e4la sig!<span class=\"text_exposed_hide\">&#8230;<\/span><span class=\"text_exposed_show\"><br \/>\n<\/span><\/p>\n<p><span class=\"text_exposed_show\">Anm\u00e4lan g\u00f6rs via Studiefr\u00e4mjandet!<\/span><\/p>\n<p>&nbsp;<\/p>\n","protected":false},"excerpt":{"rendered":"<p>CONTENTS<\/p>\n","protected":false},"author":3,"featured_media":0,"parent":0,"menu_order":0,"comment_status":"open","ping_status":"open","template":"","meta":{"jetpack_post_was_ever_published":false,"footnotes":""},"class_list":["post-118","page","type-page","status-publish","hentry"],"_links":{"self":[{"href":"https:\/\/krets.jagareforbundet.se\/tjorn\/wp-json\/wp\/v2\/pages\/118","targetHints":{"allow":["GET"]}}],"collection":[{"href":"https:\/\/krets.jagareforbundet.se\/tjorn\/wp-json\/wp\/v2\/pages"}],"about":[{"href":"https:\/\/krets.jagareforbundet.se\/tjorn\/wp-json\/wp\/v2\/types\/page"}],"author":[{"embeddable":true,"href":"https:\/\/krets.jagareforbundet.se\/tjorn\/wp-json\/wp\/v2\/users\/3"}],"replies":[{"embeddable":true,"href":"https:\/\/krets.jagareforbundet.se\/tjorn\/wp-json\/wp\/v2\/comments?post=118"}],"version-history":[{"count":1,"href":"https:\/\/krets.jagareforbundet.se\/tjorn\/wp-json\/wp\/v2\/pages\/118\/revisions"}],"predecessor-version":[{"id":150,"href":"https:\/\/krets.jagareforbundet.se\/tjorn\/wp-json\/wp\/v2\/pages\/118\/revisions\/150"}],"wp:attachment":[{"href":"https:\/\/krets.jagareforbundet.se\/tjorn\/wp-json\/wp\/v2\/media?parent=118"}],"curies":[{"name":"wp","href":"https:\/\/api.w.org\/{rel}","templated":true}]}}